{"id":9264,"date":"2022-10-20T19:23:09","date_gmt":"2022-10-20T17:23:09","guid":{"rendered":"https:\/\/sistercoachmaguy.com\/?post_type=product&#038;p=9264"},"modified":"2023-07-12T21:33:21","modified_gmt":"2023-07-12T19:33:21","slug":"huile-precieuse-sublime","status":"publish","type":"product","link":"https:\/\/detybel.fr\/TransformYourLife\/produit\/huile-precieuse-sublime\/","title":{"rendered":"Huile Pr\u00e9cieuse Sublime"},"content":{"rendered":"<p><strong>Cette HUILE PR\u00c9CIEUSE SUBLIME, v\u00e9ritable soin de beaut\u00e9 \u00e0 utiliser au quotidien, est formul\u00e9e avec des huiles v\u00e9g\u00e9tales BIO de Rosier muscat, Noyau d\u2019abricot et Bourrache associ\u00e9es aux huiles essentielles BIO de Petitgrain, Patchouli et V\u00e9tiver qui lui procurent un parfum envoutant.<\/strong><\/p>\n<p>Ingr\u00e9dients : Caprylic\/Capric Triglyceride, Dicaprylyl Carbonate, Helianthus Annuus Seed Oil*, Rosa Rubiginosa Seed Oil*, Prunus Armeniaca Kernel Oil*, Citrus Aurantium Amara Leaf\/Twig Oil*, Borago Officinalis Seed Oil*, Pogostemon Cablin Leaf Oil*, Vetiveria Zizanoides Root Oil*, Glycine Soja Oil, Tocopherol, Citral, Geraniol, Limonene, Linalool. *Ingr\u00e9dients issus de l\u2019agriculture biologique. 98,56% des ingr\u00e9dients sont d\u2019origine naturelle. 20,99% du total des ingr\u00e9dients sont issus de l\u2019agriculture biologique.<\/p>\n<p>Conseils d\u2019utilisation : Appliquer l\u2019huile pr\u00e9cieuse sur le visage et le corps en massages circulaires. Elle peut \u00eatre \u00e9galement utilis\u00e9e sur les cheveux secs ou humides, en application sur les longueurs et les pointes. L&rsquo;huile peut-\u00eatre utilis\u00e9e par les hommes pour leur barbe.<\/p>\n<p>Pr\u00e9cautions d\u2019emploi : Tenir hors de port\u00e9e des enfants. D\u00e9conseill\u00e9 aux enfants de moins de 7 ans et aux femmes enceintes et allaitantes. \u00c9viter le contact avec les yeux.<\/p>\n","protected":false},"excerpt":{"rendered":"<p>Cette HUILE PR\u00c9CIEUSE SUBLIME, v\u00e9ritable soin de beaut\u00e9 \u00e0 utiliser au quotidien, est formul\u00e9e avec des huiles v\u00e9g\u00e9tales BIO de Rosier muscat, Noyau d\u2019abricot et Bourrache associ\u00e9es aux huiles essentielles BIO de Petitgrain, Patchouli et V\u00e9tiver qui lui procurent un parfum envoutant. Ingr\u00e9dients : Caprylic\/Capric Triglyceride, Dicaprylyl Carbonate, Helianthus Annuus Seed Oil*, Rosa Rubiginosa Seed [&hellip;]<\/p>\n","protected":false},"featured_media":10689,"comment_status":"open","ping_status":"closed","template":"","meta":{"_et_pb_use_builder":"","_et_pb_old_content":"","_et_gb_content_width":"","pmpro_default_level":0},"product_brand":[],"product_cat":[125,109],"product_tag":[],"class_list":{"0":"post-9264","1":"product","2":"type-product","3":"status-publish","4":"has-post-thumbnail","6":"product_cat-bien-etre","7":"product_cat-cosmetiques","8":"pmpro-has-access","10":"first","11":"instock","12":"sale","13":"featured","14":"purchasable","15":"product-type-simple"},"_links":{"self":[{"href":"https:\/\/detybel.fr\/TransformYourLife\/wp-json\/wp\/v2\/product\/9264","targetHints":{"allow":["GET"]}}],"collection":[{"href":"https:\/\/detybel.fr\/TransformYourLife\/wp-json\/wp\/v2\/product"}],"about":[{"href":"https:\/\/detybel.fr\/TransformYourLife\/wp-json\/wp\/v2\/types\/product"}],"replies":[{"embeddable":true,"href":"https:\/\/detybel.fr\/TransformYourLife\/wp-json\/wp\/v2\/comments?post=9264"}],"wp:featuredmedia":[{"embeddable":true,"href":"https:\/\/detybel.fr\/TransformYourLife\/wp-json\/wp\/v2\/media\/10689"}],"wp:attachment":[{"href":"https:\/\/detybel.fr\/TransformYourLife\/wp-json\/wp\/v2\/media?parent=9264"}],"wp:term":[{"taxonomy":"product_brand","embeddable":true,"href":"https:\/\/detybel.fr\/TransformYourLife\/wp-json\/wp\/v2\/product_brand?post=9264"},{"taxonomy":"product_cat","embeddable":true,"href":"https:\/\/detybel.fr\/TransformYourLife\/wp-json\/wp\/v2\/product_cat?post=9264"},{"taxonomy":"product_tag","embeddable":true,"href":"https:\/\/detybel.fr\/TransformYourLife\/wp-json\/wp\/v2\/product_tag?post=9264"}],"curies":[{"name":"wp","href":"https:\/\/api.w.org\/{rel}","templated":true}]}}