{"id":8011,"date":"2022-04-11T19:11:39","date_gmt":"2022-04-11T17:11:39","guid":{"rendered":"https:\/\/sistercoachmaguy.com\/?post_type=product&#038;p=8011"},"modified":"2022-04-11T19:11:40","modified_gmt":"2022-04-11T17:11:40","slug":"carnet-de-notes-pour-relaxation","status":"publish","type":"product","link":"https:\/\/detybel.fr\/TransformYourLife\/produit\/carnet-de-notes-pour-relaxation\/","title":{"rendered":"CARNET DE NOTES POUR RELAXATION"},"content":{"rendered":"<p>Carnet de note pour relaxation La Musique douce pour s&rsquo;endormir, pens\u00e9es positive Relaxation pour se ressourcer. Gestion du Stress Vide dans la t\u00eate avec la pri\u00e8re et la parole Transformatrice. D\u00e9veloppement personnel. La nature.<\/p>\n<p>AUTEURE : Maguy Afi Tsopedor est une femme entrepreneuse : cr\u00e9atrice de la d\u00e9couverte de soi changeons notre vie, cette jeune femme dynamique est dipl\u00f4m\u00e9e dans les domaines d\u2019assistance de vie aux familles et de coaching dans le d\u00e9veloppement personnel et le leadership. Forte d\u2019une exp\u00e9rience significative professionnellement et spirituellement, port\u00e9s par sa foi en l\u2019amour de l\u2019autre, elle se porte aujourd\u2019hui en missionnaire, avec une volont\u00e9 affirm\u00e9e de redonner \u00e0 chacun motivation, joie de vivre et confiance en soi en l\u2019accompagnant sur la voie de l\u2019\u00e9panouissement.<\/p>\n","protected":false},"excerpt":{"rendered":"<p>Carnet de note pour relaxation La Musique douce pour s&rsquo;endormir, pens\u00e9es positive Relaxation pour se ressourcer. Gestion du Stress Vide dans la t\u00eate avec la pri\u00e8re et la parole Transformatrice. D\u00e9veloppement personnel. La nature. AUTEURE : Maguy Afi Tsopedor est une femme entrepreneuse : cr\u00e9atrice de la d\u00e9couverte de soi changeons notre vie, cette jeune [&hellip;]<\/p>\n","protected":false},"featured_media":8012,"comment_status":"open","ping_status":"closed","template":"","meta":{"_et_pb_use_builder":"","_et_pb_old_content":"","_et_gb_content_width":"","pmpro_default_level":0},"product_brand":[],"product_cat":[82],"product_tag":[],"class_list":{"0":"post-8011","1":"product","2":"type-product","3":"status-publish","4":"has-post-thumbnail","6":"product_cat-carnet-de-note","7":"pmpro-has-access","9":"first","10":"instock","11":"taxable","12":"shipping-taxable","13":"product-type-external"},"_links":{"self":[{"href":"https:\/\/detybel.fr\/TransformYourLife\/wp-json\/wp\/v2\/product\/8011","targetHints":{"allow":["GET"]}}],"collection":[{"href":"https:\/\/detybel.fr\/TransformYourLife\/wp-json\/wp\/v2\/product"}],"about":[{"href":"https:\/\/detybel.fr\/TransformYourLife\/wp-json\/wp\/v2\/types\/product"}],"replies":[{"embeddable":true,"href":"https:\/\/detybel.fr\/TransformYourLife\/wp-json\/wp\/v2\/comments?post=8011"}],"wp:featuredmedia":[{"embeddable":true,"href":"https:\/\/detybel.fr\/TransformYourLife\/wp-json\/wp\/v2\/media\/8012"}],"wp:attachment":[{"href":"https:\/\/detybel.fr\/TransformYourLife\/wp-json\/wp\/v2\/media?parent=8011"}],"wp:term":[{"taxonomy":"product_brand","embeddable":true,"href":"https:\/\/detybel.fr\/TransformYourLife\/wp-json\/wp\/v2\/product_brand?post=8011"},{"taxonomy":"product_cat","embeddable":true,"href":"https:\/\/detybel.fr\/TransformYourLife\/wp-json\/wp\/v2\/product_cat?post=8011"},{"taxonomy":"product_tag","embeddable":true,"href":"https:\/\/detybel.fr\/TransformYourLife\/wp-json\/wp\/v2\/product_tag?post=8011"}],"curies":[{"name":"wp","href":"https:\/\/api.w.org\/{rel}","templated":true}]}}