{"id":8007,"date":"2022-04-11T19:03:32","date_gmt":"2022-04-11T17:03:32","guid":{"rendered":"https:\/\/sistercoachmaguy.com\/?post_type=product&#038;p=8007"},"modified":"2022-04-11T19:03:47","modified_gmt":"2022-04-11T17:03:47","slug":"mon-journal-de-tricot","status":"publish","type":"product","link":"https:\/\/detybel.fr\/TransformYourLife\/produit\/mon-journal-de-tricot\/","title":{"rendered":"MON JOURNAL DE TRICOT"},"content":{"rendered":"<p><span class=\"a-text-bold\">Journal de bord pour vos cr\u00e9ations en tricot.<\/span><\/p>\n<p>Vous cherchez un carnet pour suivre vos projets de crochet et tricot ? Vous souhaitez garder une trace de vos cr\u00e9ations ? Ce carnet de tricot est fait pour vous !<\/p>\n<p>Il est compos\u00e9 de 100 pages pour noter les caract\u00e9ristiques de vos projets. Pour chacune de vos cr\u00e9ations deux pages \u00e0 compl\u00e9ter seront disponibles.<\/p>\n<p><span class=\"a-text-bold a-text-italic\">Caract\u00e9ristiques :<\/span><\/p>\n<ul class=\"a-unordered-list a-vertical\">\n<li><span class=\"a-list-item\">1 page de pr\u00e9sentation.<\/span><\/li>\n<li><span class=\"a-list-item\">100 pages pour 50 projets.<\/span><\/li>\n<li><span class=\"a-list-item\">Format 7*10 po.<\/span><\/li>\n<li><span class=\"a-list-item\">Couverture brillante 220g\/m2.<\/span><\/li>\n<li><span class=\"a-list-item\">Int\u00e9rieur noir et blanc 90g\/m2.<\/span><\/li>\n<\/ul>\n<p>&nbsp;<\/p>\n<p><span class=\"a-text-bold\">Ce carnet est parfait pour les amoureux de tricot C\u2019est un cadeau original pour no\u00ebl un anniversaire ou tout simplement faire plaisir.<\/span><\/p>\n","protected":false},"excerpt":{"rendered":"<p>Journal de bord pour vos cr\u00e9ations en tricot. Vous cherchez un carnet pour suivre vos projets de crochet et tricot ? Vous souhaitez garder une trace de vos cr\u00e9ations ? Ce carnet de tricot est fait pour vous ! Il est compos\u00e9 de 100 pages pour noter les caract\u00e9ristiques de vos projets. Pour chacune de [&hellip;]<\/p>\n","protected":false},"featured_media":8008,"comment_status":"open","ping_status":"closed","template":"","meta":{"_et_pb_use_builder":"","_et_pb_old_content":"","_et_gb_content_width":"","pmpro_default_level":0},"product_brand":[],"product_cat":[82,81],"product_tag":[],"class_list":{"0":"post-8007","1":"product","2":"type-product","3":"status-publish","4":"has-post-thumbnail","6":"product_cat-carnet-de-note","7":"product_cat-journal","8":"pmpro-has-access","10":"first","11":"instock","12":"taxable","13":"shipping-taxable","14":"product-type-external"},"_links":{"self":[{"href":"https:\/\/detybel.fr\/TransformYourLife\/wp-json\/wp\/v2\/product\/8007","targetHints":{"allow":["GET"]}}],"collection":[{"href":"https:\/\/detybel.fr\/TransformYourLife\/wp-json\/wp\/v2\/product"}],"about":[{"href":"https:\/\/detybel.fr\/TransformYourLife\/wp-json\/wp\/v2\/types\/product"}],"replies":[{"embeddable":true,"href":"https:\/\/detybel.fr\/TransformYourLife\/wp-json\/wp\/v2\/comments?post=8007"}],"wp:featuredmedia":[{"embeddable":true,"href":"https:\/\/detybel.fr\/TransformYourLife\/wp-json\/wp\/v2\/media\/8008"}],"wp:attachment":[{"href":"https:\/\/detybel.fr\/TransformYourLife\/wp-json\/wp\/v2\/media?parent=8007"}],"wp:term":[{"taxonomy":"product_brand","embeddable":true,"href":"https:\/\/detybel.fr\/TransformYourLife\/wp-json\/wp\/v2\/product_brand?post=8007"},{"taxonomy":"product_cat","embeddable":true,"href":"https:\/\/detybel.fr\/TransformYourLife\/wp-json\/wp\/v2\/product_cat?post=8007"},{"taxonomy":"product_tag","embeddable":true,"href":"https:\/\/detybel.fr\/TransformYourLife\/wp-json\/wp\/v2\/product_tag?post=8007"}],"curies":[{"name":"wp","href":"https:\/\/api.w.org\/{rel}","templated":true}]}}