{"id":7988,"date":"2022-04-11T18:29:41","date_gmt":"2022-04-11T16:29:41","guid":{"rendered":"https:\/\/sistercoachmaguy.com\/?post_type=product&#038;p=7988"},"modified":"2022-04-11T18:29:41","modified_gmt":"2022-04-11T16:29:41","slug":"carnet-a-completer-sur-la-vie-de-votre-grand-pere","status":"publish","type":"product","link":"https:\/\/detybel.fr\/TransformYourLife\/produit\/carnet-a-completer-sur-la-vie-de-votre-grand-pere\/","title":{"rendered":"Carnet \u00e0 compl\u00e9ter sur la vie de votre Grand P\u00e8re"},"content":{"rendered":"<p><span class=\"a-text-bold\">\u2b50\u2b50 PAPY RACONTE MOI \u2b50\u2b50<\/span><\/p>\n<p>Vous cherchez un cadeau original pour la f\u00eate des grands-p\u00e8res ? Un carnet pour que papy raconte son histoire et sa vie ? Alors ce carnet est fait pour vous !<\/p>\n<p>Il est compos\u00e9 de 71 pages \u00e0 compl\u00e9ter avec l\u2019aide de questions guid\u00e9es. Vous pourrez \u00e9galement coller des photos pour montrer vos plus beaux souvenirs !<\/p>\n<p><span class=\"a-text-bold a-text-italic\">Descriptif :<\/span><\/p>\n<p>\u2611 Une page de pr\u00e9sentation.<\/p>\n<p>\u2611 Deux pages d\u2019explications.<\/p>\n<p>\u2611 Deux pages pour l\u2019arbre g\u00e9n\u00e9alogique.<\/p>\n<p>\u2611 30 pages de questions guid\u00e9es.<\/p>\n<p>\u2611 25 pages pour coller vos photos.<\/p>\n<p>\u2611 8 pages de notes.<\/p>\n<p><span class=\"a-text-bold a-text-italic\">Caract\u00e9ristiques :<\/span><\/p>\n<p>\u2611 Papier blanc de haute qualit\u00e9.<\/p>\n<p>\u2611 Format 18*25 cm pour \u00eatre transport\u00e9 facilement.<\/p>\n<p>\u2611 Couverture brillante pour un rendu beau et durable.<\/p>\n<p>\u2611 Album imprim\u00e9 \u00e0 la demande, nous sommes une petite maison d\u2019\u00e9dition soucieuse de son l\u2019environnement.<\/p>\n<p><span class=\"a-text-bold\">C\u2019est le cahier \u00e0 avoir pour la f\u00eate des grands-p\u00e8res !<\/span><\/p>\n<p><span class=\"a-text-bold\">\u2b50 Cliquez sur ACHETER CET ARTICLE pour obtenir votre carnet d\u00e8s aujourd\u2019hui.\u2b50<\/span><\/p>\n","protected":false},"excerpt":{"rendered":"<p>\u2b50\u2b50 PAPY RACONTE MOI \u2b50\u2b50 Vous cherchez un cadeau original pour la f\u00eate des grands-p\u00e8res ? Un carnet pour que papy raconte son histoire et sa vie ? Alors ce carnet est fait pour vous ! Il est compos\u00e9 de 71 pages \u00e0 compl\u00e9ter avec l\u2019aide de questions guid\u00e9es. Vous pourrez \u00e9galement coller des photos [&hellip;]<\/p>\n","protected":false},"featured_media":7992,"comment_status":"open","ping_status":"closed","template":"","meta":{"_et_pb_use_builder":"","_et_pb_old_content":"","_et_gb_content_width":"","pmpro_default_level":0},"product_brand":[],"product_cat":[82],"product_tag":[],"class_list":{"0":"post-7988","1":"product","2":"type-product","3":"status-publish","4":"has-post-thumbnail","6":"product_cat-carnet-de-note","7":"pmpro-has-access","9":"first","10":"instock","11":"taxable","12":"shipping-taxable","13":"product-type-external"},"_links":{"self":[{"href":"https:\/\/detybel.fr\/TransformYourLife\/wp-json\/wp\/v2\/product\/7988","targetHints":{"allow":["GET"]}}],"collection":[{"href":"https:\/\/detybel.fr\/TransformYourLife\/wp-json\/wp\/v2\/product"}],"about":[{"href":"https:\/\/detybel.fr\/TransformYourLife\/wp-json\/wp\/v2\/types\/product"}],"replies":[{"embeddable":true,"href":"https:\/\/detybel.fr\/TransformYourLife\/wp-json\/wp\/v2\/comments?post=7988"}],"wp:featuredmedia":[{"embeddable":true,"href":"https:\/\/detybel.fr\/TransformYourLife\/wp-json\/wp\/v2\/media\/7992"}],"wp:attachment":[{"href":"https:\/\/detybel.fr\/TransformYourLife\/wp-json\/wp\/v2\/media?parent=7988"}],"wp:term":[{"taxonomy":"product_brand","embeddable":true,"href":"https:\/\/detybel.fr\/TransformYourLife\/wp-json\/wp\/v2\/product_brand?post=7988"},{"taxonomy":"product_cat","embeddable":true,"href":"https:\/\/detybel.fr\/TransformYourLife\/wp-json\/wp\/v2\/product_cat?post=7988"},{"taxonomy":"product_tag","embeddable":true,"href":"https:\/\/detybel.fr\/TransformYourLife\/wp-json\/wp\/v2\/product_tag?post=7988"}],"curies":[{"name":"wp","href":"https:\/\/api.w.org\/{rel}","templated":true}]}}