{"id":7984,"date":"2022-04-11T18:23:59","date_gmt":"2022-04-11T16:23:59","guid":{"rendered":"https:\/\/sistercoachmaguy.com\/?post_type=product&#038;p=7984"},"modified":"2022-04-11T18:23:59","modified_gmt":"2022-04-11T16:23:59","slug":"journal-de-degustation-de-vin","status":"publish","type":"product","link":"https:\/\/detybel.fr\/TransformYourLife\/produit\/journal-de-degustation-de-vin\/","title":{"rendered":"Journal de d\u00e9gustation de vin"},"content":{"rendered":"<p><span class=\"a-text-bold\">\u2b50\u2b50CARNET DE DEGUSTATION DE VIN \u2b50\u2b50<\/span><\/p>\n<p>Vous cherchez un carnet pour noter et comparer vos d\u00e9gustations de vins ? Ce journal de d\u00e9gustation est fait pour vous !<\/p>\n<p><span class=\"a-text-bold a-text-italic\">Descriptif :<\/span><\/p>\n<p>\u2611Une page de pr\u00e9sentation.<\/p>\n<p>\u261155 fiches d\u00e9taill\u00e9es pour d\u00e9crire vos d\u00e9gustations.<\/p>\n<p><span class=\"a-text-bold a-text-italic\">Caract\u00e9ristiques :<\/span><\/p>\n<p>\u2611Couverture mat 220g\/m2.<\/p>\n<p>\u2611Int\u00e9rieur noir et blanc 90g\/m2.<\/p>\n<p><span class=\"a-text-bold\">\u2b50 Cliquez sur ACHETER CET ARTICLE pour obtenir votre carnet d\u00e8s aujourd\u2019hui. \u2b50<\/span><\/p>\n","protected":false},"excerpt":{"rendered":"<p>\u2b50\u2b50CARNET DE DEGUSTATION DE VIN \u2b50\u2b50 Vous cherchez un carnet pour noter et comparer vos d\u00e9gustations de vins ? Ce journal de d\u00e9gustation est fait pour vous ! Descriptif : \u2611Une page de pr\u00e9sentation. \u261155 fiches d\u00e9taill\u00e9es pour d\u00e9crire vos d\u00e9gustations. Caract\u00e9ristiques : \u2611Couverture mat 220g\/m2. \u2611Int\u00e9rieur noir et blanc 90g\/m2. \u2b50 Cliquez sur ACHETER [&hellip;]<\/p>\n","protected":false},"featured_media":7987,"comment_status":"open","ping_status":"closed","template":"","meta":{"_et_pb_use_builder":"","_et_pb_old_content":"","_et_gb_content_width":"","pmpro_default_level":0},"product_brand":[],"product_cat":[81],"product_tag":[],"class_list":{"0":"post-7984","1":"product","2":"type-product","3":"status-publish","4":"has-post-thumbnail","6":"product_cat-journal","7":"pmpro-has-access","9":"first","10":"instock","11":"taxable","12":"shipping-taxable","13":"product-type-external"},"_links":{"self":[{"href":"https:\/\/detybel.fr\/TransformYourLife\/wp-json\/wp\/v2\/product\/7984","targetHints":{"allow":["GET"]}}],"collection":[{"href":"https:\/\/detybel.fr\/TransformYourLife\/wp-json\/wp\/v2\/product"}],"about":[{"href":"https:\/\/detybel.fr\/TransformYourLife\/wp-json\/wp\/v2\/types\/product"}],"replies":[{"embeddable":true,"href":"https:\/\/detybel.fr\/TransformYourLife\/wp-json\/wp\/v2\/comments?post=7984"}],"wp:featuredmedia":[{"embeddable":true,"href":"https:\/\/detybel.fr\/TransformYourLife\/wp-json\/wp\/v2\/media\/7987"}],"wp:attachment":[{"href":"https:\/\/detybel.fr\/TransformYourLife\/wp-json\/wp\/v2\/media?parent=7984"}],"wp:term":[{"taxonomy":"product_brand","embeddable":true,"href":"https:\/\/detybel.fr\/TransformYourLife\/wp-json\/wp\/v2\/product_brand?post=7984"},{"taxonomy":"product_cat","embeddable":true,"href":"https:\/\/detybel.fr\/TransformYourLife\/wp-json\/wp\/v2\/product_cat?post=7984"},{"taxonomy":"product_tag","embeddable":true,"href":"https:\/\/detybel.fr\/TransformYourLife\/wp-json\/wp\/v2\/product_tag?post=7984"}],"curies":[{"name":"wp","href":"https:\/\/api.w.org\/{rel}","templated":true}]}}