{"id":7967,"date":"2022-04-11T17:57:03","date_gmt":"2022-04-11T15:57:03","guid":{"rendered":"https:\/\/sistercoachmaguy.com\/?post_type=product&#038;p=7967"},"modified":"2022-04-11T17:58:13","modified_gmt":"2022-04-11T15:58:13","slug":"livre-dactivite-pour-la-motivation","status":"publish","type":"product","link":"https:\/\/detybel.fr\/TransformYourLife\/produit\/livre-dactivite-pour-la-motivation\/","title":{"rendered":"LIVRE D&rsquo;activit\u00e9 pour la Motivation"},"content":{"rendered":"<p>Cahier d&rsquo;activit\u00e9s cr\u00e9ative pour Adultes, jeux, mot m\u00eal\u00e9s pour pens\u00e9es positive et d\u00e9veloppement personnel.<\/p>\n<p>R\u00e9flexion, puzzle, Quiz, sudoku, mots crois\u00e9s.<\/p>\n<p>Si vous avez envie de vous d\u00e9couvrir, ces jeux sont des activit\u00e9s parfaites pour votre d\u00e9veloppement personnel.<\/p>\n<p>C&rsquo;est un temps de concentration pour r\u00e9veiller sa m\u00e9moire, c&rsquo;est un cahier d&rsquo;activit\u00e9s, un moment de pose dans votre travail ou pendant vos vacances. Tr\u00e8s bon pour la culture g\u00e9n\u00e9rale, vous pouvez offrir ce cahier comme cadeau pour motiver ou encourager quelqu&rsquo;un.<\/p>\n<p>Ce jeux vous permettra d&rsquo;avoir confiance en vous, et \u00e0 gagner en estime de soi.<\/p>\n<p>Une belle activit\u00e9 pour se d\u00e9couvrir soi m\u00eame !<\/p>\n<p>Ce livre a le format id\u00e9al pour \u00eatre transport\u00e9 partout dans un sac, ou dans la valise.<\/p>\n","protected":false},"excerpt":{"rendered":"<p>Cahier d&rsquo;activit\u00e9s cr\u00e9ative pour Adultes, jeux, mot m\u00eal\u00e9s pour pens\u00e9es positive et d\u00e9veloppement personnel. R\u00e9flexion, puzzle, Quiz, sudoku, mots crois\u00e9s. Si vous avez envie de vous d\u00e9couvrir, ces jeux sont des activit\u00e9s parfaites pour votre d\u00e9veloppement personnel. C&rsquo;est un temps de concentration pour r\u00e9veiller sa m\u00e9moire, c&rsquo;est un cahier d&rsquo;activit\u00e9s, un moment de pose dans [&hellip;]<\/p>\n","protected":false},"featured_media":7971,"comment_status":"open","ping_status":"closed","template":"","meta":{"_et_pb_use_builder":"","_et_pb_old_content":"","_et_gb_content_width":"","pmpro_default_level":0},"product_brand":[],"product_cat":[79],"product_tag":[],"class_list":{"0":"post-7967","1":"product","2":"type-product","3":"status-publish","4":"has-post-thumbnail","6":"product_cat-livre","7":"pmpro-has-access","9":"first","10":"instock","11":"taxable","12":"shipping-taxable","13":"product-type-external"},"_links":{"self":[{"href":"https:\/\/detybel.fr\/TransformYourLife\/wp-json\/wp\/v2\/product\/7967","targetHints":{"allow":["GET"]}}],"collection":[{"href":"https:\/\/detybel.fr\/TransformYourLife\/wp-json\/wp\/v2\/product"}],"about":[{"href":"https:\/\/detybel.fr\/TransformYourLife\/wp-json\/wp\/v2\/types\/product"}],"replies":[{"embeddable":true,"href":"https:\/\/detybel.fr\/TransformYourLife\/wp-json\/wp\/v2\/comments?post=7967"}],"wp:featuredmedia":[{"embeddable":true,"href":"https:\/\/detybel.fr\/TransformYourLife\/wp-json\/wp\/v2\/media\/7971"}],"wp:attachment":[{"href":"https:\/\/detybel.fr\/TransformYourLife\/wp-json\/wp\/v2\/media?parent=7967"}],"wp:term":[{"taxonomy":"product_brand","embeddable":true,"href":"https:\/\/detybel.fr\/TransformYourLife\/wp-json\/wp\/v2\/product_brand?post=7967"},{"taxonomy":"product_cat","embeddable":true,"href":"https:\/\/detybel.fr\/TransformYourLife\/wp-json\/wp\/v2\/product_cat?post=7967"},{"taxonomy":"product_tag","embeddable":true,"href":"https:\/\/detybel.fr\/TransformYourLife\/wp-json\/wp\/v2\/product_tag?post=7967"}],"curies":[{"name":"wp","href":"https:\/\/api.w.org\/{rel}","templated":true}]}}