{"id":7966,"date":"2022-04-11T17:37:08","date_gmt":"2022-04-11T15:37:08","guid":{"rendered":"https:\/\/sistercoachmaguy.com\/?post_type=product&#038;p=7966"},"modified":"2022-04-11T17:41:10","modified_gmt":"2022-04-11T15:41:10","slug":"7-idees-de-business-en-ligne-broche","status":"publish","type":"product","link":"https:\/\/detybel.fr\/TransformYourLife\/produit\/7-idees-de-business-en-ligne-broche\/","title":{"rendered":"7 Id\u00e9es de Business en Ligne"},"content":{"rendered":"<h4>7 Id\u00e9es de Business en Ligne Talent: Mes motivations ,inspirations e-book et carnet de notes<\/h4>\n<p>J&rsquo;ai reconnu qu&rsquo;il n&rsquo;y a de bonheur, pour eux qu&rsquo;\u00e0 se r\u00e9jouir et \u00e0 se donner du Bien-\u00eatre pendant leur vie.<br \/>\nMais que ,si un homme mange et boit et jouit du bien-\u00eatre au milieu de tout son travail, c&rsquo;est l\u00e0 un don de Dieu<\/p>\n<p>Vers la d\u00e9couverte de Soi, je fais de mon bonheur un objectif de vie .<br \/>\nFormation 7 id\u00e9es de business en ligne .<br \/>\nD\u00e9velopper le Don vers ta destin\u00e9e.<br \/>\n-Quand quelqu&rsquo;un mange, boit et profite des r\u00e9sultats de son travail<br \/>\n&#8211; C&rsquo;est un Don de Dieu<\/p>\n<p>Je suis aussi l\u2019auteure du livre\u00a0<i>Apr\u00e8s les \u00e9preuves et la temp\u00eate comment renaitre ? <\/i>Les \u00e9preuves de la vie sont des le\u00e7ons qui nous forgent. Mais Dieu nous donne la force de transformer nos \u00e9checs en r\u00e9ussite !<\/p>\n<p>Dans ce livre, je partage avec vous mon exp\u00e9rience. Je vous montre comment les surmonter et les transformer en opportunit\u00e9s en 7 \u00e9tapes.<\/p>\n<p>D\u00e9couvrez quelles ressources Dieu vous a offert pour surmonter vos peurs, pour accepter le changement dans votre vie et vous aider \u00e0 sortir de votre zone de confort pour aller de l\u2019avant.<\/p>\n<p>Quand vous tombez, Dieu est toujours l\u00e0 pour vous aider \u00e0 vous relever. En tant que coach, je vous aide \u00e0 sortir grandie de vos \u00e9preuves et \u00e0 devenir enfin la personne pleinement \u00e9panouie que vous voulez \u00eatre.<\/p>\n<p>Comme dit le proverbe africain : \u00ab Apr\u00e8s la pluie, le beau temps ! \u00bb. Ma mission c\u2019est de vous aider \u00e0 traverser la pluie.<\/p>\n","protected":false},"excerpt":{"rendered":"<p>7 Id\u00e9es de Business en Ligne Talent: Mes motivations ,inspirations e-book et carnet de notes J&rsquo;ai reconnu qu&rsquo;il n&rsquo;y a de bonheur, pour eux qu&rsquo;\u00e0 se r\u00e9jouir et \u00e0 se donner du Bien-\u00eatre pendant leur vie. Mais que ,si un homme mange et boit et jouit du bien-\u00eatre au milieu de tout son travail, c&rsquo;est [&hellip;]<\/p>\n","protected":false},"featured_media":7754,"comment_status":"open","ping_status":"closed","template":"","meta":{"_et_pb_use_builder":"","_et_pb_old_content":"","_et_gb_content_width":"","pmpro_default_level":0},"product_brand":[],"product_cat":[79],"product_tag":[],"class_list":{"0":"post-7966","1":"product","2":"type-product","3":"status-publish","4":"has-post-thumbnail","6":"product_cat-livre","7":"pmpro-has-access","9":"first","10":"instock","11":"taxable","12":"shipping-taxable","13":"product-type-external"},"_links":{"self":[{"href":"https:\/\/detybel.fr\/TransformYourLife\/wp-json\/wp\/v2\/product\/7966","targetHints":{"allow":["GET"]}}],"collection":[{"href":"https:\/\/detybel.fr\/TransformYourLife\/wp-json\/wp\/v2\/product"}],"about":[{"href":"https:\/\/detybel.fr\/TransformYourLife\/wp-json\/wp\/v2\/types\/product"}],"replies":[{"embeddable":true,"href":"https:\/\/detybel.fr\/TransformYourLife\/wp-json\/wp\/v2\/comments?post=7966"}],"wp:featuredmedia":[{"embeddable":true,"href":"https:\/\/detybel.fr\/TransformYourLife\/wp-json\/wp\/v2\/media\/7754"}],"wp:attachment":[{"href":"https:\/\/detybel.fr\/TransformYourLife\/wp-json\/wp\/v2\/media?parent=7966"}],"wp:term":[{"taxonomy":"product_brand","embeddable":true,"href":"https:\/\/detybel.fr\/TransformYourLife\/wp-json\/wp\/v2\/product_brand?post=7966"},{"taxonomy":"product_cat","embeddable":true,"href":"https:\/\/detybel.fr\/TransformYourLife\/wp-json\/wp\/v2\/product_cat?post=7966"},{"taxonomy":"product_tag","embeddable":true,"href":"https:\/\/detybel.fr\/TransformYourLife\/wp-json\/wp\/v2\/product_tag?post=7966"}],"curies":[{"name":"wp","href":"https:\/\/api.w.org\/{rel}","templated":true}]}}