{"id":7960,"date":"2022-04-11T17:23:20","date_gmt":"2022-04-11T15:23:20","guid":{"rendered":"https:\/\/sistercoachmaguy.com\/?post_type=product&#038;p=7960"},"modified":"2022-04-11T17:23:20","modified_gmt":"2022-04-11T15:23:20","slug":"mon-carnet-de-lecture","status":"publish","type":"product","link":"https:\/\/detybel.fr\/TransformYourLife\/produit\/mon-carnet-de-lecture\/","title":{"rendered":"Mon carnet de lecture"},"content":{"rendered":"<p><span class=\"a-text-bold\">\u2b50\u2b50 CARNET DE LECTURE \u2b50\u2b50<\/span><\/p>\n<p><span class=\"a-text-bold\">Vous cherchez un carnet pour noter le r\u00e9sum\u00e9 de vos livres ? Un cahier pour travailler sur les textes du Bac ?<\/span>Alors ce carnet compos\u00e9 de 103 fiches est fait pour vous !<\/p>\n<p>Pour chaque livre 4 pages sont disponibles, vous pourrez noter des informations sur l\u2019auteur, les personnages, l\u2019ouvrage et bien-s\u00fbr le r\u00e9sum\u00e9.<\/p>\n<p><span class=\"a-text-bold a-text-italic\">Descriptif :<\/span><\/p>\n<p>\u2611 Une page de pr\u00e9sentation<\/p>\n<p>\u2611 Deux pages pour le sommaire et vos lectures<\/p>\n<p>\u2611 100 pages pour \u00e9tudier 25 livres ou textes !<\/p>\n<p><span class=\"a-text-bold a-text-italic\">Caract\u00e9ristiques :<\/span><\/p>\n<p>\u2611 Papier blanc de haute qualit\u00e9.<\/p>\n<p>\u2611 Format 18*25 cm, le bon format pour avoir suffisamment de place pour votre r\u00e9sum\u00e9 !<\/p>\n<p>\u2611 Couverture brillante pour un rendu beau et durable.<\/p>\n<p>\u2611 Album imprim\u00e9 \u00e0 la demande, nous sommes une petite maison d\u2019\u00e9dition soucieuse de son l\u2019environnement.<\/p>\n<p><span class=\"a-text-bold\">C\u2019est le carnet \u00e0 avoir si vous \u00eates un passionn\u00e9 de lecture ou si vous voulez r\u00e9viser pour votre Bac de Fran\u00e7ais !<\/span><\/p>\n<p><span class=\"a-text-bold\">\u2b50 Cliquez sur ACHETER CET ARTICLE pour obtenir votre carnet d\u00e8s aujourd\u2019hui.\u2b50<\/span><\/p>\n","protected":false},"excerpt":{"rendered":"<p>\u2b50\u2b50 CARNET DE LECTURE \u2b50\u2b50 Vous cherchez un carnet pour noter le r\u00e9sum\u00e9 de vos livres ? Un cahier pour travailler sur les textes du Bac ?Alors ce carnet compos\u00e9 de 103 fiches est fait pour vous ! Pour chaque livre 4 pages sont disponibles, vous pourrez noter des informations sur l\u2019auteur, les personnages, l\u2019ouvrage [&hellip;]<\/p>\n","protected":false},"featured_media":7963,"comment_status":"open","ping_status":"closed","template":"","meta":{"_et_pb_use_builder":"","_et_pb_old_content":"","_et_gb_content_width":"","pmpro_default_level":0},"product_brand":[],"product_cat":[82],"product_tag":[],"class_list":{"0":"post-7960","1":"product","2":"type-product","3":"status-publish","4":"has-post-thumbnail","6":"product_cat-carnet-de-note","7":"pmpro-has-access","9":"first","10":"instock","11":"taxable","12":"shipping-taxable","13":"product-type-external"},"_links":{"self":[{"href":"https:\/\/detybel.fr\/TransformYourLife\/wp-json\/wp\/v2\/product\/7960","targetHints":{"allow":["GET"]}}],"collection":[{"href":"https:\/\/detybel.fr\/TransformYourLife\/wp-json\/wp\/v2\/product"}],"about":[{"href":"https:\/\/detybel.fr\/TransformYourLife\/wp-json\/wp\/v2\/types\/product"}],"replies":[{"embeddable":true,"href":"https:\/\/detybel.fr\/TransformYourLife\/wp-json\/wp\/v2\/comments?post=7960"}],"wp:featuredmedia":[{"embeddable":true,"href":"https:\/\/detybel.fr\/TransformYourLife\/wp-json\/wp\/v2\/media\/7963"}],"wp:attachment":[{"href":"https:\/\/detybel.fr\/TransformYourLife\/wp-json\/wp\/v2\/media?parent=7960"}],"wp:term":[{"taxonomy":"product_brand","embeddable":true,"href":"https:\/\/detybel.fr\/TransformYourLife\/wp-json\/wp\/v2\/product_brand?post=7960"},{"taxonomy":"product_cat","embeddable":true,"href":"https:\/\/detybel.fr\/TransformYourLife\/wp-json\/wp\/v2\/product_cat?post=7960"},{"taxonomy":"product_tag","embeddable":true,"href":"https:\/\/detybel.fr\/TransformYourLife\/wp-json\/wp\/v2\/product_tag?post=7960"}],"curies":[{"name":"wp","href":"https:\/\/api.w.org\/{rel}","templated":true}]}}