{"id":7954,"date":"2022-04-11T17:16:36","date_gmt":"2022-04-11T15:16:36","guid":{"rendered":"https:\/\/sistercoachmaguy.com\/?post_type=product&#038;p=7954"},"modified":"2022-04-11T17:16:36","modified_gmt":"2022-04-11T15:16:36","slug":"carnet-de-notes-planificateur-de-menus","status":"publish","type":"product","link":"https:\/\/detybel.fr\/TransformYourLife\/produit\/carnet-de-notes-planificateur-de-menus\/","title":{"rendered":"CARNET DE NOTES PLANIFICATEUR DE MENUS"},"content":{"rendered":"<div class=\"a-expander-content a-expander-partial-collapse-content a-expander-content-expanded\" aria-expanded=\"true\">\n<p><span class=\"a-text-bold\">MON CARNET POUR PLANIFIER MES MENUS<\/span><\/p>\n<p>Vous cherchez un carnet pour lister vos courses ? Un cahier pour organiser votre menu ? Ce journal de bord est fait pour vous !<\/p>\n<p>Il est compos\u00e9 de 103 pages pour 50 jours de menus.<\/p>\n<p><span class=\"a-text-bold a-text-italic\">Caract\u00e9risques :<\/span><\/p>\n<ul class=\"a-unordered-list a-vertical\">\n<li><span class=\"a-list-item\">1 page de pr\u00e9sentation<\/span><\/li>\n<\/ul>\n<ul class=\"a-unordered-list a-vertical\">\n<li><span class=\"a-list-item\">50 pages pour votre liste de courses<\/span><\/li>\n<\/ul>\n<ul class=\"a-unordered-list a-vertical\">\n<li><span class=\"a-list-item\">50 pages pour planifier vos menus<\/span><\/li>\n<\/ul>\n<ul class=\"a-unordered-list a-vertical\">\n<li><span class=\"a-list-item\">Format 6*9<\/span><\/li>\n<\/ul>\n<ul class=\"a-unordered-list a-vertical\">\n<li><span class=\"a-list-item\">Couverture brillante 220g\/m2<\/span><\/li>\n<\/ul>\n<p><span class=\"a-text-bold\">Ce carnet est parfait pour organiser vos menus et manger sainement. C\u2019est un cadeau parfait pour Noel un anniversaire ou tout simplement vous faire plaisir.<\/span><\/p>\n<\/div>\n","protected":false},"excerpt":{"rendered":"<p>MON CARNET POUR PLANIFIER MES MENUS Vous cherchez un carnet pour lister vos courses ? Un cahier pour organiser votre menu ? Ce journal de bord est fait pour vous ! Il est compos\u00e9 de 103 pages pour 50 jours de menus. Caract\u00e9risques : 1 page de pr\u00e9sentation 50 pages pour votre liste de courses [&hellip;]<\/p>\n","protected":false},"featured_media":7957,"comment_status":"open","ping_status":"closed","template":"","meta":{"_et_pb_use_builder":"","_et_pb_old_content":"","_et_gb_content_width":"","pmpro_default_level":0},"product_brand":[],"product_cat":[82],"product_tag":[],"class_list":{"0":"post-7954","1":"product","2":"type-product","3":"status-publish","4":"has-post-thumbnail","6":"product_cat-carnet-de-note","7":"pmpro-has-access","9":"first","10":"instock","11":"taxable","12":"shipping-taxable","13":"product-type-external"},"_links":{"self":[{"href":"https:\/\/detybel.fr\/TransformYourLife\/wp-json\/wp\/v2\/product\/7954","targetHints":{"allow":["GET"]}}],"collection":[{"href":"https:\/\/detybel.fr\/TransformYourLife\/wp-json\/wp\/v2\/product"}],"about":[{"href":"https:\/\/detybel.fr\/TransformYourLife\/wp-json\/wp\/v2\/types\/product"}],"replies":[{"embeddable":true,"href":"https:\/\/detybel.fr\/TransformYourLife\/wp-json\/wp\/v2\/comments?post=7954"}],"wp:featuredmedia":[{"embeddable":true,"href":"https:\/\/detybel.fr\/TransformYourLife\/wp-json\/wp\/v2\/media\/7957"}],"wp:attachment":[{"href":"https:\/\/detybel.fr\/TransformYourLife\/wp-json\/wp\/v2\/media?parent=7954"}],"wp:term":[{"taxonomy":"product_brand","embeddable":true,"href":"https:\/\/detybel.fr\/TransformYourLife\/wp-json\/wp\/v2\/product_brand?post=7954"},{"taxonomy":"product_cat","embeddable":true,"href":"https:\/\/detybel.fr\/TransformYourLife\/wp-json\/wp\/v2\/product_cat?post=7954"},{"taxonomy":"product_tag","embeddable":true,"href":"https:\/\/detybel.fr\/TransformYourLife\/wp-json\/wp\/v2\/product_tag?post=7954"}],"curies":[{"name":"wp","href":"https:\/\/api.w.org\/{rel}","templated":true}]}}