{"id":7950,"date":"2022-04-11T17:09:17","date_gmt":"2022-04-11T15:09:17","guid":{"rendered":"https:\/\/sistercoachmaguy.com\/?post_type=product&#038;p=7950"},"modified":"2022-04-11T17:09:17","modified_gmt":"2022-04-11T15:09:17","slug":"carnet-de-chasse","status":"publish","type":"product","link":"https:\/\/detybel.fr\/TransformYourLife\/produit\/carnet-de-chasse\/","title":{"rendered":"CARNET DE CHASSE"},"content":{"rendered":"<p><span class=\"a-text-bold\">\u2b50\u2b50JOURNAL DE CHASSE<\/span><span class=\"a-text-bold\">\u2b50\u2b50<\/span><\/p>\n<p>Vous cherchez un carnet pour noter vos prises de chasse ? Vous souhaitez garder une trace de vos gibiers ? Ce carnet de chasse est fait pour vous !<\/p>\n<p>Il est compos\u00e9 de 101 pages pour noter les caract\u00e9ristiques de vos s\u00e9ances. Pour chacune de vos sorties deux pages \u00e0 compl\u00e9ter seront disponibles.<\/p>\n<p><span class=\"a-text-bold a-text-italic\">Descriptif :<\/span><\/p>\n<p>\u26111 page de pr\u00e9sentation.<\/p>\n<p>\u2611100 pages pour enregistrer 50 journ\u00e9es de chasse.<\/p>\n<p><span class=\"a-text-bold a-text-italic\">Caract\u00e9ristiques :<\/span><\/p>\n<p>\u2611Format 6*9 po.<\/p>\n<p>\u2611Couverture brillante 220g\/m2.<\/p>\n<p>\u2611Int\u00e9rieur noir et blanc 90g\/m2.<\/p>\n<p><span class=\"a-text-bold\">Ce carnet est parfait pour les chasseurs C\u2019est un cadeau original pour no\u00ebl un anniversaire ou tout simplement faire plaisir !<\/span><\/p>\n<p><span class=\"a-text-bold\">\u2b50 Cliquez sur ACHETER CET ARTICLE pour obtenir votre carnet d\u00e8s aujourd\u2019hui.\u2b50<\/span><\/p>\n","protected":false},"excerpt":{"rendered":"<p>\u2b50\u2b50JOURNAL DE CHASSE\u2b50\u2b50 Vous cherchez un carnet pour noter vos prises de chasse ? Vous souhaitez garder une trace de vos gibiers ? Ce carnet de chasse est fait pour vous ! Il est compos\u00e9 de 101 pages pour noter les caract\u00e9ristiques de vos s\u00e9ances. Pour chacune de vos sorties deux pages \u00e0 compl\u00e9ter seront [&hellip;]<\/p>\n","protected":false},"featured_media":7951,"comment_status":"open","ping_status":"closed","template":"","meta":{"_et_pb_use_builder":"","_et_pb_old_content":"","_et_gb_content_width":"","pmpro_default_level":0},"product_brand":[],"product_cat":[82],"product_tag":[],"class_list":{"0":"post-7950","1":"product","2":"type-product","3":"status-publish","4":"has-post-thumbnail","6":"product_cat-carnet-de-note","7":"pmpro-has-access","9":"first","10":"instock","11":"taxable","12":"shipping-taxable","13":"product-type-external"},"_links":{"self":[{"href":"https:\/\/detybel.fr\/TransformYourLife\/wp-json\/wp\/v2\/product\/7950","targetHints":{"allow":["GET"]}}],"collection":[{"href":"https:\/\/detybel.fr\/TransformYourLife\/wp-json\/wp\/v2\/product"}],"about":[{"href":"https:\/\/detybel.fr\/TransformYourLife\/wp-json\/wp\/v2\/types\/product"}],"replies":[{"embeddable":true,"href":"https:\/\/detybel.fr\/TransformYourLife\/wp-json\/wp\/v2\/comments?post=7950"}],"wp:featuredmedia":[{"embeddable":true,"href":"https:\/\/detybel.fr\/TransformYourLife\/wp-json\/wp\/v2\/media\/7951"}],"wp:attachment":[{"href":"https:\/\/detybel.fr\/TransformYourLife\/wp-json\/wp\/v2\/media?parent=7950"}],"wp:term":[{"taxonomy":"product_brand","embeddable":true,"href":"https:\/\/detybel.fr\/TransformYourLife\/wp-json\/wp\/v2\/product_brand?post=7950"},{"taxonomy":"product_cat","embeddable":true,"href":"https:\/\/detybel.fr\/TransformYourLife\/wp-json\/wp\/v2\/product_cat?post=7950"},{"taxonomy":"product_tag","embeddable":true,"href":"https:\/\/detybel.fr\/TransformYourLife\/wp-json\/wp\/v2\/product_tag?post=7950"}],"curies":[{"name":"wp","href":"https:\/\/api.w.org\/{rel}","templated":true}]}}