{"id":7946,"date":"2022-04-11T16:59:53","date_gmt":"2022-04-11T14:59:53","guid":{"rendered":"https:\/\/sistercoachmaguy.com\/?post_type=product&#038;p=7946"},"modified":"2022-04-11T16:59:53","modified_gmt":"2022-04-11T14:59:53","slug":"carnet-de-mots-meles-sport","status":"publish","type":"product","link":"https:\/\/detybel.fr\/TransformYourLife\/produit\/carnet-de-mots-meles-sport\/","title":{"rendered":"CARNET DE MOTS M\u00caL\u00c9S SPORT"},"content":{"rendered":"<p><span class=\"a-text-bold\">CARNET DE MOTS MELES SPORT<\/span><\/p>\n<p>Vous cherchez un carnet de mots m\u00eal\u00e9s original ? Vous \u00eates fan de sport ? Ce carnet de mots m\u00eal\u00e9s est fait pour vous !<\/p>\n<p><span class=\"a-text-bold a-text-italic\">Il est compos\u00e9 de :<\/span><\/p>\n<ul class=\"a-unordered-list a-vertical\">\n<li><span class=\"a-list-item\">Une page de pr\u00e9sentation.<\/span><\/li>\n<li><span class=\"a-list-item\">Une page pour les r\u00e8gles.<\/span><\/li>\n<li><span class=\"a-list-item\">30 pages de grilles de mots gros caract\u00e8res sur le sport.<\/span><\/li>\n<li><span class=\"a-list-item\">Couverture haute qualit\u00e9 220g\/m2.<\/span><\/li>\n<li><span class=\"a-list-item\">Int\u00e9rieur noir et blanc 90g\/m2.<\/span><\/li>\n<\/ul>\n<p><span class=\"a-text-bold\">Vous souhaitez faire un cadeau pour no\u00ebl ou un anniversaire ? Ce cahier de mots cach\u00e9s sp\u00e9cial sport sera \u00e0 coup s\u00fbr une r\u00e9ussite !<\/span><\/p>\n","protected":false},"excerpt":{"rendered":"<p>CARNET DE MOTS MELES SPORT Vous cherchez un carnet de mots m\u00eal\u00e9s original ? Vous \u00eates fan de sport ? Ce carnet de mots m\u00eal\u00e9s est fait pour vous ! Il est compos\u00e9 de : Une page de pr\u00e9sentation. Une page pour les r\u00e8gles. 30 pages de grilles de mots gros caract\u00e8res sur le sport. [&hellip;]<\/p>\n","protected":false},"featured_media":7949,"comment_status":"open","ping_status":"closed","template":"","meta":{"_et_pb_use_builder":"","_et_pb_old_content":"","_et_gb_content_width":"","pmpro_default_level":0},"product_brand":[],"product_cat":[82],"product_tag":[],"class_list":{"0":"post-7946","1":"product","2":"type-product","3":"status-publish","4":"has-post-thumbnail","6":"product_cat-carnet-de-note","7":"pmpro-has-access","9":"first","10":"instock","11":"taxable","12":"shipping-taxable","13":"product-type-external"},"_links":{"self":[{"href":"https:\/\/detybel.fr\/TransformYourLife\/wp-json\/wp\/v2\/product\/7946","targetHints":{"allow":["GET"]}}],"collection":[{"href":"https:\/\/detybel.fr\/TransformYourLife\/wp-json\/wp\/v2\/product"}],"about":[{"href":"https:\/\/detybel.fr\/TransformYourLife\/wp-json\/wp\/v2\/types\/product"}],"replies":[{"embeddable":true,"href":"https:\/\/detybel.fr\/TransformYourLife\/wp-json\/wp\/v2\/comments?post=7946"}],"wp:featuredmedia":[{"embeddable":true,"href":"https:\/\/detybel.fr\/TransformYourLife\/wp-json\/wp\/v2\/media\/7949"}],"wp:attachment":[{"href":"https:\/\/detybel.fr\/TransformYourLife\/wp-json\/wp\/v2\/media?parent=7946"}],"wp:term":[{"taxonomy":"product_brand","embeddable":true,"href":"https:\/\/detybel.fr\/TransformYourLife\/wp-json\/wp\/v2\/product_brand?post=7946"},{"taxonomy":"product_cat","embeddable":true,"href":"https:\/\/detybel.fr\/TransformYourLife\/wp-json\/wp\/v2\/product_cat?post=7946"},{"taxonomy":"product_tag","embeddable":true,"href":"https:\/\/detybel.fr\/TransformYourLife\/wp-json\/wp\/v2\/product_tag?post=7946"}],"curies":[{"name":"wp","href":"https:\/\/api.w.org\/{rel}","templated":true}]}}