{"id":7942,"date":"2022-04-11T16:45:30","date_gmt":"2022-04-11T14:45:30","guid":{"rendered":"https:\/\/sistercoachmaguy.com\/?post_type=product&#038;p=7942"},"modified":"2022-04-11T16:45:30","modified_gmt":"2022-04-11T14:45:30","slug":"carnet-de-notes-pour-la-priere","status":"publish","type":"product","link":"https:\/\/detybel.fr\/TransformYourLife\/produit\/carnet-de-notes-pour-la-priere\/","title":{"rendered":"CARNET DE NOTES POUR LA PRI\u00c8RE"},"content":{"rendered":"<p><span class=\"a-text-bold\">CARNET DE PRIERES POUR NOTER VOS PENSEES ET LES VERSETS BIBLIQUES<\/span><\/p>\n<p>Ce cahier est id\u00e9al pour \u00e9crire tes r\u00e9flexions et approfondir ta relation avec le Seigneur notre Dieu. Tu pourras noter tes pens\u00e9es et \u00e9tudier le livre sacr\u00e9.<\/p>\n<p>Ce carnet de pri\u00e8res est compos\u00e9 de :<\/p>\n<ul class=\"a-unordered-list a-vertical\">\n<li><span class=\"a-list-item\">Une page de pr\u00e9sentation<\/span><\/li>\n<\/ul>\n<ul class=\"a-unordered-list a-vertical\">\n<li><span class=\"a-list-item\">100 pages pour noter tes r\u00e9flexions pour chaque pri\u00e8re.<\/span><\/li>\n<\/ul>\n<ul class=\"a-unordered-list a-vertical\">\n<li><span class=\"a-list-item\">Papier blanc haute qualit\u00e9 90g\/m2.<\/span><\/li>\n<\/ul>\n<ul class=\"a-unordered-list a-vertical\">\n<li><span class=\"a-list-item\">Couverture souple 200g\/m2.<\/span><\/li>\n<\/ul>\n<p><span class=\"a-text-bold\">C\u2019est le cadeau parfait !<\/span><\/p>\n<p>AUTEURE.Maguy Afi Tsopedor est une femme entrepreneuse : cr\u00e9atrice de la d\u00e9couverte de Soi changeons notre vie, cette jeune femme dynamique est dipl\u00f4m\u00e9e dans les domaines d\u2019assistance de vie aux familles et de coaching dans le d\u00e9veloppement personnel et le leadership. Forte d\u2019une exp\u00e9rience significative professionnellement et spirituellement, port\u00e9s par sa foi en l\u2019amour de l\u2019autre, elle se porte aujourd\u2019hui en missionnaire, avec une volont\u00e9 affirm\u00e9e de redonner \u00e0 chacun motivation, joie de vivre et confiance en soi en l\u2019accompagnant sur la voie de l\u2019\u00e9panouissement.<\/p>\n","protected":false},"excerpt":{"rendered":"<p>CARNET DE PRIERES POUR NOTER VOS PENSEES ET LES VERSETS BIBLIQUES Ce cahier est id\u00e9al pour \u00e9crire tes r\u00e9flexions et approfondir ta relation avec le Seigneur notre Dieu. Tu pourras noter tes pens\u00e9es et \u00e9tudier le livre sacr\u00e9. Ce carnet de pri\u00e8res est compos\u00e9 de : Une page de pr\u00e9sentation 100 pages pour noter tes [&hellip;]<\/p>\n","protected":false},"featured_media":7945,"comment_status":"open","ping_status":"closed","template":"","meta":{"_et_pb_use_builder":"","_et_pb_old_content":"","_et_gb_content_width":"","pmpro_default_level":0},"product_brand":[],"product_cat":[82],"product_tag":[],"class_list":{"0":"post-7942","1":"product","2":"type-product","3":"status-publish","4":"has-post-thumbnail","6":"product_cat-carnet-de-note","7":"pmpro-has-access","9":"first","10":"instock","11":"taxable","12":"shipping-taxable","13":"product-type-external"},"_links":{"self":[{"href":"https:\/\/detybel.fr\/TransformYourLife\/wp-json\/wp\/v2\/product\/7942","targetHints":{"allow":["GET"]}}],"collection":[{"href":"https:\/\/detybel.fr\/TransformYourLife\/wp-json\/wp\/v2\/product"}],"about":[{"href":"https:\/\/detybel.fr\/TransformYourLife\/wp-json\/wp\/v2\/types\/product"}],"replies":[{"embeddable":true,"href":"https:\/\/detybel.fr\/TransformYourLife\/wp-json\/wp\/v2\/comments?post=7942"}],"wp:featuredmedia":[{"embeddable":true,"href":"https:\/\/detybel.fr\/TransformYourLife\/wp-json\/wp\/v2\/media\/7945"}],"wp:attachment":[{"href":"https:\/\/detybel.fr\/TransformYourLife\/wp-json\/wp\/v2\/media?parent=7942"}],"wp:term":[{"taxonomy":"product_brand","embeddable":true,"href":"https:\/\/detybel.fr\/TransformYourLife\/wp-json\/wp\/v2\/product_brand?post=7942"},{"taxonomy":"product_cat","embeddable":true,"href":"https:\/\/detybel.fr\/TransformYourLife\/wp-json\/wp\/v2\/product_cat?post=7942"},{"taxonomy":"product_tag","embeddable":true,"href":"https:\/\/detybel.fr\/TransformYourLife\/wp-json\/wp\/v2\/product_tag?post=7942"}],"curies":[{"name":"wp","href":"https:\/\/api.w.org\/{rel}","templated":true}]}}