{"id":7928,"date":"2022-04-11T16:08:41","date_gmt":"2022-04-11T14:08:41","guid":{"rendered":"https:\/\/sistercoachmaguy.com\/?post_type=product&#038;p=7928"},"modified":"2022-04-11T16:08:59","modified_gmt":"2022-04-11T14:08:59","slug":"agenda-journalier-2021-couleur-mauve","status":"publish","type":"product","link":"https:\/\/detybel.fr\/TransformYourLife\/produit\/agenda-journalier-2021-couleur-mauve\/","title":{"rendered":"AGENDA JOURNALIER 2021 COULEUR MAUVE"},"content":{"rendered":"<p><span class=\"a-text-bold\">Agenda 2021 journalier.<\/span><\/p>\n<p>Vous cherchez un agenda pour organiser vos journ\u00e9es, votre semaine et r\u00e9ussir votre ann\u00e9e ? Ce carnet est fait pour vous !<\/p>\n<p>Il est compos\u00e9 de 343 pages pour noter vos rendez vous et votre planning tout au long de l\u2019ann\u00e9e.<\/p>\n<p><span class=\"a-text-bold a-text-italic\">Caract\u00e9ristiques:<\/span><\/p>\n<ul class=\"a-unordered-list a-vertical\">\n<li><span class=\"a-list-item\">2 pages de calendrier annuel.<\/span><\/li>\n<\/ul>\n<ul class=\"a-unordered-list a-vertical\">\n<li><span class=\"a-list-item\">1 page pour les vacances.<\/span><\/li>\n<\/ul>\n<ul class=\"a-unordered-list a-vertical\">\n<li><span class=\"a-list-item\">1 page pour votre emploie du temps.<\/span><\/li>\n<\/ul>\n<ul class=\"a-unordered-list a-vertical\">\n<li><span class=\"a-list-item\">2 pages pour votre r\u00e9pertoire.<\/span><\/li>\n<\/ul>\n<ul class=\"a-unordered-list a-vertical\">\n<li><span class=\"a-list-item\">1 page par jour pour les 365 jours de l\u2019ann\u00e9e.<\/span><\/li>\n<\/ul>\n<ul class=\"a-unordered-list a-vertical\">\n<li><span class=\"a-list-item\">Format 6*9.<\/span><\/li>\n<\/ul>\n<ul class=\"a-unordered-list a-vertical\">\n<li><span class=\"a-list-item\">Couverture brillante 220g\/m2.<\/span><\/li>\n<\/ul>\n<p><span class=\"a-text-bold\">C\u2019est l\u2019agenda \u00e0 avoir pour une meilleure organisation et r\u00e9ussir son ann\u00e9e !<\/span><\/p>\n<p>AUTEUR : Maguy Afi Tsopedor est une femme entrepreneuse : La d\u00e9couverte de Soi changeons notre vie, cette jeune femme dynamique est dipl\u00f4m\u00e9e dans les domaines d\u2019assistance de vie aux familles et de coaching dans le d\u00e9veloppement personnel et le leadership. Forte d\u2019une exp\u00e9rience significative professionnellement et spirituellement, port\u00e9s par sa foi en l\u2019amour de l\u2019autre, elle se porte aujourd\u2019hui en missionnaire, avec une volont\u00e9 affirm\u00e9e de redonner \u00e0 chacun motivation, joie de vivre et confiance en soi en l\u2019accompagnant sur la voie de l\u2019\u00e9panouissement.<\/p>\n","protected":false},"excerpt":{"rendered":"<p>Agenda 2021 journalier. Vous cherchez un agenda pour organiser vos journ\u00e9es, votre semaine et r\u00e9ussir votre ann\u00e9e ? Ce carnet est fait pour vous ! Il est compos\u00e9 de 343 pages pour noter vos rendez vous et votre planning tout au long de l\u2019ann\u00e9e. Caract\u00e9ristiques: 2 pages de calendrier annuel. 1 page pour les vacances. [&hellip;]<\/p>\n","protected":false},"featured_media":7931,"comment_status":"open","ping_status":"closed","template":"","meta":{"_et_pb_use_builder":"","_et_pb_old_content":"","_et_gb_content_width":"","pmpro_default_level":0},"product_brand":[],"product_cat":[80],"product_tag":[],"class_list":{"0":"post-7928","1":"product","2":"type-product","3":"status-publish","4":"has-post-thumbnail","6":"product_cat-agenda","7":"pmpro-has-access","9":"first","10":"instock","11":"taxable","12":"shipping-taxable","13":"product-type-external"},"_links":{"self":[{"href":"https:\/\/detybel.fr\/TransformYourLife\/wp-json\/wp\/v2\/product\/7928","targetHints":{"allow":["GET"]}}],"collection":[{"href":"https:\/\/detybel.fr\/TransformYourLife\/wp-json\/wp\/v2\/product"}],"about":[{"href":"https:\/\/detybel.fr\/TransformYourLife\/wp-json\/wp\/v2\/types\/product"}],"replies":[{"embeddable":true,"href":"https:\/\/detybel.fr\/TransformYourLife\/wp-json\/wp\/v2\/comments?post=7928"}],"wp:featuredmedia":[{"embeddable":true,"href":"https:\/\/detybel.fr\/TransformYourLife\/wp-json\/wp\/v2\/media\/7931"}],"wp:attachment":[{"href":"https:\/\/detybel.fr\/TransformYourLife\/wp-json\/wp\/v2\/media?parent=7928"}],"wp:term":[{"taxonomy":"product_brand","embeddable":true,"href":"https:\/\/detybel.fr\/TransformYourLife\/wp-json\/wp\/v2\/product_brand?post=7928"},{"taxonomy":"product_cat","embeddable":true,"href":"https:\/\/detybel.fr\/TransformYourLife\/wp-json\/wp\/v2\/product_cat?post=7928"},{"taxonomy":"product_tag","embeddable":true,"href":"https:\/\/detybel.fr\/TransformYourLife\/wp-json\/wp\/v2\/product_tag?post=7928"}],"curies":[{"name":"wp","href":"https:\/\/api.w.org\/{rel}","templated":true}]}}