{"id":7923,"date":"2022-04-11T15:56:13","date_gmt":"2022-04-11T13:56:13","guid":{"rendered":"https:\/\/sistercoachmaguy.com\/?post_type=product&#038;p=7923"},"modified":"2022-04-11T15:56:13","modified_gmt":"2022-04-11T13:56:13","slug":"agenda-2021-2022-noir","status":"publish","type":"product","link":"https:\/\/detybel.fr\/TransformYourLife\/produit\/agenda-2021-2022-noir\/","title":{"rendered":"AGENDA 2021-2022 Noir"},"content":{"rendered":"<p id=\"title\" class=\"a-spacing-none a-text-normal\"><span id=\"productTitle\" class=\"a-size-extra-large\">Agenda football journalier pour coll\u00e8ge et lyc\u00e9e | Organisateur scolaire sport pour planifier et r\u00e9ussir votre ann\u00e9e scolaire | Avec emploi du temps et calendrier 2021 et 2022<\/span><\/p>\n","protected":false},"excerpt":{"rendered":"<p>Agenda football journalier pour coll\u00e8ge et lyc\u00e9e | Organisateur scolaire sport pour planifier et r\u00e9ussir votre ann\u00e9e scolaire | Avec emploi du temps et calendrier 2021 et 2022<\/p>\n","protected":false},"featured_media":7926,"comment_status":"open","ping_status":"closed","template":"","meta":{"_et_pb_use_builder":"","_et_pb_old_content":"","_et_gb_content_width":"","pmpro_default_level":0},"product_brand":[],"product_cat":[80],"product_tag":[],"class_list":{"0":"post-7923","1":"product","2":"type-product","3":"status-publish","4":"has-post-thumbnail","6":"product_cat-agenda","7":"pmpro-has-access","9":"first","10":"instock","11":"taxable","12":"shipping-taxable","13":"product-type-external"},"_links":{"self":[{"href":"https:\/\/detybel.fr\/TransformYourLife\/wp-json\/wp\/v2\/product\/7923","targetHints":{"allow":["GET"]}}],"collection":[{"href":"https:\/\/detybel.fr\/TransformYourLife\/wp-json\/wp\/v2\/product"}],"about":[{"href":"https:\/\/detybel.fr\/TransformYourLife\/wp-json\/wp\/v2\/types\/product"}],"replies":[{"embeddable":true,"href":"https:\/\/detybel.fr\/TransformYourLife\/wp-json\/wp\/v2\/comments?post=7923"}],"wp:featuredmedia":[{"embeddable":true,"href":"https:\/\/detybel.fr\/TransformYourLife\/wp-json\/wp\/v2\/media\/7926"}],"wp:attachment":[{"href":"https:\/\/detybel.fr\/TransformYourLife\/wp-json\/wp\/v2\/media?parent=7923"}],"wp:term":[{"taxonomy":"product_brand","embeddable":true,"href":"https:\/\/detybel.fr\/TransformYourLife\/wp-json\/wp\/v2\/product_brand?post=7923"},{"taxonomy":"product_cat","embeddable":true,"href":"https:\/\/detybel.fr\/TransformYourLife\/wp-json\/wp\/v2\/product_cat?post=7923"},{"taxonomy":"product_tag","embeddable":true,"href":"https:\/\/detybel.fr\/TransformYourLife\/wp-json\/wp\/v2\/product_tag?post=7923"}],"curies":[{"name":"wp","href":"https:\/\/api.w.org\/{rel}","templated":true}]}}