{"id":7920,"date":"2022-04-11T15:46:45","date_gmt":"2022-04-11T13:46:45","guid":{"rendered":"https:\/\/sistercoachmaguy.com\/?post_type=product&#038;p=7920"},"modified":"2022-04-11T15:46:45","modified_gmt":"2022-04-11T13:46:45","slug":"agenda-2021-2022-2","status":"publish","type":"product","link":"https:\/\/detybel.fr\/TransformYourLife\/produit\/agenda-2021-2022-2\/","title":{"rendered":"AGENDA 2021-2022"},"content":{"rendered":"<p><span class=\"a-text-bold\">AGENDA SCOLAIRE JOURNALIER 2021 &#8211; 2022<\/span><\/p>\n<p>Vous cherchez un agenda scolaire original ? Un organisateur pour vous suivre toute l\u2019ann\u00e9e ? Alors cet agenda journalier est fait pour vous !<\/p>\n<p>Il est compos\u00e9 de 277 pages pour r\u00e9ussir votre ann\u00e9e !<\/p>\n<p><span class=\"a-text-bold a-text-italic\">Descriptif :<\/span><\/p>\n<ul class=\"a-unordered-list a-vertical\">\n<li><span class=\"a-list-item\">7 pages de pr\u00e9sentation.<\/span><\/li>\n<li><span class=\"a-list-item\">270 pages pour vous organiser du 30 Aout 2021 au 10 Juillet 2022.<\/span><\/li>\n<li><span class=\"a-list-item\">Une page par jour.<\/span><\/li>\n<\/ul>\n<p><span class=\"a-text-bold a-text-italic\">Caract\u00e9ristiques :<\/span><\/p>\n<ul class=\"a-unordered-list a-vertical\">\n<li><span class=\"a-list-item\">Format 13,18*20,40cm<\/span><\/li>\n<li><span class=\"a-list-item\">Couverture brillante 220g\/m2.<\/span><\/li>\n<li><span class=\"a-list-item\">Int\u00e9rieur noir et blanc 90g\/m2.<\/span><\/li>\n<\/ul>\n<p><span class=\"a-text-bold\">Ce carnet est parfait pour les fans de gaming, c\u2019est l\u2019agenda \u00e0 avoir pour l\u2019ann\u00e9e 2021-2022 !<\/span><\/p>\n","protected":false},"excerpt":{"rendered":"<p>AGENDA SCOLAIRE JOURNALIER 2021 &#8211; 2022 Vous cherchez un agenda scolaire original ? Un organisateur pour vous suivre toute l\u2019ann\u00e9e ? Alors cet agenda journalier est fait pour vous ! Il est compos\u00e9 de 277 pages pour r\u00e9ussir votre ann\u00e9e ! Descriptif : 7 pages de pr\u00e9sentation. 270 pages pour vous organiser du 30 Aout [&hellip;]<\/p>\n","protected":false},"featured_media":7921,"comment_status":"open","ping_status":"closed","template":"","meta":{"_et_pb_use_builder":"","_et_pb_old_content":"","_et_gb_content_width":"","pmpro_default_level":0},"product_brand":[],"product_cat":[80],"product_tag":[],"class_list":{"0":"post-7920","1":"product","2":"type-product","3":"status-publish","4":"has-post-thumbnail","6":"product_cat-agenda","7":"pmpro-has-access","9":"first","10":"instock","11":"taxable","12":"shipping-taxable","13":"product-type-external"},"_links":{"self":[{"href":"https:\/\/detybel.fr\/TransformYourLife\/wp-json\/wp\/v2\/product\/7920","targetHints":{"allow":["GET"]}}],"collection":[{"href":"https:\/\/detybel.fr\/TransformYourLife\/wp-json\/wp\/v2\/product"}],"about":[{"href":"https:\/\/detybel.fr\/TransformYourLife\/wp-json\/wp\/v2\/types\/product"}],"replies":[{"embeddable":true,"href":"https:\/\/detybel.fr\/TransformYourLife\/wp-json\/wp\/v2\/comments?post=7920"}],"wp:featuredmedia":[{"embeddable":true,"href":"https:\/\/detybel.fr\/TransformYourLife\/wp-json\/wp\/v2\/media\/7921"}],"wp:attachment":[{"href":"https:\/\/detybel.fr\/TransformYourLife\/wp-json\/wp\/v2\/media?parent=7920"}],"wp:term":[{"taxonomy":"product_brand","embeddable":true,"href":"https:\/\/detybel.fr\/TransformYourLife\/wp-json\/wp\/v2\/product_brand?post=7920"},{"taxonomy":"product_cat","embeddable":true,"href":"https:\/\/detybel.fr\/TransformYourLife\/wp-json\/wp\/v2\/product_cat?post=7920"},{"taxonomy":"product_tag","embeddable":true,"href":"https:\/\/detybel.fr\/TransformYourLife\/wp-json\/wp\/v2\/product_tag?post=7920"}],"curies":[{"name":"wp","href":"https:\/\/api.w.org\/{rel}","templated":true}]}}