{"id":5752,"date":"2021-07-20T13:53:27","date_gmt":"2021-07-20T11:53:27","guid":{"rendered":"https:\/\/sistercoachmaguy.com\/?post_type=product&#038;p=5752"},"modified":"2022-03-29T22:45:24","modified_gmt":"2022-03-29T20:45:24","slug":"journal-de-bord-a-completer-pour-les-rituels-de-la-pleine-lune-et-de-la-nouvelle-lune-un-carnet-de-spiritualite-astrologie","status":"publish","type":"product","link":"https:\/\/detybel.fr\/TransformYourLife\/produit\/journal-de-bord-a-completer-pour-les-rituels-de-la-pleine-lune-et-de-la-nouvelle-lune-un-carnet-de-spiritualite-astrologie\/","title":{"rendered":"Journal de bord \u00e0 compl\u00e9ter pour les rituels de la pleine lune et de la nouvelle lune | Un carnet de spiritualit\u00e9 , astrologie"},"content":{"rendered":"<p>Journal de bord \u00e0 compl\u00e9ter pour les rituels de la pleine lune et de la nouvelle lune Un carnet de spiritualit\u00e9, DIEU\u202f? Cadeau original pour No\u00ebl ou un Anniversaire\u202f? Destin\u00e9e<br \/>\nJournal de bord \u00e0 compl\u00e9ter pour les rituels de la pleine lune et de la nouvelle lune Un carnet de spiritualit\u00e9 , vers la destin\u00e9e Cadeau original pour Noel ou un Anniversaire<\/p>\n","protected":false},"excerpt":{"rendered":"<p>Journal de bord \u00e0 compl\u00e9ter pour les rituels de la pleine lune et de la nouvelle lune Un carnet de spiritualit\u00e9, DIEU\u202f? Cadeau original pour No\u00ebl ou un Anniversaire\u202f? Destin\u00e9e Journal de bord \u00e0 compl\u00e9ter pour les rituels de la pleine lune et de la nouvelle lune Un carnet de spiritualit\u00e9 , vers la destin\u00e9e [&hellip;]<\/p>\n","protected":false},"featured_media":7554,"comment_status":"open","ping_status":"closed","template":"","meta":{"_et_pb_use_builder":"","_et_pb_old_content":"","_et_gb_content_width":"","pmpro_default_level":0},"product_brand":[],"product_cat":[81],"product_tag":[],"class_list":{"0":"post-5752","1":"product","2":"type-product","3":"status-publish","4":"has-post-thumbnail","6":"product_cat-journal","7":"pmpro-has-access","9":"first","10":"instock","11":"taxable","12":"shipping-taxable","13":"product-type-external"},"_links":{"self":[{"href":"https:\/\/detybel.fr\/TransformYourLife\/wp-json\/wp\/v2\/product\/5752","targetHints":{"allow":["GET"]}}],"collection":[{"href":"https:\/\/detybel.fr\/TransformYourLife\/wp-json\/wp\/v2\/product"}],"about":[{"href":"https:\/\/detybel.fr\/TransformYourLife\/wp-json\/wp\/v2\/types\/product"}],"replies":[{"embeddable":true,"href":"https:\/\/detybel.fr\/TransformYourLife\/wp-json\/wp\/v2\/comments?post=5752"}],"wp:featuredmedia":[{"embeddable":true,"href":"https:\/\/detybel.fr\/TransformYourLife\/wp-json\/wp\/v2\/media\/7554"}],"wp:attachment":[{"href":"https:\/\/detybel.fr\/TransformYourLife\/wp-json\/wp\/v2\/media?parent=5752"}],"wp:term":[{"taxonomy":"product_brand","embeddable":true,"href":"https:\/\/detybel.fr\/TransformYourLife\/wp-json\/wp\/v2\/product_brand?post=5752"},{"taxonomy":"product_cat","embeddable":true,"href":"https:\/\/detybel.fr\/TransformYourLife\/wp-json\/wp\/v2\/product_cat?post=5752"},{"taxonomy":"product_tag","embeddable":true,"href":"https:\/\/detybel.fr\/TransformYourLife\/wp-json\/wp\/v2\/product_tag?post=5752"}],"curies":[{"name":"wp","href":"https:\/\/api.w.org\/{rel}","templated":true}]}}