{"id":5749,"date":"2021-07-20T13:52:12","date_gmt":"2021-07-20T11:52:12","guid":{"rendered":"https:\/\/sistercoachmaguy.com\/?post_type=product&#038;p=5749"},"modified":"2022-03-23T17:06:37","modified_gmt":"2022-03-23T16:06:37","slug":"cachier-pour-noter-les-reservations-cahier-pour-noter-les-reservations-de-vos-clients-agenda-des-restaurants-planificateur-des-reservations","status":"publish","type":"product","link":"https:\/\/detybel.fr\/TransformYourLife\/produit\/cachier-pour-noter-les-reservations-cahier-pour-noter-les-reservations-de-vos-clients-agenda-des-restaurants-planificateur-des-reservations\/","title":{"rendered":"CACHIER POUR NOTER LES RESERVATIONS: Cahier pour noter les r\u00e9servations de vos clients | Agenda des restaurants | Planificateur des r\u00e9servations"},"content":{"rendered":"<p><b>CAHIER DES RESERVATIONS<\/b><\/p>\n<p>Vous cherchez un cahier pour noter vos r\u00e9servations ? Alors ce carnet est fait pour vous !<\/p>\n<p>Il est compos\u00e9 de 207 pages pour noter les r\u00e9servations de vos clients !<\/p>\n<p><i><b>Descriptif :<\/b><\/i><\/p>\n<ul>\n<li>1 page de pr\u00e9sentation.<\/li>\n<li>4 pages de r\u00e9pertoire.<\/li>\n<li>202 pages pour noter vos r\u00e9servations.<\/li>\n<\/ul>\n<p><i><b>Caract\u00e9ristiques :<\/b><\/i><\/p>\n<ul>\n<li>Grand format 8.5*11po<\/li>\n<li>Couverture brillante 220g\/m2.<\/li>\n<li>Int\u00e9rieur noir et blanc 90g\/m2.<\/li>\n<\/ul>\n<p><b>Ce carnet est parfait pour les restaurateurs, c\u2019est l\u2019outil indispensable pour les professionnels !<\/b><\/p>\n","protected":false},"excerpt":{"rendered":"<p>CAHIER DES RESERVATIONS Vous cherchez un cahier pour noter vos r\u00e9servations ? Alors ce carnet est fait pour vous ! Il est compos\u00e9 de 207 pages pour noter les r\u00e9servations de vos clients ! Descriptif : 1 page de pr\u00e9sentation. 4 pages de r\u00e9pertoire. 202 pages pour noter vos r\u00e9servations. Caract\u00e9ristiques : Grand format 8.5*11po [&hellip;]<\/p>\n","protected":false},"featured_media":7590,"comment_status":"open","ping_status":"closed","template":"","meta":{"_et_pb_use_builder":"","_et_pb_old_content":"","_et_gb_content_width":"","pmpro_default_level":0},"product_brand":[],"product_cat":[82],"product_tag":[],"class_list":{"0":"post-5749","1":"product","2":"type-product","3":"status-publish","4":"has-post-thumbnail","6":"product_cat-carnet-de-note","7":"pmpro-has-access","9":"first","10":"instock","11":"taxable","12":"shipping-taxable","13":"product-type-external"},"_links":{"self":[{"href":"https:\/\/detybel.fr\/TransformYourLife\/wp-json\/wp\/v2\/product\/5749","targetHints":{"allow":["GET"]}}],"collection":[{"href":"https:\/\/detybel.fr\/TransformYourLife\/wp-json\/wp\/v2\/product"}],"about":[{"href":"https:\/\/detybel.fr\/TransformYourLife\/wp-json\/wp\/v2\/types\/product"}],"replies":[{"embeddable":true,"href":"https:\/\/detybel.fr\/TransformYourLife\/wp-json\/wp\/v2\/comments?post=5749"}],"wp:featuredmedia":[{"embeddable":true,"href":"https:\/\/detybel.fr\/TransformYourLife\/wp-json\/wp\/v2\/media\/7590"}],"wp:attachment":[{"href":"https:\/\/detybel.fr\/TransformYourLife\/wp-json\/wp\/v2\/media?parent=5749"}],"wp:term":[{"taxonomy":"product_brand","embeddable":true,"href":"https:\/\/detybel.fr\/TransformYourLife\/wp-json\/wp\/v2\/product_brand?post=5749"},{"taxonomy":"product_cat","embeddable":true,"href":"https:\/\/detybel.fr\/TransformYourLife\/wp-json\/wp\/v2\/product_cat?post=5749"},{"taxonomy":"product_tag","embeddable":true,"href":"https:\/\/detybel.fr\/TransformYourLife\/wp-json\/wp\/v2\/product_tag?post=5749"}],"curies":[{"name":"wp","href":"https:\/\/api.w.org\/{rel}","templated":true}]}}