{"id":5744,"date":"2021-07-20T13:49:14","date_gmt":"2021-07-20T11:49:14","guid":{"rendered":"https:\/\/sistercoachmaguy.com\/?post_type=product&#038;p=5744"},"modified":"2022-03-29T23:12:47","modified_gmt":"2022-03-29T21:12:47","slug":"livre-dactivite-creative-cahier-dactivites-creative-pour-adultes-jeux-mot-meles-pour-pensees-positive-developpement-personnel-reflexion-puzzle-quiz","status":"publish","type":"product","link":"https:\/\/detybel.fr\/TransformYourLife\/produit\/livre-dactivite-creative-cahier-dactivites-creative-pour-adultes-jeux-mot-meles-pour-pensees-positive-developpement-personnel-reflexion-puzzle-quiz\/","title":{"rendered":"LIVRE D&rsquo;ACTIVITE CREATIVE: Cahier d&rsquo;activit\u00e9s cr\u00e9ative pour Adultes, jeux mot m\u00eal\u00e9s pour pens\u00e9es positive d\u00e9veloppement personnel R\u00e9flexion ,puzzle, Quiz"},"content":{"rendered":"<p>Cahier d&rsquo;activit\u00e9s cr\u00e9ative pour Adultes, jeux, mot m\u00eal\u00e9s pour pens\u00e9es positive et d\u00e9veloppement personnel<br \/>\nR\u00e9flexion, puzzle, Quiz, sudoku, mots crois\u00e9s.<br \/>\nSi vous avez envie de vous d\u00e9couvrir avec ces jeux pour votre activit\u00e9 sur le d\u00e9veloppement personnel<br \/>\nC&rsquo;est temps de concentration pour r\u00e9veill\u00e9 sa m\u00e9moire<br \/>\nC&rsquo;est un cahier d&rsquo;activit\u00e9s, aux moment de pose dans vos travails ou temps de vacances pour adulte, accompagn\u00e9 d&rsquo;une culture g\u00e9n\u00e9rale<br \/>\nVous pouvez offrir ce cahier comme cadeau pour motiv\u00e9 quelqu&rsquo;un, ou l&rsquo;encourager,<br \/>\nCe jeux vous permettra d&rsquo;avoir confiance en soi, et une Estime de soi<br \/>\nUne activit\u00e9 pour se d\u00e9couvrir soi m\u00eame<br \/>\nCe livre \u00e0 le format id\u00e9al pour \u00eatre transport\u00e9 partout exemple dans un sac, ou \u00eatre mise dans la valise.<\/p>\n","protected":false},"excerpt":{"rendered":"<p>Cahier d&rsquo;activit\u00e9s cr\u00e9ative pour Adultes, jeux, mot m\u00eal\u00e9s pour pens\u00e9es positive et d\u00e9veloppement personnel R\u00e9flexion, puzzle, Quiz, sudoku, mots crois\u00e9s. Si vous avez envie de vous d\u00e9couvrir avec ces jeux pour votre activit\u00e9 sur le d\u00e9veloppement personnel C&rsquo;est temps de concentration pour r\u00e9veill\u00e9 sa m\u00e9moire C&rsquo;est un cahier d&rsquo;activit\u00e9s, aux moment de pose dans vos [&hellip;]<\/p>\n","protected":false},"featured_media":7546,"comment_status":"open","ping_status":"closed","template":"","meta":{"_et_pb_use_builder":"","_et_pb_old_content":"","_et_gb_content_width":"","pmpro_default_level":0},"product_brand":[],"product_cat":[82],"product_tag":[],"class_list":{"0":"post-5744","1":"product","2":"type-product","3":"status-publish","4":"has-post-thumbnail","6":"product_cat-carnet-de-note","7":"pmpro-has-access","9":"first","10":"instock","11":"taxable","12":"shipping-taxable","13":"product-type-external"},"_links":{"self":[{"href":"https:\/\/detybel.fr\/TransformYourLife\/wp-json\/wp\/v2\/product\/5744","targetHints":{"allow":["GET"]}}],"collection":[{"href":"https:\/\/detybel.fr\/TransformYourLife\/wp-json\/wp\/v2\/product"}],"about":[{"href":"https:\/\/detybel.fr\/TransformYourLife\/wp-json\/wp\/v2\/types\/product"}],"replies":[{"embeddable":true,"href":"https:\/\/detybel.fr\/TransformYourLife\/wp-json\/wp\/v2\/comments?post=5744"}],"wp:featuredmedia":[{"embeddable":true,"href":"https:\/\/detybel.fr\/TransformYourLife\/wp-json\/wp\/v2\/media\/7546"}],"wp:attachment":[{"href":"https:\/\/detybel.fr\/TransformYourLife\/wp-json\/wp\/v2\/media?parent=5744"}],"wp:term":[{"taxonomy":"product_brand","embeddable":true,"href":"https:\/\/detybel.fr\/TransformYourLife\/wp-json\/wp\/v2\/product_brand?post=5744"},{"taxonomy":"product_cat","embeddable":true,"href":"https:\/\/detybel.fr\/TransformYourLife\/wp-json\/wp\/v2\/product_cat?post=5744"},{"taxonomy":"product_tag","embeddable":true,"href":"https:\/\/detybel.fr\/TransformYourLife\/wp-json\/wp\/v2\/product_tag?post=5744"}],"curies":[{"name":"wp","href":"https:\/\/api.w.org\/{rel}","templated":true}]}}