{"id":5725,"date":"2021-07-01T12:21:50","date_gmt":"2021-07-01T10:21:50","guid":{"rendered":"https:\/\/sistercoachmaguy.com\/?post_type=product&#038;p=5725"},"modified":"2022-04-07T17:44:55","modified_gmt":"2022-04-07T15:44:55","slug":"agenda-2021-a4-journalier-planificateur-journalier-et-hebdomadaire-organisateur-personnel-du-quotidien-agenda-de-bureau-et-reussir-votre-annee-emploie-du-temps","status":"publish","type":"product","link":"https:\/\/detybel.fr\/TransformYourLife\/produit\/agenda-2021-a4-journalier-planificateur-journalier-et-hebdomadaire-organisateur-personnel-du-quotidien-agenda-de-bureau-et-reussir-votre-annee-emploie-du-temps\/","title":{"rendered":"AGENDA 2021 A4 JOURNALIER:  Planificateur journalier et hebdomadaire | Organisateur personnel du quotidien | | Agenda de bureau &#8230; et r\u00e9ussir votre ann\u00e9e | Emploie du temps"},"content":{"rendered":"<p><b>Agenda 2021 journalier.<\/b><\/p>\n<p>Vous cherchez un agenda pour organiser vos journ\u00e9es, votre semaine et r\u00e9ussir votre ann\u00e9e ? Ce carnet est fait pour vous !<\/p>\n<p>Il est compos\u00e9 de 343 pages pour noter vos rendez vous et votre planning tout au long de l\u2019ann\u00e9e.<\/p>\n<p><i><b>Caract\u00e9ristiques:<\/b><\/i><\/p>\n<ul>\n<li>2 pages de calendrier annuel.<\/li>\n<\/ul>\n<ul>\n<li>1 page pour les vacances.<\/li>\n<\/ul>\n<ul>\n<li>1 page pour votre emploie du temps.<\/li>\n<\/ul>\n<ul>\n<li>2 pages pour votre r\u00e9pertoire.<\/li>\n<\/ul>\n<ul>\n<li>1 page par jour pour les 365 jours de l\u2019ann\u00e9e.<\/li>\n<\/ul>\n<ul>\n<li>Format 6*9.<\/li>\n<\/ul>\n<ul>\n<li>Couverture brillante 220g\/m2.<\/li>\n<\/ul>\n<p><b>C\u2019est l\u2019agenda \u00e0 avoir pour une meilleure organisation et r\u00e9ussir son ann\u00e9e !<\/b><\/p>\n","protected":false},"excerpt":{"rendered":"<p>Agenda 2021 journalier. Vous cherchez un agenda pour organiser vos journ\u00e9es, votre semaine et r\u00e9ussir votre ann\u00e9e ? Ce carnet est fait pour vous ! Il est compos\u00e9 de 343 pages pour noter vos rendez vous et votre planning tout au long de l\u2019ann\u00e9e. Caract\u00e9ristiques: 2 pages de calendrier annuel. 1 page pour les vacances. [&hellip;]<\/p>\n","protected":false},"featured_media":7560,"comment_status":"open","ping_status":"closed","template":"","meta":{"_et_pb_use_builder":"","_et_pb_old_content":"","_et_gb_content_width":"","pmpro_default_level":0},"product_brand":[],"product_cat":[80],"product_tag":[],"class_list":{"0":"post-5725","1":"product","2":"type-product","3":"status-publish","4":"has-post-thumbnail","6":"product_cat-agenda","7":"pmpro-has-access","9":"first","10":"instock","11":"taxable","12":"shipping-taxable","13":"product-type-external"},"_links":{"self":[{"href":"https:\/\/detybel.fr\/TransformYourLife\/wp-json\/wp\/v2\/product\/5725","targetHints":{"allow":["GET"]}}],"collection":[{"href":"https:\/\/detybel.fr\/TransformYourLife\/wp-json\/wp\/v2\/product"}],"about":[{"href":"https:\/\/detybel.fr\/TransformYourLife\/wp-json\/wp\/v2\/types\/product"}],"replies":[{"embeddable":true,"href":"https:\/\/detybel.fr\/TransformYourLife\/wp-json\/wp\/v2\/comments?post=5725"}],"wp:featuredmedia":[{"embeddable":true,"href":"https:\/\/detybel.fr\/TransformYourLife\/wp-json\/wp\/v2\/media\/7560"}],"wp:attachment":[{"href":"https:\/\/detybel.fr\/TransformYourLife\/wp-json\/wp\/v2\/media?parent=5725"}],"wp:term":[{"taxonomy":"product_brand","embeddable":true,"href":"https:\/\/detybel.fr\/TransformYourLife\/wp-json\/wp\/v2\/product_brand?post=5725"},{"taxonomy":"product_cat","embeddable":true,"href":"https:\/\/detybel.fr\/TransformYourLife\/wp-json\/wp\/v2\/product_cat?post=5725"},{"taxonomy":"product_tag","embeddable":true,"href":"https:\/\/detybel.fr\/TransformYourLife\/wp-json\/wp\/v2\/product_tag?post=5725"}],"curies":[{"name":"wp","href":"https:\/\/api.w.org\/{rel}","templated":true}]}}