{"id":5657,"date":"2021-06-24T10:57:02","date_gmt":"2021-06-24T08:57:02","guid":{"rendered":"https:\/\/sistercoachmaguy.com\/?post_type=product&#038;p=5657"},"modified":"2022-03-23T12:26:07","modified_gmt":"2022-03-23T11:26:07","slug":"mon-journal-prendre-soin-de-soi-carnet-de-suivi-pour-votre-quotidien","status":"publish","type":"product","link":"https:\/\/detybel.fr\/TransformYourLife\/produit\/mon-journal-prendre-soin-de-soi-carnet-de-suivi-pour-votre-quotidien\/","title":{"rendered":"MON JOURNAL PRENDRE SOIN DE SOI: Carnet de suivi pour votre quotidien"},"content":{"rendered":"<p><a href=\"https:\/\/www.amazon.fr\/MON-JOUNAL-PRENDRE-SOIN-SOI\/dp\/B08WV2XPKM\/ref=pd_rhf_dp_p_img_4?_encoding=UTF8&amp;psc=1&amp;refRID=QMKR7XDM0AWRGJSTSWC0\"><b>Journal de bord et suivi pour votre quotidien.<\/b><\/a><\/p>\n<p>Vous cherchez un carnet pour suivre votre journ\u00e9e ? Pour augmenter votre bien \u00eatre et votre plaisir ? Ce carnet de bien \u00eatre est fait pour vous !<\/p>\n<p>Il est compos\u00e9 de 101 pages pour noter les caract\u00e9ristiques de votre journ\u00e9e, activit\u00e9s, stress, d\u00e9tente, repas etc\u2026. Pour chacune de vos journ\u00e9e deux pages \u00e0 compl\u00e9ter seront disponibles.<\/p>\n<p><b>Caract\u00e9ristiques :<\/b><\/p>\n<ul>\n<li>1 page de pr\u00e9sentation.<\/li>\n<\/ul>\n<ul>\n<li>100 pages pour suivre vos journ\u00e9es plus de 50 journ\u00e9es.<\/li>\n<\/ul>\n<ul>\n<li>Format 6*9 po.<\/li>\n<\/ul>\n<ul>\n<li>Couverture brillante 220g\/m2.<\/li>\n<\/ul>\n<ul>\n<li>Int\u00e9rieur noir et blanc 90g\/m2.<\/li>\n<\/ul>\n<p><b>Ce carnet est parfait augmenter votre bien \u00eatre. C\u2019est un cadeau original pour no\u00ebl un anniversaire ou tout simplement vous faire plaisir !<\/b><\/p>\n<p>AUTEURE.Maguy Afi Tsopedor est une femme entrepreneuse : cr\u00e9atrice de la D\u00e9couverte Soi m\u00eame changeons notre vie, cette jeune femme dynamique est dipl\u00f4m\u00e9e dans les domaines d\u2019assistance de vie aux familles et de coaching dans le d\u00e9veloppement personnel et le leadership. Forte d\u2019une exp\u00e9rience significative professionnellement et spirituellement, port\u00e9s par sa foi en l\u2019amour de l\u2019autre, elle se porte aujourd\u2019hui en missionnaire, avec une volont\u00e9 affirm\u00e9e de redonner \u00e0 chacun motivation, joie de vivre et confiance en soi en l\u2019accompagnant sur la voie de l\u2019\u00e9panouissement.<\/p>\n","protected":false},"excerpt":{"rendered":"<p><a href=\"https:\/\/www.amazon.fr\/MON-JOUNAL-PRENDRE-SOIN-SOI\/dp\/B08WV2XPKM\/ref=pd_rhf_dp_p_img_4?_encoding=UTF8&amp;psc=1&amp;refRID=QMKR7XDM0AWRGJSTSWC0\"><b>Journal de bord et suivi pour votre quotidien.<\/b><\/a><\/p>\n<p>Vous cherchez un carnet pour suivre votre journ\u00e9e ? Pour augmenter votre bien \u00eatre et votre plaisir ? Ce carnet de bien \u00eatre est fait pour vous !<\/p>\n<p>Il est compos\u00e9 de 101 pages pour noter les caract\u00e9ristiques de votre journ\u00e9e, activit\u00e9s, stress, d\u00e9tente, repas etc\u2026. Pour chacune de vos journ\u00e9e deux pages \u00e0 compl\u00e9ter seront disponibles.<\/p>\n<p><b>Caract\u00e9ristiques :<\/b><\/p>\n<ul>\n<li>1 page de pr\u00e9sentation.<\/li>\n<\/ul>\n<ul>\n<li>100 pages pour suivre vos journ\u00e9es plus de 50 journ\u00e9es.<\/li>\n<\/ul>\n<ul>\n<li>Format 6*9 po.<\/li>\n<\/ul>\n<ul>\n<li>Couverture brillante 220g\/m2.<\/li>\n<\/ul>\n<ul>\n<li>Int\u00e9rieur noir et blanc 90g\/m2.<\/li>\n<\/ul>\n<p><b>Ce carnet est parfait augmenter votre bien \u00eatre. C\u2019est un cadeau original pour no\u00ebl un anniversaire ou tout simplement vous faire plaisir !<\/b><\/p>\n<p>AUTEURE.Maguy Afi Tsopedor est une femme entrepreneuse : cr\u00e9atrice de la D\u00e9couverte Soi m\u00eame changeons notre vie, cette jeune femme dynamique est dipl\u00f4m\u00e9e dans les domaines d\u2019assistance de vie aux familles et de coaching dans le d\u00e9veloppement personnel et le leadership. Forte d\u2019une exp\u00e9rience significative professionnellement et spirituellement, port\u00e9s par sa foi en l\u2019amour de l\u2019autre, elle se porte aujourd\u2019hui en missionnaire, avec une volont\u00e9 affirm\u00e9e de redonner \u00e0 chacun motivation, joie de vivre et confiance en soi en l\u2019accompagnant sur la voie de l\u2019\u00e9panouissement.<\/p>\n","protected":false},"featured_media":7299,"comment_status":"open","ping_status":"closed","template":"","meta":{"_et_pb_use_builder":"","_et_pb_old_content":"","_et_gb_content_width":"","pmpro_default_level":0},"product_brand":[],"product_cat":[82,81],"product_tag":[],"class_list":{"0":"post-5657","1":"product","2":"type-product","3":"status-publish","4":"has-post-thumbnail","6":"product_cat-carnet-de-note","7":"product_cat-journal","8":"pmpro-has-access","10":"first","11":"instock","12":"product-type-external"},"_links":{"self":[{"href":"https:\/\/detybel.fr\/TransformYourLife\/wp-json\/wp\/v2\/product\/5657","targetHints":{"allow":["GET"]}}],"collection":[{"href":"https:\/\/detybel.fr\/TransformYourLife\/wp-json\/wp\/v2\/product"}],"about":[{"href":"https:\/\/detybel.fr\/TransformYourLife\/wp-json\/wp\/v2\/types\/product"}],"replies":[{"embeddable":true,"href":"https:\/\/detybel.fr\/TransformYourLife\/wp-json\/wp\/v2\/comments?post=5657"}],"wp:featuredmedia":[{"embeddable":true,"href":"https:\/\/detybel.fr\/TransformYourLife\/wp-json\/wp\/v2\/media\/7299"}],"wp:attachment":[{"href":"https:\/\/detybel.fr\/TransformYourLife\/wp-json\/wp\/v2\/media?parent=5657"}],"wp:term":[{"taxonomy":"product_brand","embeddable":true,"href":"https:\/\/detybel.fr\/TransformYourLife\/wp-json\/wp\/v2\/product_brand?post=5657"},{"taxonomy":"product_cat","embeddable":true,"href":"https:\/\/detybel.fr\/TransformYourLife\/wp-json\/wp\/v2\/product_cat?post=5657"},{"taxonomy":"product_tag","embeddable":true,"href":"https:\/\/detybel.fr\/TransformYourLife\/wp-json\/wp\/v2\/product_tag?post=5657"}],"curies":[{"name":"wp","href":"https:\/\/api.w.org\/{rel}","templated":true}]}}