{"id":5654,"date":"2021-06-24T10:51:39","date_gmt":"2021-06-24T08:51:39","guid":{"rendered":"https:\/\/sistercoachmaguy.com\/?post_type=product&#038;p=5654"},"modified":"2022-03-23T17:13:23","modified_gmt":"2022-03-23T16:13:23","slug":"carnet-de-notes-recettes-pain-cahier-de-recettes-special-pain","status":"publish","type":"product","link":"https:\/\/detybel.fr\/TransformYourLife\/produit\/carnet-de-notes-recettes-pain-cahier-de-recettes-special-pain\/","title":{"rendered":"CARNET DE NOTES RECETTES PAIN: Cahier de recettes sp\u00e9cial pain"},"content":{"rendered":"<p><a href=\"https:\/\/www.amazon.fr\/CARNET-NOTES-RECETTES-PAIN-professionnel\/dp\/B08WJY6MGQ\/ref=sr_1_16?__mk_fr_FR=%C3%85M%C3%85%C5%BD%C3%95%C3%91&amp;dchild=1&amp;keywords=AFI+MAGUY+TSOPEDOR&amp;qid=1624219577&amp;s=books&amp;sr=1-16\"><b>Livre de recettes \u00e0 compl\u00e9ter, pour noter vos meilleures pr\u00e9parations.<\/b><\/a><\/p>\n<p>Ce livre est parfait pour tous les amoureux de boulangerie, il vous permettra de ne plus jamais oublier vos recettes de pains pr\u00e9f\u00e9r\u00e9s.<\/p>\n<p><i><b>Le cahier est compos\u00e9 de :<\/b><\/i><\/p>\n<ul>\n<li>Un sommaire pour retrouver facilement vos recettes.<\/li>\n<\/ul>\n<ul>\n<li>80 pages pour noter vos recettes. Vous pourrez noter votre temps de pr\u00e9paration, les ingr\u00e9dients, le d\u00e9roulement de la pr\u00e9paration ect&#8230;.<\/li>\n<\/ul>\n<ul>\n<li>Papier cr\u00e8me 90g\/m2<\/li>\n<\/ul>\n<ul>\n<li>Couverture m\u00e2t 220g\/m2<\/li>\n<\/ul>\n<p><b>C&rsquo;est le cadeau id\u00e9al pour les boulangers amateurs ou professionnels<\/b><\/p>\n","protected":false},"excerpt":{"rendered":"<p>Livre de recettes \u00e0 compl\u00e9ter, pour noter vos meilleures pr\u00e9parations. Ce livre est parfait pour tous les amoureux de boulangerie, il vous permettra de ne plus jamais oublier vos recettes de pains pr\u00e9f\u00e9r\u00e9s. Le cahier est compos\u00e9 de : Un sommaire pour retrouver facilement vos recettes. 80 pages pour noter vos recettes. Vous pourrez noter [&hellip;]<\/p>\n","protected":false},"featured_media":7592,"comment_status":"open","ping_status":"closed","template":"","meta":{"_et_pb_use_builder":"","_et_pb_old_content":"","_et_gb_content_width":"","pmpro_default_level":0},"product_brand":[],"product_cat":[82],"product_tag":[],"class_list":{"0":"post-5654","1":"product","2":"type-product","3":"status-publish","4":"has-post-thumbnail","6":"product_cat-carnet-de-note","7":"pmpro-has-access","9":"first","10":"instock","11":"product-type-external"},"_links":{"self":[{"href":"https:\/\/detybel.fr\/TransformYourLife\/wp-json\/wp\/v2\/product\/5654","targetHints":{"allow":["GET"]}}],"collection":[{"href":"https:\/\/detybel.fr\/TransformYourLife\/wp-json\/wp\/v2\/product"}],"about":[{"href":"https:\/\/detybel.fr\/TransformYourLife\/wp-json\/wp\/v2\/types\/product"}],"replies":[{"embeddable":true,"href":"https:\/\/detybel.fr\/TransformYourLife\/wp-json\/wp\/v2\/comments?post=5654"}],"wp:featuredmedia":[{"embeddable":true,"href":"https:\/\/detybel.fr\/TransformYourLife\/wp-json\/wp\/v2\/media\/7592"}],"wp:attachment":[{"href":"https:\/\/detybel.fr\/TransformYourLife\/wp-json\/wp\/v2\/media?parent=5654"}],"wp:term":[{"taxonomy":"product_brand","embeddable":true,"href":"https:\/\/detybel.fr\/TransformYourLife\/wp-json\/wp\/v2\/product_brand?post=5654"},{"taxonomy":"product_cat","embeddable":true,"href":"https:\/\/detybel.fr\/TransformYourLife\/wp-json\/wp\/v2\/product_cat?post=5654"},{"taxonomy":"product_tag","embeddable":true,"href":"https:\/\/detybel.fr\/TransformYourLife\/wp-json\/wp\/v2\/product_tag?post=5654"}],"curies":[{"name":"wp","href":"https:\/\/api.w.org\/{rel}","templated":true}]}}