{"id":5651,"date":"2021-06-24T10:49:52","date_gmt":"2021-06-24T08:49:52","guid":{"rendered":"https:\/\/sistercoachmaguy.com\/?post_type=product&#038;p=5651"},"modified":"2022-03-23T16:50:05","modified_gmt":"2022-03-23T15:50:05","slug":"carnet-de-suivi-tdah-carnet-de-suivi-tdah-trouble-du-deficit-de-lattention-avec-ou-sans-hyperactivite","status":"publish","type":"product","link":"https:\/\/detybel.fr\/TransformYourLife\/produit\/carnet-de-suivi-tdah-carnet-de-suivi-tdah-trouble-du-deficit-de-lattention-avec-ou-sans-hyperactivite\/","title":{"rendered":"CARNET DE SUIVI TDAH: Carnet de suivi TDAH trouble du d\u00e9ficit de l&rsquo;attention avec ou sans hyperactivit\u00e9"},"content":{"rendered":"<p>Carnet de 120 PAGES<\/p>\n<p>Carnet de suivi TDAH<\/p>\n<p>Pour les troubles du d\u00e9ficit et de l&rsquo;attention, avec ou sans hyperactivit\u00e9 Les enfants et adultes ayant un TDAH avec ou sans hyperactivit\u00e9 qui ont parfois du mal \u00e0 terminer une t\u00e2che. Des difficult\u00e9s \u00e0 se concentrer, \u00e0 suivre des instructions et qui ont besoin d&rsquo;am\u00e9nagement \u00e9ducatif et de soutien. Destin\u00e9e aux enfants et aux parents pour noter des id\u00e9es ou pour vous accompagner\u2026<\/p>\n","protected":false},"excerpt":{"rendered":"<p>Carnet de 120 PAGES Carnet de suivi TDAH Pour les troubles du d\u00e9ficit et de l&rsquo;attention, avec ou sans hyperactivit\u00e9 Les enfants et adultes ayant un TDAH avec ou sans hyperactivit\u00e9 qui ont parfois du mal \u00e0 terminer une t\u00e2che. Des difficult\u00e9s \u00e0 se concentrer, \u00e0 suivre des instructions et qui ont besoin d&rsquo;am\u00e9nagement \u00e9ducatif [&hellip;]<\/p>\n","protected":false},"featured_media":7593,"comment_status":"open","ping_status":"closed","template":"","meta":{"_et_pb_use_builder":"","_et_pb_old_content":"","_et_gb_content_width":"","pmpro_default_level":0},"product_brand":[],"product_cat":[82],"product_tag":[],"class_list":{"0":"post-5651","1":"product","2":"type-product","3":"status-publish","4":"has-post-thumbnail","6":"product_cat-carnet-de-note","7":"pmpro-has-access","9":"first","10":"instock","11":"product-type-external"},"_links":{"self":[{"href":"https:\/\/detybel.fr\/TransformYourLife\/wp-json\/wp\/v2\/product\/5651","targetHints":{"allow":["GET"]}}],"collection":[{"href":"https:\/\/detybel.fr\/TransformYourLife\/wp-json\/wp\/v2\/product"}],"about":[{"href":"https:\/\/detybel.fr\/TransformYourLife\/wp-json\/wp\/v2\/types\/product"}],"replies":[{"embeddable":true,"href":"https:\/\/detybel.fr\/TransformYourLife\/wp-json\/wp\/v2\/comments?post=5651"}],"wp:featuredmedia":[{"embeddable":true,"href":"https:\/\/detybel.fr\/TransformYourLife\/wp-json\/wp\/v2\/media\/7593"}],"wp:attachment":[{"href":"https:\/\/detybel.fr\/TransformYourLife\/wp-json\/wp\/v2\/media?parent=5651"}],"wp:term":[{"taxonomy":"product_brand","embeddable":true,"href":"https:\/\/detybel.fr\/TransformYourLife\/wp-json\/wp\/v2\/product_brand?post=5651"},{"taxonomy":"product_cat","embeddable":true,"href":"https:\/\/detybel.fr\/TransformYourLife\/wp-json\/wp\/v2\/product_cat?post=5651"},{"taxonomy":"product_tag","embeddable":true,"href":"https:\/\/detybel.fr\/TransformYourLife\/wp-json\/wp\/v2\/product_tag?post=5651"}],"curies":[{"name":"wp","href":"https:\/\/api.w.org\/{rel}","templated":true}]}}