{"id":5648,"date":"2021-06-24T10:47:49","date_gmt":"2021-06-24T08:47:49","guid":{"rendered":"https:\/\/sistercoachmaguy.com\/?post_type=product&#038;p=5648"},"modified":"2022-04-04T13:13:17","modified_gmt":"2022-04-04T11:13:17","slug":"cheque-dabondance-pensees-positive-carnet-de-cheques-dabondance-et-gratitude-a-remplir","status":"publish","type":"product","link":"https:\/\/detybel.fr\/TransformYourLife\/produit\/cheque-dabondance-pensees-positive-carnet-de-cheques-dabondance-et-gratitude-a-remplir\/","title":{"rendered":"CH\u00c8QUE D&rsquo;ABONDANCE PENS\u00c9ES POSITIVE: Carnet de ch\u00e8ques d&rsquo;abondance et gratitude \u00e0 remplir"},"content":{"rendered":"<p>[et_pb_section fb_built=\u00a0\u00bb1&Prime; _builder_version=\u00a0\u00bb4.14.7&Prime; _module_preset=\u00a0\u00bbdefault\u00a0\u00bb background_color=\u00a0\u00bb#A4877D\u00a0\u00bb custom_padding=\u00a0\u00bb0px||0px||true|false\u00a0\u00bb global_colors_info=\u00a0\u00bb{}\u00a0\u00bb][et_pb_row _builder_version=\u00a0\u00bb4.14.7&Prime; _module_preset=\u00a0\u00bbdefault\u00a0\u00bb custom_padding=\u00a0\u00bb9px||9px||true|false\u00a0\u00bb global_colors_info=\u00a0\u00bb{}\u00a0\u00bb][et_pb_column type=\u00a0\u00bb4_4&Prime; _builder_version=\u00a0\u00bb4.14.7&Prime; _module_preset=\u00a0\u00bbdefault\u00a0\u00bb global_colors_info=\u00a0\u00bb{}\u00a0\u00bb][et_pb_icon font_icon=\u00a0\u00bb&#xe07a;||divi||400&Prime; icon_color=\u00a0\u00bb#FFFFFF\u00a0\u00bb icon_width=\u00a0\u00bb18px\u00a0\u00bb url=\u00a0\u00bb@ET-DC@eyJkeW5hbWljIjp0cnVlLCJjb250ZW50IjoicG9zdF9saW5rX3VybF9wYWdlIiwic2V0dGluZ3MiOnsicG9zdF9pZCI6IjExNzQifX0=@\u00a0\u00bb align=\u00a0\u00bbright\u00a0\u00bb _builder_version=\u00a0\u00bb4.14.7&Prime; _dynamic_attributes=\u00a0\u00bburl\u00a0\u00bb _module_preset=\u00a0\u00bbdefault\u00a0\u00bb global_colors_info=\u00a0\u00bb{}\u00a0\u00bb][\/et_pb_icon][\/et_pb_column][\/et_pb_row][\/et_pb_section][et_pb_section fb_built=\u00a0\u00bb1&Prime; fullwidth=\u00a0\u00bbon\u00a0\u00bb _builder_version=\u00a0\u00bb4.14.7&Prime; _module_preset=\u00a0\u00bbdefault\u00a0\u00bb module_alignment=\u00a0\u00bbcenter\u00a0\u00bb global_colors_info=\u00a0\u00bb{}\u00a0\u00bb][et_pb_fullwidth_menu menu_id=\u00a0\u00bb32&Prime; menu_style=\u00a0\u00bbinline_centered_logo\u00a0\u00bb fullwidth_menu=\u00a0\u00bbon\u00a0\u00bb active_link_color=\u00a0\u00bbgcid-c6468fb3-0ffe-4a5c-afa6-4dc466ec932a\u00a0\u00bb dropdown_menu_bg_color=\u00a0\u00bb#FFFFFF\u00a0\u00bb dropdown_menu_line_color=\u00a0\u00bb#F4E1CE\u00a0\u00bb dropdown_menu_text_color=\u00a0\u00bbgcid-c6468fb3-0ffe-4a5c-afa6-4dc466ec932a\u00a0\u00bb dropdown_menu_active_link_color=\u00a0\u00bbgcid-c6468fb3-0ffe-4a5c-afa6-4dc466ec932a\u00a0\u00bb mobile_menu_bg_color=\u00a0\u00bb#FFFFFF\u00a0\u00bb mobile_menu_text_color=\u00a0\u00bbgcid-c6468fb3-0ffe-4a5c-afa6-4dc466ec932a\u00a0\u00bb logo=\u00a0\u00bbhttps:\/\/detybel.fr\/TransformYourLife\/wp-content\/uploads\/2021\/05\/cropped-Logo-Coach-Maguy.png\u00a0\u00bb logo_width=\u00a0\u00bb14%\u00a0\u00bb menu_icon_color=\u00a0\u00bbgcid-c6468fb3-0ffe-4a5c-afa6-4dc466ec932a\u00a0\u00bb logo_tablet=\u00a0\u00bb\u00a0\u00bb logo_phone=\u00a0\u00bb\u00a0\u00bb logo_last_edited=\u00a0\u00bbon|desktop\u00a0\u00bb logo_width_tablet=\u00a0\u00bb14%\u00a0\u00bb logo_width_phone=\u00a0\u00bb14%\u00a0\u00bb logo_width_last_edited=\u00a0\u00bbon|tablet\u00a0\u00bb _builder_version=\u00a0\u00bb4.14.7&Prime; _module_preset=\u00a0\u00bbdefault\u00a0\u00bb menu_font=\u00a0\u00bb|||on|||||\u00a0\u00bb menu_text_color=\u00a0\u00bbgcid-c6468fb3-0ffe-4a5c-afa6-4dc466ec932a\u00a0\u00bb background_color=\u00a0\u00bb#FFFFFF\u00a0\u00bb background_enable_image=\u00a0\u00bboff\u00a0\u00bb width=\u00a0\u00bb100%\u00a0\u00bb max_width=\u00a0\u00bb100%\u00a0\u00bb module_alignment=\u00a0\u00bbcenter\u00a0\u00bb custom_margin=\u00a0\u00bb|0px||0px|false|false\u00a0\u00bb custom_padding=\u00a0\u00bb17px|246px|17px|246px|true|true\u00a0\u00bb custom_padding_tablet=\u00a0\u00bb17px|246px|17px|246px|true|true\u00a0\u00bb custom_padding_phone=\u00a0\u00bb|0px||0px|true|true\u00a0\u00bb custom_padding_last_edited=\u00a0\u00bbon|phone\u00a0\u00bb module_alignment_tablet=\u00a0\u00bbcenter\u00a0\u00bb module_alignment_phone=\u00a0\u00bbcenter\u00a0\u00bb module_alignment_last_edited=\u00a0\u00bbon|desktop\u00a0\u00bb global_colors_info=\u00a0\u00bb{%22gcid-c6468fb3-0ffe-4a5c-afa6-4dc466ec932a%22:%91%22active_link_color%22,%22menu_text_color%22,%22dropdown_menu_active_link_color%22,%22mobile_menu_text_color%22,%22dropdown_menu_text_color%22,%22menu_icon_color%22%93}\u00a0\u00bb min_height__hover_enabled=\u00a0\u00bbon|desktop\u00a0\u00bb][\/et_pb_fullwidth_menu][\/et_pb_section][et_pb_section fb_built=\u00a0\u00bb1&Prime; _builder_version=\u00a0\u00bb4.14.7&Prime; _module_preset=\u00a0\u00bbdefault\u00a0\u00bb background_color=\u00a0\u00bb#FFFFFF\u00a0\u00bb background_image=\u00a0\u00bbhttps:\/\/detybel.fr\/TransformYourLife\/wp-content\/uploads\/2022\/03\/Sans-titre6.png\u00a0\u00bb background_size=\u00a0\u00bbcontain\u00a0\u00bb global_colors_info=\u00a0\u00bb{}\u00a0\u00bb][et_pb_row column_structure=\u00a0\u00bb1_3,1_3,1_3&Prime; _builder_version=\u00a0\u00bb4.14.7&Prime; _module_preset=\u00a0\u00bbdefault\u00a0\u00bb global_colors_info=\u00a0\u00bb{}\u00a0\u00bb][et_pb_column type=\u00a0\u00bb1_3&Prime; _builder_version=\u00a0\u00bb4.14.7&Prime; _module_preset=\u00a0\u00bbdefault\u00a0\u00bb global_colors_info=\u00a0\u00bb{}\u00a0\u00bb][\/et_pb_column][et_pb_column type=\u00a0\u00bb1_3&Prime; _builder_version=\u00a0\u00bb4.14.7&Prime; _module_preset=\u00a0\u00bbdefault\u00a0\u00bb global_colors_info=\u00a0\u00bb{}\u00a0\u00bb][\/et_pb_column][et_pb_column type=\u00a0\u00bb1_3&Prime; _builder_version=\u00a0\u00bb4.14.7&Prime; _module_preset=\u00a0\u00bbdefault\u00a0\u00bb global_colors_info=\u00a0\u00bb{}\u00a0\u00bb][et_pb_text _builder_version=\u00a0\u00bb4.14.7&Prime; _module_preset=\u00a0\u00bbdefault\u00a0\u00bb text_text_color=\u00a0\u00bb#000000&Prime; header_font=\u00a0\u00bb|800||on|||||\u00a0\u00bb header_text_color=\u00a0\u00bb#000000&Prime; header_font_size=\u00a0\u00bb34px\u00a0\u00bb header_letter_spacing=\u00a0\u00bb1px\u00a0\u00bb header_2_font=\u00a0\u00bbAbel||||||||\u00a0\u00bb global_colors_info=\u00a0\u00bb{}\u00a0\u00bb]<\/p>\n<h1 style=\"text-align: left;\">NOs GOODIES<\/h1>\n<p>Portez fi\u00e8rement votre foi en Dieu et votre volont\u00e9 d&rsquo;\u00eatre une femme forte et courageuse.<\/p>\n<p>[\/et_pb_text][\/et_pb_column][\/et_pb_row][\/et_pb_section][et_pb_section fb_built=\u00a0\u00bb1&Prime; _builder_version=\u00a0\u00bb4.14.7&Prime; _module_preset=\u00a0\u00bbdefault\u00a0\u00bb global_colors_info=\u00a0\u00bb{}\u00a0\u00bb][et_pb_row column_structure=\u00a0\u00bb1_4,3_4&Prime; _builder_version=\u00a0\u00bb4.14.7&Prime; _module_preset=\u00a0\u00bbdefault\u00a0\u00bb global_colors_info=\u00a0\u00bb{}\u00a0\u00bb][et_pb_column type=\u00a0\u00bb1_4&Prime; _builder_version=\u00a0\u00bb4.14.7&Prime; _module_preset=\u00a0\u00bbdefault\u00a0\u00bb global_colors_info=\u00a0\u00bb{}\u00a0\u00bb][et_pb_sidebar _builder_version=\u00a0\u00bb4.14.7&Prime; _module_preset=\u00a0\u00bbdefault\u00a0\u00bb global_colors_info=\u00a0\u00bb{}\u00a0\u00bb][\/et_pb_sidebar][\/et_pb_column][et_pb_column type=\u00a0\u00bb3_4&Prime; _builder_version=\u00a0\u00bb4.14.7&Prime; _module_preset=\u00a0\u00bbdefault\u00a0\u00bb global_colors_info=\u00a0\u00bb{}\u00a0\u00bb][et_pb_shop type=\u00a0\u00bbproduct_category\u00a0\u00bb show_pagination=\u00a0\u00bbon\u00a0\u00bb include_categories=\u00a0\u00bb86&Prime; columns_number=\u00a0\u00bb4&Prime; icon_hover_color=\u00a0\u00bb#A4877D\u00a0\u00bb hover_overlay_color=\u00a0\u00bb#FFFFFF\u00a0\u00bb hover_icon=\u00a0\u00bb&#xf07a;||fa||900&Prime; show_rating=\u00a0\u00bboff\u00a0\u00bb show_sale_badge=\u00a0\u00bboff\u00a0\u00bb _builder_version=\u00a0\u00bb4.14.7&Prime; _module_preset=\u00a0\u00bbdefault\u00a0\u00bb title_text_align=\u00a0\u00bbcenter\u00a0\u00bb title_text_color=\u00a0\u00bb#000000&Prime; price_font=\u00a0\u00bb|800|||||||\u00a0\u00bb price_text_align=\u00a0\u00bbcenter\u00a0\u00bb price_text_color=\u00a0\u00bb#000000&Prime; price_font_size=\u00a0\u00bb18px\u00a0\u00bb global_colors_info=\u00a0\u00bb{}\u00a0\u00bb][\/et_pb_shop][et_pb_text _builder_version=\u00a0\u00bb4.14.7&Prime; _module_preset=\u00a0\u00bbdefault\u00a0\u00bb global_colors_info=\u00a0\u00bb{}\u00a0\u00bb]<\/p>\n<p>[spreadplugin]<\/p>\n<p>[\/et_pb_text][\/et_pb_column][\/et_pb_row][\/et_pb_section][et_pb_section fb_built=\u00a0\u00bb1&Prime; _builder_version=\u00a0\u00bb4.14.7&Prime; _module_preset=\u00a0\u00bbdefault\u00a0\u00bb background_color=\u00a0\u00bb#f4e1ce\u00a0\u00bb min_height=\u00a0\u00bb67.2px\u00a0\u00bb custom_padding=\u00a0\u00bb1px||5px|||\u00a0\u00bb global_colors_info=\u00a0\u00bb{}\u00a0\u00bb][et_pb_row column_structure=\u00a0\u00bb1_3,1_3,1_3&Prime; _builder_version=\u00a0\u00bb4.14.7&Prime; _module_preset=\u00a0\u00bbdefault\u00a0\u00bb global_colors_info=\u00a0\u00bb{}\u00a0\u00bb][et_pb_column type=\u00a0\u00bb1_3&Prime; _builder_version=\u00a0\u00bb4.14.7&Prime; _module_preset=\u00a0\u00bbdefault\u00a0\u00bb global_colors_info=\u00a0\u00bb{}\u00a0\u00bb][et_pb_text _builder_version=\u00a0\u00bb4.14.7&Prime; _module_preset=\u00a0\u00bbdefault\u00a0\u00bb header_font=\u00a0\u00bb|||on|||||\u00a0\u00bb header_text_color=\u00a0\u00bbgcid-c6468fb3-0ffe-4a5c-afa6-4dc466ec932a\u00a0\u00bb width=\u00a0\u00bb100%\u00a0\u00bb global_colors_info=\u00a0\u00bb{%22gcid-c6468fb3-0ffe-4a5c-afa6-4dc466ec932a%22:%91%22header_text_color%22%93}\u00a0\u00bb]<\/p>\n<h1 class=\"title\">Votre coach<\/h1>\n<p>Coach Maguy est une femme entrepreneuse qui a d\u00e9cid\u00e9 de d\u00e9dier sa vie aux autres. Aujourd\u2019hui elle est devenue mentor chr\u00e9tien et spirituel en d\u00e9veloppement personnel. Elle motive les femmes dans leurs projets de vie et les aide \u00e0 r\u00e9v\u00e9ler leur potentiel.<\/p>\n<p>[\/et_pb_text][\/et_pb_column][et_pb_column type=\u00a0\u00bb1_3&Prime; _builder_version=\u00a0\u00bb4.14.7&Prime; _module_preset=\u00a0\u00bbdefault\u00a0\u00bb global_colors_info=\u00a0\u00bb{}\u00a0\u00bb][et_pb_text _builder_version=\u00a0\u00bb4.14.7&Prime; _module_preset=\u00a0\u00bbdefault\u00a0\u00bb link_font=\u00a0\u00bb|||on|||||\u00a0\u00bb link_text_color=\u00a0\u00bbgcid-c6468fb3-0ffe-4a5c-afa6-4dc466ec932a\u00a0\u00bb header_font=\u00a0\u00bb|||on|||||\u00a0\u00bb header_text_color=\u00a0\u00bbgcid-c6468fb3-0ffe-4a5c-afa6-4dc466ec932a\u00a0\u00bb global_colors_info=\u00a0\u00bb{%22gcid-c6468fb3-0ffe-4a5c-afa6-4dc466ec932a%22:%91%22header_text_color%22,%22link_text_color%22%93}\u00a0\u00bb]<\/p>\n<h1 class=\"title\">Navigation<\/h1>\n<ul>\n<li class=\"page_item page-item-5985\"><a href=\"https:\/\/detybel.fr\/TransformYourLife\/accueil-refonte\/\">Accueil<\/a><a href=\"https:\/\/detybel.fr\/TransformYourLife\/histoire\/\"><\/a><\/li>\n<li class=\"page_item page-item-5985\"><a href=\"https:\/\/detybel.fr\/TransformYourLife\/histoire\/\">Mon histoire<\/a><\/li>\n<li class=\"page_item page-item-48\"><a href=\"https:\/\/detybel.fr\/TransformYourLife\/articles\/\">Blog<\/a><\/li>\n<li class=\"page_item page-item-5439\"><a href=\"https:\/\/detybel.fr\/TransformYourLife\/formation-coaching\/\">Formation &amp; Coaching<\/a><\/li>\n<li class=\"page_item page-item-4335\"><a href=\"https:\/\/detybel.fr\/TransformYourLife\/la-boutique\/\">La boutique<\/a><a href=\"https:\/\/detybel.fr\/TransformYourLife\/histoire\/\"><\/a><\/li>\n<li><a href=\"https:\/\/detybel.fr\/TransformYourLife\/contactez-moi\/\">Contact<\/a><\/li>\n<\/ul>\n<p>[\/et_pb_text][\/et_pb_column][et_pb_column type=\u00a0\u00bb1_3&Prime; _builder_version=\u00a0\u00bb4.14.7&Prime; _module_preset=\u00a0\u00bbdefault\u00a0\u00bb global_colors_info=\u00a0\u00bb{}\u00a0\u00bb][et_pb_text _builder_version=\u00a0\u00bb4.14.7&Prime; _module_preset=\u00a0\u00bbdefault\u00a0\u00bb header_font=\u00a0\u00bb|||on|||||\u00a0\u00bb header_text_color=\u00a0\u00bbgcid-c6468fb3-0ffe-4a5c-afa6-4dc466ec932a\u00a0\u00bb custom_margin=\u00a0\u00bb||0px|||\u00a0\u00bb global_colors_info=\u00a0\u00bb{%22gcid-c6468fb3-0ffe-4a5c-afa6-4dc466ec932a%22:%91%22header_text_color%22%93}\u00a0\u00bb]<\/p>\n<h1 class=\"title\">Info l\u00e9gale<\/h1>\n<p>[\/et_pb_text][et_pb_text _builder_version=\u00a0\u00bb4.14.7&Prime; _module_preset=\u00a0\u00bbdefault\u00a0\u00bb text_font=\u00a0\u00bb|||on|||||\u00a0\u00bb link_text_color=\u00a0\u00bbgcid-c6468fb3-0ffe-4a5c-afa6-4dc466ec932a\u00a0\u00bb text_orientation=\u00a0\u00bbright\u00a0\u00bb global_colors_info=\u00a0\u00bb{%22gcid-c6468fb3-0ffe-4a5c-afa6-4dc466ec932a%22:%91%22link_text_color%22%93}\u00a0\u00bb]<\/p>\n<ul>\n<li style=\"text-align: left;\"><a title=\"Politique de confidentialit\u00e9\" href=\"https:\/\/detybel.fr\/TransformYourLife\/cgv-cgu\/\">Conditions g\u00e9n\u00e9rales de vente et d&rsquo;utilisation<\/a><\/li>\n<li style=\"text-align: left;\"><a href=\"https:\/\/detybel.fr\/TransformYourLife\/mention-legale\">Mentions L\u00e9gales<\/a><\/li>\n<li style=\"text-align: left;\"><a href=\"https:\/\/detybel.fr\/TransformYourLife\/politique-confidentialite\">Politique de confidentialit\u00e9<\/a><\/li>\n<\/ul>\n<p>[\/et_pb_text][\/et_pb_column][\/et_pb_row][\/et_pb_section][et_pb_section fb_built=\u00a0\u00bb1&Prime; _builder_version=\u00a0\u00bb4.14.7&Prime; _module_preset=\u00a0\u00bbdefault\u00a0\u00bb background_color=\u00a0\u00bbgcid-c6468fb3-0ffe-4a5c-afa6-4dc466ec932a\u00a0\u00bb min_height=\u00a0\u00bb82.6px\u00a0\u00bb custom_margin=\u00a0\u00bb0px||0px||false|false\u00a0\u00bb custom_padding=\u00a0\u00bb0px||0px||false|false\u00a0\u00bb global_colors_info=\u00a0\u00bb{%22gcid-c6468fb3-0ffe-4a5c-afa6-4dc466ec932a%22:%91%22background_color%22%93}\u00a0\u00bb][et_pb_row _builder_version=\u00a0\u00bb4.14.7&Prime; _module_preset=\u00a0\u00bbdefault\u00a0\u00bb custom_margin=\u00a0\u00bb|auto|-9px|auto||\u00a0\u00bb global_colors_info=\u00a0\u00bb{}\u00a0\u00bb][et_pb_column type=\u00a0\u00bb4_4&Prime; _builder_version=\u00a0\u00bb4.14.7&Prime; _module_preset=\u00a0\u00bbdefault\u00a0\u00bb global_colors_info=\u00a0\u00bb{}\u00a0\u00bb][et_pb_social_media_follow _builder_version=\u00a0\u00bb4.14.7&Prime; _module_preset=\u00a0\u00bbdefault\u00a0\u00bb background_color=\u00a0\u00bbRGBA(255,255,255,0)\u00a0\u00bb text_orientation=\u00a0\u00bbright\u00a0\u00bb global_colors_info=\u00a0\u00bb{}\u00a0\u00bb][et_pb_social_media_follow_network social_network=\u00a0\u00bbfacebook\u00a0\u00bb url=\u00a0\u00bbhttps:\/\/www.facebook.com\/groups\/583974738861783&Prime; icon_color=\u00a0\u00bbgcid-c6468fb3-0ffe-4a5c-afa6-4dc466ec932a\u00a0\u00bb _builder_version=\u00a0\u00bb4.14.7&Prime; _module_preset=\u00a0\u00bbdefault\u00a0\u00bb background_color=\u00a0\u00bb#FFFFFF\u00a0\u00bb background_enable_color=\u00a0\u00bbon\u00a0\u00bb global_colors_info=\u00a0\u00bb{%22gcid-c6468fb3-0ffe-4a5c-afa6-4dc466ec932a%22:%91%22icon_color%22%93}\u00a0\u00bb follow_button=\u00a0\u00bboff\u00a0\u00bb url_new_window=\u00a0\u00bbon\u00a0\u00bb]facebook[\/et_pb_social_media_follow_network][et_pb_social_media_follow_network social_network=\u00a0\u00bbyoutube\u00a0\u00bb url=\u00a0\u00bbhttps:\/\/www.youtube.com\/channel\/UCLi4t4lwCgTEZeYl-8qXQFw\/videos\u00a0\u00bb icon_color=\u00a0\u00bbgcid-c6468fb3-0ffe-4a5c-afa6-4dc466ec932a\u00a0\u00bb use_icon_font_size=\u00a0\u00bbon\u00a0\u00bb _builder_version=\u00a0\u00bb4.14.7&Prime; _module_preset=\u00a0\u00bbdefault\u00a0\u00bb background_color=\u00a0\u00bb#FFFFFF\u00a0\u00bb background_enable_color=\u00a0\u00bbon\u00a0\u00bb global_colors_info=\u00a0\u00bb{%22gcid-c6468fb3-0ffe-4a5c-afa6-4dc466ec932a%22:%91%22icon_color%22%93}\u00a0\u00bb follow_button=\u00a0\u00bboff\u00a0\u00bb url_new_window=\u00a0\u00bbon\u00a0\u00bb]youtube[\/et_pb_social_media_follow_network][\/et_pb_social_media_follow][\/et_pb_column][\/et_pb_row][\/et_pb_section]<\/p>\n","protected":false},"excerpt":{"rendered":"<p>NOs GOODIES Portez fi\u00e8rement votre foi en Dieu et votre volont\u00e9 d&rsquo;\u00eatre une femme forte et courageuse.[spreadplugin]Votre coach Coach Maguy est une femme entrepreneuse qui a d\u00e9cid\u00e9 de d\u00e9dier sa vie aux autres. Aujourd\u2019hui elle est devenue mentor chr\u00e9tien et spirituel en d\u00e9veloppement personnel. Elle motive les femmes dans leurs projets de vie et les [&hellip;]<\/p>\n","protected":false},"featured_media":7605,"comment_status":"open","ping_status":"closed","template":"","meta":{"_et_pb_use_builder":"on","_et_pb_old_content":"","_et_gb_content_width":"","pmpro_default_level":0},"product_brand":[],"product_cat":[82],"product_tag":[],"class_list":{"0":"post-5648","1":"product","2":"type-product","3":"status-publish","4":"has-post-thumbnail","6":"product_cat-carnet-de-note","7":"pmpro-has-access","9":"first","10":"instock","11":"taxable","12":"shipping-taxable","13":"product-type-external"},"_links":{"self":[{"href":"https:\/\/detybel.fr\/TransformYourLife\/wp-json\/wp\/v2\/product\/5648","targetHints":{"allow":["GET"]}}],"collection":[{"href":"https:\/\/detybel.fr\/TransformYourLife\/wp-json\/wp\/v2\/product"}],"about":[{"href":"https:\/\/detybel.fr\/TransformYourLife\/wp-json\/wp\/v2\/types\/product"}],"replies":[{"embeddable":true,"href":"https:\/\/detybel.fr\/TransformYourLife\/wp-json\/wp\/v2\/comments?post=5648"}],"wp:featuredmedia":[{"embeddable":true,"href":"https:\/\/detybel.fr\/TransformYourLife\/wp-json\/wp\/v2\/media\/7605"}],"wp:attachment":[{"href":"https:\/\/detybel.fr\/TransformYourLife\/wp-json\/wp\/v2\/media?parent=5648"}],"wp:term":[{"taxonomy":"product_brand","embeddable":true,"href":"https:\/\/detybel.fr\/TransformYourLife\/wp-json\/wp\/v2\/product_brand?post=5648"},{"taxonomy":"product_cat","embeddable":true,"href":"https:\/\/detybel.fr\/TransformYourLife\/wp-json\/wp\/v2\/product_cat?post=5648"},{"taxonomy":"product_tag","embeddable":true,"href":"https:\/\/detybel.fr\/TransformYourLife\/wp-json\/wp\/v2\/product_tag?post=5648"}],"curies":[{"name":"wp","href":"https:\/\/api.w.org\/{rel}","templated":true}]}}