{"id":5642,"date":"2021-06-24T10:41:39","date_gmt":"2021-06-24T08:41:39","guid":{"rendered":"https:\/\/sistercoachmaguy.com\/?post_type=product&#038;p=5642"},"modified":"2022-04-04T13:11:05","modified_gmt":"2022-04-04T11:11:05","slug":"mots-meles-cuisine-livre-de-mots-meles-pour-les-passionnes-de-cuisine","status":"publish","type":"product","link":"https:\/\/detybel.fr\/TransformYourLife\/produit\/mots-meles-cuisine-livre-de-mots-meles-pour-les-passionnes-de-cuisine\/","title":{"rendered":"MOTS M\u00caL\u00c9S CUISINE: Livre de mots m\u00eal\u00e9s pour les passionn\u00e9s de cuisine"},"content":{"rendered":"<p><b>Livre de mots m\u00eal\u00e9s sp\u00e9cial cuisine.<\/b><\/p>\n<p>Vous souhaitez un cahier de mots m\u00eal\u00e9s original ? Vous souhaitez joindre amusement et apprentissage ? Ce cahier de mots cach\u00e9s est fait pour vous !<\/p>\n<p>Il est compos\u00e9 de 44 grilles de mots sur le th\u00e8me de la cuisine.<\/p>\n<p><i><b>Caract\u00e9ristiques :<\/b><\/i><\/p>\n<ul>\n<li>1 page de pr\u00e9sentation.<\/li>\n<\/ul>\n<ul>\n<li>44 grilles de mots cach\u00e9s.<\/li>\n<\/ul>\n<ul>\n<li>500 mots \u00e0 retrouver.<\/li>\n<\/ul>\n<ul>\n<li>Format 7*10 po.<\/li>\n<\/ul>\n<ul>\n<li>Couverture brillante 220\u2009g\/m2.<\/li>\n<\/ul>\n<ul>\n<li>Int\u00e9rieur noir et blanc 90\u2009g\/m2.<\/li>\n<\/ul>\n<p><b>Ce cahier de mots m\u00eal\u00e9s est parfait pour les amoureux de cuisine. C\u2019est un cadeau original pour No\u00ebl, un anniversaire ou tout simplement faire plaisir !<\/b><\/p>\n<p>Commander le jeu de mot m\u00eal\u00e9 sp\u00e9cial cuisine<a href=\"https:\/\/www.amazon.fr\/MOTS-MELES-CUISINE-passionn%C3%A9s-anniversaire\/dp\/B08WZFTS5S\/ref=sr_1_12?__mk_fr_FR=%C3%85M%C3%85%C5%BD%C3%95%C3%91&amp;dchild=1&amp;keywords=AFI+MAGUY+TSOPEDOR&amp;qid=1624219577&amp;s=books&amp;sr=1-12\"> ici<\/a>.<\/p>\n","protected":false},"excerpt":{"rendered":"<p>Livre de mots m\u00eal\u00e9s sp\u00e9cial cuisine. Vous souhaitez un cahier de mots m\u00eal\u00e9s original ? Vous souhaitez joindre amusement et apprentissage ? Ce cahier de mots cach\u00e9s est fait pour vous ! Il est compos\u00e9 de 44 grilles de mots sur le th\u00e8me de la cuisine. Caract\u00e9ristiques : 1 page de pr\u00e9sentation. 44 grilles de [&hellip;]<\/p>\n","protected":false},"featured_media":7604,"comment_status":"open","ping_status":"closed","template":"","meta":{"_et_pb_use_builder":"","_et_pb_old_content":"","_et_gb_content_width":"","pmpro_default_level":0},"product_brand":[],"product_cat":[82],"product_tag":[],"class_list":{"0":"post-5642","1":"product","2":"type-product","3":"status-publish","4":"has-post-thumbnail","6":"product_cat-carnet-de-note","7":"pmpro-has-access","9":"first","10":"instock","11":"taxable","12":"shipping-taxable","13":"product-type-external"},"_links":{"self":[{"href":"https:\/\/detybel.fr\/TransformYourLife\/wp-json\/wp\/v2\/product\/5642","targetHints":{"allow":["GET"]}}],"collection":[{"href":"https:\/\/detybel.fr\/TransformYourLife\/wp-json\/wp\/v2\/product"}],"about":[{"href":"https:\/\/detybel.fr\/TransformYourLife\/wp-json\/wp\/v2\/types\/product"}],"replies":[{"embeddable":true,"href":"https:\/\/detybel.fr\/TransformYourLife\/wp-json\/wp\/v2\/comments?post=5642"}],"wp:featuredmedia":[{"embeddable":true,"href":"https:\/\/detybel.fr\/TransformYourLife\/wp-json\/wp\/v2\/media\/7604"}],"wp:attachment":[{"href":"https:\/\/detybel.fr\/TransformYourLife\/wp-json\/wp\/v2\/media?parent=5642"}],"wp:term":[{"taxonomy":"product_brand","embeddable":true,"href":"https:\/\/detybel.fr\/TransformYourLife\/wp-json\/wp\/v2\/product_brand?post=5642"},{"taxonomy":"product_cat","embeddable":true,"href":"https:\/\/detybel.fr\/TransformYourLife\/wp-json\/wp\/v2\/product_cat?post=5642"},{"taxonomy":"product_tag","embeddable":true,"href":"https:\/\/detybel.fr\/TransformYourLife\/wp-json\/wp\/v2\/product_tag?post=5642"}],"curies":[{"name":"wp","href":"https:\/\/api.w.org\/{rel}","templated":true}]}}