{"id":5639,"date":"2021-06-24T10:39:08","date_gmt":"2021-06-24T08:39:08","guid":{"rendered":"https:\/\/sistercoachmaguy.com\/?post_type=product&#038;p=5639"},"modified":"2022-04-04T13:06:50","modified_gmt":"2022-04-04T11:06:50","slug":"mon-plan-de-comptes-kakeiboo-agenda-pour-tenir-son-budget-mois-par-mois","status":"publish","type":"product","link":"https:\/\/detybel.fr\/TransformYourLife\/produit\/mon-plan-de-comptes-kakeiboo-agenda-pour-tenir-son-budget-mois-par-mois\/","title":{"rendered":"MON PLAN DE COMPTES KAKEIBOO: Agenda pour tenir son budget mois par mois"},"content":{"rendered":"<p><b>Kakeibo signifie \u00ab\u00a0livre de comptes\u00a0\u00bb. C&rsquo;est une m\u00e9thode japonaise de gestion de budget qui privil\u00e9gie l&rsquo;\u00e9pargne.<\/b><\/p>\n<p>Vous cherchez un carnet pour suivre vos d\u00e9penses ? Une solution pour vous permettre de faire des \u00e9conomies et d\u2019\u00e9pargner ? Ce carnet de compte est fait pour vous et gr\u00e2ce \u00e0 cette m\u00e9thode japonaise vos finances deviendront saines !<\/p>\n<p>Cet agenda de compte est compos\u00e9 de 97 pages pour noter pour chaque mois vos objectifs et votre m\u00e9thode pour \u00e9pargner. Pour chaque mois 8 pages seront disponibles pour vous aider \u00e0 g\u00e9rer vos finances.<\/p>\n<p><i><b>Caract\u00e9ristiques :<\/b><\/i><\/p>\n<ul>\n<li>1 page de pr\u00e9sentation qui vous explique la m\u00e9thode Kakeibo.<\/li>\n<\/ul>\n<ul>\n<li>96 pages pour augmenter votre \u00e9pargne.<\/li>\n<\/ul>\n<ul>\n<li>8 pages pour chaque mois de l\u2019ann\u00e9e.<\/li>\n<\/ul>\n<ul>\n<li>Format 6*9 po.<\/li>\n<\/ul>\n<ul>\n<li>Couverture brillante 220\u2009g\/m2.<\/li>\n<\/ul>\n<ul>\n<li>Int\u00e9rieur noir et blanc 90\u2009g\/m2.<\/li>\n<\/ul>\n<p><b>Cet agenda de compte est parfait pour tous ceux qui souhaitent augmenter leur \u00e9pargne. C\u2019est un cadeau original pour no\u00ebl un anniversaire ce d\u00e9but d\u2019ann\u00e9e ou tout simplement faire plaisir<\/b><\/p>\n<p>L&rsquo;AUTEURE de cet ouvrage, Maguy Afi Tsopedor est une femme entrepreneuse : cr\u00e9atrice de la D\u00e9couverte de Soi m\u00eame changeons notre vie, cette jeune femme dynamique est dipl\u00f4m\u00e9e dans les domaines d\u2019assistance de vie aux familles et de coaching dans le d\u00e9veloppement personnel et le leadership. Forte d\u2019une exp\u00e9rience significative professionnellement et spirituellement, port\u00e9s par sa foi en l\u2019amour de l\u2019autre, elle se porte aujourd\u2019hui en missionnaire, avec une volont\u00e9 affirm\u00e9e de redonner \u00e0 chacun motivation, joie de vivre et confiance en soi en l\u2019accompagnant sur la voie de l\u2019\u00e9panouissement.<\/p>\n","protected":false},"excerpt":{"rendered":"<p>Kakeibo signifie \u00ab\u00a0livre de comptes\u00a0\u00bb. C&rsquo;est une m\u00e9thode japonaise de gestion de budget qui privil\u00e9gie l&rsquo;\u00e9pargne. Vous cherchez un carnet pour suivre vos d\u00e9penses ? Une solution pour vous permettre de faire des \u00e9conomies et d\u2019\u00e9pargner ? Ce carnet de compte est fait pour vous et gr\u00e2ce \u00e0 cette m\u00e9thode japonaise vos finances deviendront saines [&hellip;]<\/p>\n","protected":false},"featured_media":7558,"comment_status":"open","ping_status":"closed","template":"","meta":{"_et_pb_use_builder":"","_et_pb_old_content":"","_et_gb_content_width":"","pmpro_default_level":0},"product_brand":[],"product_cat":[80],"product_tag":[],"class_list":{"0":"post-5639","1":"product","2":"type-product","3":"status-publish","4":"has-post-thumbnail","6":"product_cat-agenda","7":"pmpro-has-access","9":"first","10":"instock","11":"taxable","12":"shipping-taxable","13":"product-type-external"},"_links":{"self":[{"href":"https:\/\/detybel.fr\/TransformYourLife\/wp-json\/wp\/v2\/product\/5639","targetHints":{"allow":["GET"]}}],"collection":[{"href":"https:\/\/detybel.fr\/TransformYourLife\/wp-json\/wp\/v2\/product"}],"about":[{"href":"https:\/\/detybel.fr\/TransformYourLife\/wp-json\/wp\/v2\/types\/product"}],"replies":[{"embeddable":true,"href":"https:\/\/detybel.fr\/TransformYourLife\/wp-json\/wp\/v2\/comments?post=5639"}],"wp:featuredmedia":[{"embeddable":true,"href":"https:\/\/detybel.fr\/TransformYourLife\/wp-json\/wp\/v2\/media\/7558"}],"wp:attachment":[{"href":"https:\/\/detybel.fr\/TransformYourLife\/wp-json\/wp\/v2\/media?parent=5639"}],"wp:term":[{"taxonomy":"product_brand","embeddable":true,"href":"https:\/\/detybel.fr\/TransformYourLife\/wp-json\/wp\/v2\/product_brand?post=5639"},{"taxonomy":"product_cat","embeddable":true,"href":"https:\/\/detybel.fr\/TransformYourLife\/wp-json\/wp\/v2\/product_cat?post=5639"},{"taxonomy":"product_tag","embeddable":true,"href":"https:\/\/detybel.fr\/TransformYourLife\/wp-json\/wp\/v2\/product_tag?post=5639"}],"curies":[{"name":"wp","href":"https:\/\/api.w.org\/{rel}","templated":true}]}}