{"id":5636,"date":"2021-06-24T10:36:08","date_gmt":"2021-06-24T08:36:08","guid":{"rendered":"https:\/\/sistercoachmaguy.com\/?post_type=product&#038;p=5636"},"modified":"2022-03-23T16:58:03","modified_gmt":"2022-03-23T15:58:03","slug":"carnet-de-notes-pour-la-motivation-quelle-sont-vos-motivations-dans-la-vie","status":"publish","type":"product","link":"https:\/\/detybel.fr\/TransformYourLife\/produit\/carnet-de-notes-pour-la-motivation-quelle-sont-vos-motivations-dans-la-vie\/","title":{"rendered":"CARNET DE NOTES POUR LA MOTIVATION: QUELLE SONT VOS MOTIVATIONS DANS LA VIE"},"content":{"rendered":"<p>S&rsquo;auto-Motiver au Travail dans les domaines de familles personnel et professionnelle, comment faire pour motiver. Comment trouver la motivation dans la vie, quelle sont vos motivations\u202f? Qu&rsquo;est-ce qui vous motive dans la vie.<\/p>\n<p>Comment se motiver sois m\u00eame avec des paroles positiver\u202f?<\/p>\n<p>L&rsquo;auteur de ce livre, Maguy Afi Tsopedor est une femme entrepreneuse : cr\u00e9atrice de la changer notre vie, cette jeune femme dynamique est dipl\u00f4m\u00e9e dans les domaines d\u2019assistance de vie aux familles et de coaching dans le d\u00e9veloppement personnel et le leadership.<\/p>\n<p>Forte d\u2019une exp\u00e9rience significative professionnellement et spirituellement, port\u00e9s par sa foi en l\u2019amour de l\u2019autre, elle se porte aujourd\u2019hui en missionnaire, avec une volont\u00e9 affirm\u00e9e de redonner \u00e0 chacun motivation, joie de vivre et confiance en soi en l\u2019accompagnant sur la voie de l\u2019\u00e9panouissement.<\/p>\n","protected":false},"excerpt":{"rendered":"<p>S&rsquo;auto-Motiver au Travail dans les domaines de familles personnel et professionnelle, comment faire pour motiver. Comment trouver la motivation dans la vie, quelle sont vos motivations\u202f? Qu&rsquo;est-ce qui vous motive dans la vie. Comment se motiver sois m\u00eame avec des paroles positiver\u202f? L&rsquo;auteur de ce livre, Maguy Afi Tsopedor est une femme entrepreneuse : cr\u00e9atrice [&hellip;]<\/p>\n","protected":false},"featured_media":7595,"comment_status":"open","ping_status":"closed","template":"","meta":{"_et_pb_use_builder":"","_et_pb_old_content":"","_et_gb_content_width":"","pmpro_default_level":0},"product_brand":[],"product_cat":[82],"product_tag":[],"class_list":{"0":"post-5636","1":"product","2":"type-product","3":"status-publish","4":"has-post-thumbnail","6":"product_cat-carnet-de-note","7":"pmpro-has-access","9":"first","10":"instock","11":"product-type-external"},"_links":{"self":[{"href":"https:\/\/detybel.fr\/TransformYourLife\/wp-json\/wp\/v2\/product\/5636","targetHints":{"allow":["GET"]}}],"collection":[{"href":"https:\/\/detybel.fr\/TransformYourLife\/wp-json\/wp\/v2\/product"}],"about":[{"href":"https:\/\/detybel.fr\/TransformYourLife\/wp-json\/wp\/v2\/types\/product"}],"replies":[{"embeddable":true,"href":"https:\/\/detybel.fr\/TransformYourLife\/wp-json\/wp\/v2\/comments?post=5636"}],"wp:featuredmedia":[{"embeddable":true,"href":"https:\/\/detybel.fr\/TransformYourLife\/wp-json\/wp\/v2\/media\/7595"}],"wp:attachment":[{"href":"https:\/\/detybel.fr\/TransformYourLife\/wp-json\/wp\/v2\/media?parent=5636"}],"wp:term":[{"taxonomy":"product_brand","embeddable":true,"href":"https:\/\/detybel.fr\/TransformYourLife\/wp-json\/wp\/v2\/product_brand?post=5636"},{"taxonomy":"product_cat","embeddable":true,"href":"https:\/\/detybel.fr\/TransformYourLife\/wp-json\/wp\/v2\/product_cat?post=5636"},{"taxonomy":"product_tag","embeddable":true,"href":"https:\/\/detybel.fr\/TransformYourLife\/wp-json\/wp\/v2\/product_tag?post=5636"}],"curies":[{"name":"wp","href":"https:\/\/api.w.org\/{rel}","templated":true}]}}