{"id":5633,"date":"2021-06-24T10:32:03","date_gmt":"2021-06-24T08:32:03","guid":{"rendered":"https:\/\/sistercoachmaguy.com\/?post_type=product&#038;p=5633"},"modified":"2022-03-23T17:00:20","modified_gmt":"2022-03-23T16:00:20","slug":"devenir-la-meulleur-version-de-vous-meme-carnet-de-notes-pour-vous-aider-a-devenir-la-meilleure-version-de-vous-meme","status":"publish","type":"product","link":"https:\/\/detybel.fr\/TransformYourLife\/produit\/devenir-la-meulleur-version-de-vous-meme-carnet-de-notes-pour-vous-aider-a-devenir-la-meilleure-version-de-vous-meme\/","title":{"rendered":"DEVENIR LA MEILLEUR VERSION DE VOUS M\u00caME: Carnet de notes pour vous aider \u00e0 devenir la meilleure version de vous-m\u00eame"},"content":{"rendered":"<div id=\"iframeContent\" dir=\"auto\">\n<p><b>DEVENIR LA MEILLEURE VERSION DE VOUS-M\u00caME<\/b><\/p>\n<p>Ce carnet est compos\u00e9 de 106 pages pour vous aider \u00e0 devenir la meilleure version de vous-m\u00eame.<\/p>\n<p><i><b>Descriptif :<\/b><\/i><\/p>\n<ul>\n<li>1 page de pr\u00e9sentation.<\/li>\n<li>3 pages d\u2019explication pour vous aider \u00e0 devenir la meilleure version de vous-m\u00eame.<\/li>\n<li>102 pages de notes<\/li>\n<\/ul>\n<p><i><b>Caract\u00e9ristiques :<\/b><\/i><\/p>\n<ul>\n<li>Format 6*9 po.<\/li>\n<li>Couverture brillante 220\u2009g\/m2.<\/li>\n<li>Int\u00e9rieur noir et blanc 90\u2009g\/m2.<\/li>\n<\/ul>\n<p>C\u2019est un cadeau original pour no\u00ebl un anniversaire ou tout simplement faire plaisir !<\/p>\n<\/div>\n","protected":false},"excerpt":{"rendered":"<p>DEVENIR LA MEILLEURE VERSION DE VOUS-M\u00caME Ce carnet est compos\u00e9 de 106 pages pour vous aider \u00e0 devenir la meilleure version de vous-m\u00eame. Descriptif : 1 page de pr\u00e9sentation. 3 pages d\u2019explication pour vous aider \u00e0 devenir la meilleure version de vous-m\u00eame. 102 pages de notes Caract\u00e9ristiques : Format 6*9 po. Couverture brillante 220\u2009g\/m2. Int\u00e9rieur [&hellip;]<\/p>\n","protected":false},"featured_media":7596,"comment_status":"open","ping_status":"closed","template":"","meta":{"_et_pb_use_builder":"","_et_pb_old_content":"","_et_gb_content_width":"","pmpro_default_level":0},"product_brand":[],"product_cat":[82],"product_tag":[],"class_list":{"0":"post-5633","1":"product","2":"type-product","3":"status-publish","4":"has-post-thumbnail","6":"product_cat-carnet-de-note","7":"pmpro-has-access","9":"first","10":"instock","11":"product-type-external"},"_links":{"self":[{"href":"https:\/\/detybel.fr\/TransformYourLife\/wp-json\/wp\/v2\/product\/5633","targetHints":{"allow":["GET"]}}],"collection":[{"href":"https:\/\/detybel.fr\/TransformYourLife\/wp-json\/wp\/v2\/product"}],"about":[{"href":"https:\/\/detybel.fr\/TransformYourLife\/wp-json\/wp\/v2\/types\/product"}],"replies":[{"embeddable":true,"href":"https:\/\/detybel.fr\/TransformYourLife\/wp-json\/wp\/v2\/comments?post=5633"}],"wp:featuredmedia":[{"embeddable":true,"href":"https:\/\/detybel.fr\/TransformYourLife\/wp-json\/wp\/v2\/media\/7596"}],"wp:attachment":[{"href":"https:\/\/detybel.fr\/TransformYourLife\/wp-json\/wp\/v2\/media?parent=5633"}],"wp:term":[{"taxonomy":"product_brand","embeddable":true,"href":"https:\/\/detybel.fr\/TransformYourLife\/wp-json\/wp\/v2\/product_brand?post=5633"},{"taxonomy":"product_cat","embeddable":true,"href":"https:\/\/detybel.fr\/TransformYourLife\/wp-json\/wp\/v2\/product_cat?post=5633"},{"taxonomy":"product_tag","embeddable":true,"href":"https:\/\/detybel.fr\/TransformYourLife\/wp-json\/wp\/v2\/product_tag?post=5633"}],"curies":[{"name":"wp","href":"https:\/\/api.w.org\/{rel}","templated":true}]}}