{"id":5631,"date":"2021-06-24T10:30:01","date_gmt":"2021-06-24T08:30:01","guid":{"rendered":"https:\/\/sistercoachmaguy.com\/?post_type=product&#038;p=5631"},"modified":"2022-03-23T17:12:44","modified_gmt":"2022-03-23T16:12:44","slug":"jounal-de-suivi-des-allergies-cest-un-carnet-pour-notes-les-symptomes-causes-par-les-allergies-si-vous-reagissez-a-un-aliment","status":"publish","type":"product","link":"https:\/\/detybel.fr\/TransformYourLife\/produit\/jounal-de-suivi-des-allergies-cest-un-carnet-pour-notes-les-symptomes-causes-par-les-allergies-si-vous-reagissez-a-un-aliment\/","title":{"rendered":"JOUNAL DE SUIVI DES ALLERGIES: C&rsquo;est un carnet pour notes les sympt\u00f4mes caus\u00e9s par les allergies, si vous r\u00e9agissez \u00e0 un aliment"},"content":{"rendered":"<p><strong>Journal de suivi des Allergies<\/strong><\/p>\n<p>C&rsquo;est un carnet pour noter les sympt\u00f4mes caus\u00e9s par les allergies\u202f!<\/p>\n<p>Si vous r\u00e9agissez mal \u00e0 un aliment ou autres, vous avez des sympt\u00f4mes d\u00fb \u00e0 une allergie.<\/p>\n<p>En raison de la consommation de certain aliment, CE JOURNAL EST FAIT POUR VOUS !<\/p>\n<p><strong> Les d\u00e9clencheurs d&rsquo;allergie :<\/strong><\/p>\n<p><em>&#8211; Nourriture<\/em><\/p>\n<p><em>&#8211; Fruit <\/em><\/p>\n<p><em>&#8211; Pollen <\/em><\/p>\n<p><em>&#8211; Animaux <\/em><\/p>\n<p><em>&#8211; M\u00e9dicament<\/em><\/p>\n<p><em>&#8211; Poussi\u00e8re <\/em><\/p>\n<p><em>&#8211; Produit cosm\u00e9tique, <\/em><\/p>\n<p><em>&#8211; Produit de m\u00e9nage, \u2026<\/em><\/p>\n<p><strong>Les sympt\u00f4mes :<\/strong><\/p>\n<p><em>&#8211; Des boutons-<\/em><\/p>\n<p><em> Gorge gratte<\/em><\/p>\n<p><em>-Nez qui coule<\/em><\/p>\n<p><em> &#8211; Les yeux qui grattent<\/em><\/p>\n<p><em>&#8211; Saignement du nez<\/em><\/p>\n<p><em>&#8211; Mal \u00e0 respirer<\/em><\/p>\n<p><em>&#8211; Autres<\/em><\/p>\n","protected":false},"excerpt":{"rendered":"<p>Journal de suivi des Allergies C&rsquo;est un carnet pour noter les sympt\u00f4mes caus\u00e9s par les allergies\u202f! Si vous r\u00e9agissez mal \u00e0 un aliment ou autres, vous avez des sympt\u00f4mes d\u00fb \u00e0 une allergie. En raison de la consommation de certain aliment, CE JOURNAL EST FAIT POUR VOUS ! Les d\u00e9clencheurs d&rsquo;allergie : &#8211; Nourriture &#8211; [&hellip;]<\/p>\n","protected":false},"featured_media":7598,"comment_status":"open","ping_status":"closed","template":"","meta":{"_et_pb_use_builder":"","_et_pb_old_content":"","_et_gb_content_width":"","pmpro_default_level":0},"product_brand":[],"product_cat":[82,81],"product_tag":[],"class_list":{"0":"post-5631","1":"product","2":"type-product","3":"status-publish","4":"has-post-thumbnail","6":"product_cat-carnet-de-note","7":"product_cat-journal","8":"pmpro-has-access","10":"first","11":"instock","12":"product-type-external"},"_links":{"self":[{"href":"https:\/\/detybel.fr\/TransformYourLife\/wp-json\/wp\/v2\/product\/5631","targetHints":{"allow":["GET"]}}],"collection":[{"href":"https:\/\/detybel.fr\/TransformYourLife\/wp-json\/wp\/v2\/product"}],"about":[{"href":"https:\/\/detybel.fr\/TransformYourLife\/wp-json\/wp\/v2\/types\/product"}],"replies":[{"embeddable":true,"href":"https:\/\/detybel.fr\/TransformYourLife\/wp-json\/wp\/v2\/comments?post=5631"}],"wp:featuredmedia":[{"embeddable":true,"href":"https:\/\/detybel.fr\/TransformYourLife\/wp-json\/wp\/v2\/media\/7598"}],"wp:attachment":[{"href":"https:\/\/detybel.fr\/TransformYourLife\/wp-json\/wp\/v2\/media?parent=5631"}],"wp:term":[{"taxonomy":"product_brand","embeddable":true,"href":"https:\/\/detybel.fr\/TransformYourLife\/wp-json\/wp\/v2\/product_brand?post=5631"},{"taxonomy":"product_cat","embeddable":true,"href":"https:\/\/detybel.fr\/TransformYourLife\/wp-json\/wp\/v2\/product_cat?post=5631"},{"taxonomy":"product_tag","embeddable":true,"href":"https:\/\/detybel.fr\/TransformYourLife\/wp-json\/wp\/v2\/product_tag?post=5631"}],"curies":[{"name":"wp","href":"https:\/\/api.w.org\/{rel}","templated":true}]}}