{"id":5628,"date":"2021-06-24T10:26:07","date_gmt":"2021-06-24T08:26:07","guid":{"rendered":"https:\/\/sistercoachmaguy.com\/?post_type=product&#038;p=5628"},"modified":"2022-03-23T17:04:02","modified_gmt":"2022-03-23T16:04:02","slug":"carnet-de-notes-cinema-films-journal-pour-critiques-et-suivi-de-films","status":"publish","type":"product","link":"https:\/\/detybel.fr\/TransformYourLife\/produit\/carnet-de-notes-cinema-films-journal-pour-critiques-et-suivi-de-films\/","title":{"rendered":"CARNET DE NOTES CIN\u00c9MA FILMS: Journal pour critiques et suivi de films"},"content":{"rendered":"<p>Vous cherchez un carnet pour noter vos critiques de films ? Un cahier pour les passionn\u00e9s de cin\u00e9ma ? Ce carnet est fait pour vous !<\/p>\n<p>Il est compos\u00e9 de 101 pages, pour noter les caract\u00e9ristiques des films ou s\u00e9ries que vous visionnez.<\/p>\n<p><i><b>Caract\u00e9ristiques :<\/b><\/i><\/p>\n<ul>\n<li>1 page de pr\u00e9sentation.<\/li>\n<li>100 pages \u00e0 compl\u00e9ter pour 100 critiques de films.<\/li>\n<li>Format 6*9 po.<\/li>\n<li>Couverture brillante 220\u2009g\/m2.<\/li>\n<li>Int\u00e9rieur noir et blanc 90\u2009g\/m2.<\/li>\n<\/ul>\n<p><b>Ce carnet est parfait pour les cin\u00e9philes. C\u2019est un cadeau original pour no\u00ebl un anniversaire ou tout simplement faire plaisir !<\/b><\/p>\n<p>Pour commander ce carnet sp\u00e9cial cin\u00e9phile, cliquer sur ce lien <a href=\"https:\/\/www.amazon.fr\/CARNET-NOTES-CINEMA-FILMS-occasionnels\/dp\/B08Z5TLG18\/ref=sr_1_3?__mk_fr_FR=%C3%85M%C3%85%C5%BD%C3%95%C3%91&amp;dchild=1&amp;keywords=AFI+MAGUY+TSOPEDOR&amp;qid=1624219577&amp;s=books&amp;sr=1-3\">ici<\/a><\/p>\n","protected":false},"excerpt":{"rendered":"<p>Vous cherchez un carnet pour noter vos critiques de films ? Un cahier pour les passionn\u00e9s de cin\u00e9ma ? Ce carnet est fait pour vous ! Il est compos\u00e9 de 101 pages, pour noter les caract\u00e9ristiques des films ou s\u00e9ries que vous visionnez. Caract\u00e9ristiques : 1 page de pr\u00e9sentation. 100 pages \u00e0 compl\u00e9ter pour 100 [&hellip;]<\/p>\n","protected":false},"featured_media":7577,"comment_status":"open","ping_status":"closed","template":"","meta":{"_et_pb_use_builder":"","_et_pb_old_content":"","_et_gb_content_width":"","pmpro_default_level":0},"product_brand":[],"product_cat":[82],"product_tag":[],"class_list":{"0":"post-5628","1":"product","2":"type-product","3":"status-publish","4":"has-post-thumbnail","6":"product_cat-carnet-de-note","7":"pmpro-has-access","9":"first","10":"instock","11":"product-type-external"},"_links":{"self":[{"href":"https:\/\/detybel.fr\/TransformYourLife\/wp-json\/wp\/v2\/product\/5628","targetHints":{"allow":["GET"]}}],"collection":[{"href":"https:\/\/detybel.fr\/TransformYourLife\/wp-json\/wp\/v2\/product"}],"about":[{"href":"https:\/\/detybel.fr\/TransformYourLife\/wp-json\/wp\/v2\/types\/product"}],"replies":[{"embeddable":true,"href":"https:\/\/detybel.fr\/TransformYourLife\/wp-json\/wp\/v2\/comments?post=5628"}],"wp:featuredmedia":[{"embeddable":true,"href":"https:\/\/detybel.fr\/TransformYourLife\/wp-json\/wp\/v2\/media\/7577"}],"wp:attachment":[{"href":"https:\/\/detybel.fr\/TransformYourLife\/wp-json\/wp\/v2\/media?parent=5628"}],"wp:term":[{"taxonomy":"product_brand","embeddable":true,"href":"https:\/\/detybel.fr\/TransformYourLife\/wp-json\/wp\/v2\/product_brand?post=5628"},{"taxonomy":"product_cat","embeddable":true,"href":"https:\/\/detybel.fr\/TransformYourLife\/wp-json\/wp\/v2\/product_cat?post=5628"},{"taxonomy":"product_tag","embeddable":true,"href":"https:\/\/detybel.fr\/TransformYourLife\/wp-json\/wp\/v2\/product_tag?post=5628"}],"curies":[{"name":"wp","href":"https:\/\/api.w.org\/{rel}","templated":true}]}}