{"id":5022,"date":"2021-03-26T20:14:54","date_gmt":"2021-03-26T19:14:54","guid":{"rendered":"https:\/\/sistercoachmaguy.com\/?post_type=product&#038;p=5022"},"modified":"2022-03-23T18:01:22","modified_gmt":"2022-03-23T17:01:22","slug":"vaincre-la-peur-et-lechec","status":"publish","type":"product","link":"https:\/\/detybel.fr\/TransformYourLife\/produit\/vaincre-la-peur-et-lechec\/","title":{"rendered":"Vaincre la peur de l&rsquo;\u00e9chec en la Transformant en opportunit\u00e9: Comment avoir \u00e9tat D&rsquo;Esprit positive"},"content":{"rendered":"<p>Je vous d\u00e9voile les secrets qui m&rsquo;ont permis de sortir grandie pour \u00eatre la personne que je suis aujourd&rsquo;hui et \u00eatre pleinement \u00e9panouie. C&rsquo;est ma raison d&rsquo;\u00eatre et en vivre. Les \u00e9preuves de la vie sont des le\u00e7ons qui nous forgent. Les moments d&rsquo;\u00e9chec nous am\u00e8nent \u00e0 mieux r\u00e9fl\u00e9chir. Dans ce livre, vous allez d\u00e9couvrir les 7 \u00e9tapes pour transformer vos \u00e9checs en opportunit\u00e9. Comme le dit un sa zone de confort. Je partage avec vous mon exp\u00e9rience de la vie, mon t\u00e9moignage sur les \u00e9preuves de l&rsquo;\u00e9chec, comment je les surmonte, ma mani\u00e8re de les voir maintenant. Je sais \u00e0 pr\u00e9sent que l&rsquo;\u00eatre humain peut tomber et se relever. Je vous d\u00e9voile les secrets qui m&rsquo;ont permis de sortir grandie pour \u00eatre la personne que je suis aujourd&rsquo;hui et \u00eatre pleinement \u00e9panouie. C&rsquo;est ma raison d&rsquo;\u00eatre et en vivre.<\/p>\n<h1 class=\"title style-scope ytd-video-primary-info-renderer\">REFUSONS LA PEUR, POUR OSER ET ACCEPTER LE CHANGEMENT<\/h1>\n<p>Faire un changement pour pr\u00e9parer son nouveau d\u00e9part, sur l&rsquo;\u00e9volution de soi. Que ce soit accepter sa nouvelle famille, nouvel enseignement. R\u00e9veille-toi ! Rend plus solide ce qui reste encore vivant en toi. J&rsquo;ai constat\u00e9 que tes actions ne sont pas parfaites aux yeux de Dieu. Rappelle-toi donc l&rsquo;enseignement que tu as re\u00e7u et entendu. Garde-le et change ta vie !<\/p>\n","protected":false},"excerpt":{"rendered":"<p>Les \u00e9preuves de la vie sont des le\u00e7ons qui nous forgent. Les moments d&rsquo;\u00e9chec nous am\u00e8nent \u00e0 mieux r\u00e9fl\u00e9chir. Dans ce livre, vous allez d\u00e9couvrir les 7 \u00e9tapes pour transformer vos \u00e9checs en opportunit\u00e9. Comme le dit un proverbe africain, apr\u00e8s la temp\u00eate, il y a le beau temps; il faut r\u00e9fl\u00e9chir, se ma\u00eetriser; s&rsquo;\u00e9couter \u00e0 l&rsquo;int\u00e9rieur de soi pour dominer cette peur, pour accepter le changement dans notre vie et acc\u00e9der \u00e0 une autre dimension en sortant de sa zone de confort. Je partage avec vous mon exp\u00e9rience de la vie, mon t\u00e9moignage sur les \u00e9preuves de l&rsquo;\u00e9chec, comment je les surmonte, ma mani\u00e8re de les voir maintenant. Je sais \u00e0 pr\u00e9sent que l&rsquo;\u00eatre humain peut tomber et se relever.<\/p>\n","protected":false},"featured_media":7542,"comment_status":"open","ping_status":"closed","template":"","meta":{"_et_pb_use_builder":"","_et_pb_old_content":"","_et_gb_content_width":"","pmpro_default_level":0},"product_brand":[],"product_cat":[79],"product_tag":[],"class_list":{"0":"post-5022","1":"product","2":"type-product","3":"status-publish","4":"has-post-thumbnail","6":"product_cat-livre","7":"pmpro-has-access","9":"first","10":"instock","11":"product-type-external"},"_links":{"self":[{"href":"https:\/\/detybel.fr\/TransformYourLife\/wp-json\/wp\/v2\/product\/5022","targetHints":{"allow":["GET"]}}],"collection":[{"href":"https:\/\/detybel.fr\/TransformYourLife\/wp-json\/wp\/v2\/product"}],"about":[{"href":"https:\/\/detybel.fr\/TransformYourLife\/wp-json\/wp\/v2\/types\/product"}],"replies":[{"embeddable":true,"href":"https:\/\/detybel.fr\/TransformYourLife\/wp-json\/wp\/v2\/comments?post=5022"}],"wp:featuredmedia":[{"embeddable":true,"href":"https:\/\/detybel.fr\/TransformYourLife\/wp-json\/wp\/v2\/media\/7542"}],"wp:attachment":[{"href":"https:\/\/detybel.fr\/TransformYourLife\/wp-json\/wp\/v2\/media?parent=5022"}],"wp:term":[{"taxonomy":"product_brand","embeddable":true,"href":"https:\/\/detybel.fr\/TransformYourLife\/wp-json\/wp\/v2\/product_brand?post=5022"},{"taxonomy":"product_cat","embeddable":true,"href":"https:\/\/detybel.fr\/TransformYourLife\/wp-json\/wp\/v2\/product_cat?post=5022"},{"taxonomy":"product_tag","embeddable":true,"href":"https:\/\/detybel.fr\/TransformYourLife\/wp-json\/wp\/v2\/product_tag?post=5022"}],"curies":[{"name":"wp","href":"https:\/\/api.w.org\/{rel}","templated":true}]}}