{"id":4981,"date":"2021-03-24T15:39:20","date_gmt":"2021-03-24T14:39:20","guid":{"rendered":"https:\/\/sistercoachmaguy.com\/?post_type=product&#038;p=4981"},"modified":"2022-04-20T20:06:27","modified_gmt":"2022-04-20T18:06:27","slug":"le-sain-esprit-est-mon-gps-ma-raison-detre","status":"publish","type":"product","link":"https:\/\/detybel.fr\/TransformYourLife\/produit\/le-sain-esprit-est-mon-gps-ma-raison-detre\/","title":{"rendered":"Le saint esprit est mon GPS, Ma raison d&rsquo;\u00eatre"},"content":{"rendered":"<p>L\u2019\u00e9coute de notre GPS permet de nous \u00e9panouir dans les domaines de la vie personnelle et professionnelle, d\u2019\u00eatre heureux et sinc\u00e8re.<\/p>\n<p>L\u2019\u00e9coute de notre GPS nous aide \u00e0 mieux g\u00e9rer nos pens\u00e9es et nos ressentis, d\u2019optimiser notre intelligence et de d\u00e9velopper notre savoir-faire, notre talent, notre potentiel et le don qui nous a \u00e9t\u00e9 offert.<\/p>\n<p>Notre inconscient est habit\u00e9 par le myst\u00e8re du Saint-Esprit, de Sa puissance et de Sa bont\u00e9. Le Saint-Esprit est notre GPS, il nous accompagne et nous guide tout au long de notre chemin de vie. Il reste pr\u00e9sent \u00e0 nos c\u00f4t\u00e9s, m\u00eame lorsqu\u2019il ne parle pas. Nous pouvons le questionner, lui faire part de nos doutes, de nos peurs, nous pouvons lui poser des questions, il chemine \u00e0 nos c\u00f4t\u00e9s, invisible, mais protecteur. Il peut nous d\u00e9livrer Ses messages de diff\u00e9rentes mani\u00e8res, c\u2019est pourquoi nous devons rester \u00e0 l\u2019\u00e9coute de Ses signes. Il peut parler en nous, ou parler \u00e0 travers les personnes que nous sommes amen\u00e9s \u00e0 rencontrer. \u00c0 tout moment, il nous d\u00e9livre de pr\u00e9cieux conseils.<\/p>\n<p>Il est notre d\u00e9fenseur, notre rocher, notre protecteur. Il nous montre la voie de la v\u00e9rit\u00e9, il nous guide vers notre bien-\u00eatre, illumine notre vie et la rend heureuse et plaisante.<\/p>\n<p>Le Saint-Esprit est notre GPS, il est le guide de notre chemin de vie, pour reprendre de z\u00e9ro et devenir le h\u00e9ros dans la d\u00e9termination de notre destin\u00e9e.<\/p>\n","protected":false},"excerpt":{"rendered":"<p>Les Anges sont nos guides, les bonnes \u00e9toiles sont nos guides, le Saint-Esprit est notre inconscient qui guide notre conscience. Il est en nous, nous pouvons L\u2019entendre dans les moments de doute ou de choix \u00e0 faire.<\/p>\n<p>L\u2019\u00e9coute de notre GPS inspire la foi en soi et nous rassure sur la justesse de nos d\u00e9cisions.<\/p>\n<p>L\u2019\u00e9coute de notre GPS renforce la confiance en soi, l\u2019estime de soi-m\u00eame, la ma\u00eetrise de soi, la paix int\u00e9rieure et le bonheur.<\/p>\n<p>COMMANDEZ PAR CE LIEN<\/p>\n<p>https:\/\/www.edilivre.com\/le-saint-esprit-est-mon-gps-ma-raison-d-etre-maguy-a-tsopedor.html\/<\/p>\n<p>&nbsp;<\/p>\n<p>&nbsp;<\/p>\n<p>&nbsp;<\/p>\n","protected":false},"featured_media":7231,"comment_status":"open","ping_status":"closed","template":"","meta":{"_et_pb_use_builder":"","_et_pb_old_content":"","_et_gb_content_width":"","pmpro_default_level":0},"product_brand":[],"product_cat":[79],"product_tag":[],"class_list":{"0":"post-4981","1":"product","2":"type-product","3":"status-publish","4":"has-post-thumbnail","6":"product_cat-livre","7":"pmpro-has-access","9":"first","10":"instock","11":"product-type-external"},"_links":{"self":[{"href":"https:\/\/detybel.fr\/TransformYourLife\/wp-json\/wp\/v2\/product\/4981","targetHints":{"allow":["GET"]}}],"collection":[{"href":"https:\/\/detybel.fr\/TransformYourLife\/wp-json\/wp\/v2\/product"}],"about":[{"href":"https:\/\/detybel.fr\/TransformYourLife\/wp-json\/wp\/v2\/types\/product"}],"replies":[{"embeddable":true,"href":"https:\/\/detybel.fr\/TransformYourLife\/wp-json\/wp\/v2\/comments?post=4981"}],"wp:featuredmedia":[{"embeddable":true,"href":"https:\/\/detybel.fr\/TransformYourLife\/wp-json\/wp\/v2\/media\/7231"}],"wp:attachment":[{"href":"https:\/\/detybel.fr\/TransformYourLife\/wp-json\/wp\/v2\/media?parent=4981"}],"wp:term":[{"taxonomy":"product_brand","embeddable":true,"href":"https:\/\/detybel.fr\/TransformYourLife\/wp-json\/wp\/v2\/product_brand?post=4981"},{"taxonomy":"product_cat","embeddable":true,"href":"https:\/\/detybel.fr\/TransformYourLife\/wp-json\/wp\/v2\/product_cat?post=4981"},{"taxonomy":"product_tag","embeddable":true,"href":"https:\/\/detybel.fr\/TransformYourLife\/wp-json\/wp\/v2\/product_tag?post=4981"}],"curies":[{"name":"wp","href":"https:\/\/api.w.org\/{rel}","templated":true}]}}