{"id":12694,"date":"2023-12-04T13:16:22","date_gmt":"2023-12-04T12:16:22","guid":{"rendered":"https:\/\/sistercoachmaguy.com\/?post_type=product&#038;p=12694"},"modified":"2023-12-04T13:17:29","modified_gmt":"2023-12-04T12:17:29","slug":"mot-meles-enfants","status":"publish","type":"product","link":"https:\/\/detybel.fr\/TransformYourLife\/produit\/mot-meles-enfants\/","title":{"rendered":"MOT MELES ENFANTS"},"content":{"rendered":"<p>Le Monde Magique des Mots M\u00eal\u00e9s\u00a0\u00bb est non seulement un compagnon id\u00e9al pour les journ\u00e9es pluvieuses \u00e0 la maison, mais il stimule \u00e9galement l&rsquo;imagination des enfants tout en les encourageant \u00e0 aimer les mots. Un outil \u00e9ducatif passionnant et un divertissement inoubliable, ce livre promet des heures de plaisir interactif pour les petits chercheurs de mots en herbe.<\/p>\n<p>L&rsquo;aventure ne s&rsquo;arr\u00eate pas l\u00e0 ! Chaque mot trouv\u00e9 d\u00e9voile des illustrations color\u00e9es et des informations int\u00e9ressantes, transformant chaque recherche de mot en une exploration \u00e9ducative. Les jeunes lecteurs peuvent renforcer leur vocabulaire tout en s&rsquo;amusant, stimulant ainsi leur d\u00e9veloppement cognitif de mani\u00e8re divertissante.<\/p>\n<p>\u00c0 travers des pages remplies de dessins vibrants et de personnages attachants, les enfants d\u00e9couvriront une vari\u00e9t\u00e9 de mots soigneusement dissimul\u00e9s dans des grilles de mots m\u00eal\u00e9s. Chaque grille est habilement construite autour de th\u00e8mes captivants tels que la nature, les animaux, les contes de f\u00e9es, et bien plus encore.<\/p>\n","protected":false},"excerpt":{"rendered":"<p>Le Monde Magique des Mots M\u00eal\u00e9s\u00a0\u00bb est non seulement un compagnon id\u00e9al pour les journ\u00e9es pluvieuses \u00e0 la maison, mais il stimule \u00e9galement l&rsquo;imagination des enfants tout en les encourageant \u00e0 aimer les mots. Un outil \u00e9ducatif passionnant et un divertissement inoubliable, ce livre promet des heures de plaisir interactif pour les petits chercheurs de mots en herbe.<\/p>\n","protected":false},"featured_media":12695,"comment_status":"open","ping_status":"closed","template":"","meta":{"_et_pb_use_builder":"","_et_pb_old_content":"","_et_gb_content_width":"","pmpro_default_level":0},"product_brand":[],"product_cat":[80,82,79],"product_tag":[],"class_list":{"0":"post-12694","1":"product","2":"type-product","3":"status-publish","4":"has-post-thumbnail","6":"product_cat-agenda","7":"product_cat-carnet-de-note","8":"product_cat-livre","9":"pmpro-has-access","11":"first","12":"instock","13":"taxable","14":"shipping-taxable","15":"product-type-external"},"_links":{"self":[{"href":"https:\/\/detybel.fr\/TransformYourLife\/wp-json\/wp\/v2\/product\/12694","targetHints":{"allow":["GET"]}}],"collection":[{"href":"https:\/\/detybel.fr\/TransformYourLife\/wp-json\/wp\/v2\/product"}],"about":[{"href":"https:\/\/detybel.fr\/TransformYourLife\/wp-json\/wp\/v2\/types\/product"}],"replies":[{"embeddable":true,"href":"https:\/\/detybel.fr\/TransformYourLife\/wp-json\/wp\/v2\/comments?post=12694"}],"wp:featuredmedia":[{"embeddable":true,"href":"https:\/\/detybel.fr\/TransformYourLife\/wp-json\/wp\/v2\/media\/12695"}],"wp:attachment":[{"href":"https:\/\/detybel.fr\/TransformYourLife\/wp-json\/wp\/v2\/media?parent=12694"}],"wp:term":[{"taxonomy":"product_brand","embeddable":true,"href":"https:\/\/detybel.fr\/TransformYourLife\/wp-json\/wp\/v2\/product_brand?post=12694"},{"taxonomy":"product_cat","embeddable":true,"href":"https:\/\/detybel.fr\/TransformYourLife\/wp-json\/wp\/v2\/product_cat?post=12694"},{"taxonomy":"product_tag","embeddable":true,"href":"https:\/\/detybel.fr\/TransformYourLife\/wp-json\/wp\/v2\/product_tag?post=12694"}],"curies":[{"name":"wp","href":"https:\/\/api.w.org\/{rel}","templated":true}]}}