{"id":1187,"date":"2020-04-13T14:18:01","date_gmt":"2020-04-13T12:18:01","guid":{"rendered":"https:\/\/sistercoachmaguy.com\/?post_type=product&#038;p=1187"},"modified":"2022-04-12T09:04:35","modified_gmt":"2022-04-12T07:04:35","slug":"e-book-la-mentalite-du-succes","status":"publish","type":"product","link":"https:\/\/detybel.fr\/TransformYourLife\/produit\/e-book-la-mentalite-du-succes\/","title":{"rendered":"La Mentalit\u00e9 du Succ\u00e8s"},"content":{"rendered":"<p>[et_pb_section fb_built=\u00a0\u00bb1&Prime; _builder_version=\u00a0\u00bb3.22&Prime; custom_padding=\u00a0\u00bb0px||||false|false\u00a0\u00bb global_colors_info=\u00a0\u00bb{}\u00a0\u00bb][et_pb_row _builder_version=\u00a0\u00bb3.25&Prime; background_size=\u00a0\u00bbinitial\u00a0\u00bb background_position=\u00a0\u00bbtop_left\u00a0\u00bb background_repeat=\u00a0\u00bbrepeat\u00a0\u00bb width=\u00a0\u00bb100%\u00a0\u00bb custom_padding=\u00a0\u00bb0px||0px||false|false\u00a0\u00bb global_colors_info=\u00a0\u00bb{}\u00a0\u00bb][et_pb_column type=\u00a0\u00bb4_4&Prime; _builder_version=\u00a0\u00bb3.25&Prime; custom_padding=\u00a0\u00bb|||\u00a0\u00bb global_colors_info=\u00a0\u00bb{}\u00a0\u00bb custom_padding__hover=\u00a0\u00bb|||\u00a0\u00bb][et_pb_wc_breadcrumb _builder_version=\u00a0\u00bb3.0.47&Prime; global_colors_info=\u00a0\u00bb{}\u00a0\u00bb][\/et_pb_wc_breadcrumb][et_pb_wc_cart_notice global_colors_info=\u00a0\u00bb{}\u00a0\u00bb][\/et_pb_wc_cart_notice][\/et_pb_column][\/et_pb_row][et_pb_row column_structure=\u00a0\u00bb1_2,1_2&Prime; _builder_version=\u00a0\u00bb3.25&Prime; background_size=\u00a0\u00bbinitial\u00a0\u00bb background_position=\u00a0\u00bbtop_left\u00a0\u00bb background_repeat=\u00a0\u00bbrepeat\u00a0\u00bb width=\u00a0\u00bb100%\u00a0\u00bb custom_padding=\u00a0\u00bb0px||||false|false\u00a0\u00bb global_colors_info=\u00a0\u00bb{}\u00a0\u00bb][et_pb_column type=\u00a0\u00bb1_2&Prime; _builder_version=\u00a0\u00bb3.25&Prime; custom_padding=\u00a0\u00bb|||\u00a0\u00bb global_colors_info=\u00a0\u00bb{}\u00a0\u00bb custom_padding__hover=\u00a0\u00bb|||\u00a0\u00bb][et_pb_wc_images _builder_version=\u00a0\u00bb3.0.47&Prime; global_colors_info=\u00a0\u00bb{}\u00a0\u00bb][\/et_pb_wc_images][\/et_pb_column][et_pb_column type=\u00a0\u00bb1_2&Prime; _builder_version=\u00a0\u00bb3.25&Prime; custom_padding=\u00a0\u00bb|||\u00a0\u00bb global_colors_info=\u00a0\u00bb{}\u00a0\u00bb custom_padding__hover=\u00a0\u00bb|||\u00a0\u00bb][et_pb_wc_title _builder_version=\u00a0\u00bb3.0.47&Prime; global_colors_info=\u00a0\u00bb{}\u00a0\u00bb][\/et_pb_wc_title][et_pb_wc_rating _builder_version=\u00a0\u00bb3.0.47&Prime; global_colors_info=\u00a0\u00bb{}\u00a0\u00bb][\/et_pb_wc_rating][et_pb_wc_price _builder_version=\u00a0\u00bb3.0.47&Prime; global_colors_info=\u00a0\u00bb{}\u00a0\u00bb][\/et_pb_wc_price][et_pb_wc_description _builder_version=\u00a0\u00bb3.0.47&Prime; global_colors_info=\u00a0\u00bb{}\u00a0\u00bb][\/et_pb_wc_description][et_pb_wc_add_to_cart global_colors_info=\u00a0\u00bb{}\u00a0\u00bb][\/et_pb_wc_add_to_cart][et_pb_wc_meta _builder_version=\u00a0\u00bb3.0.47&Prime; global_colors_info=\u00a0\u00bb{}\u00a0\u00bb][\/et_pb_wc_meta][\/et_pb_column][\/et_pb_row][et_pb_row _builder_version=\u00a0\u00bb3.25&Prime; background_size=\u00a0\u00bbinitial\u00a0\u00bb background_position=\u00a0\u00bbtop_left\u00a0\u00bb background_repeat=\u00a0\u00bbrepeat\u00a0\u00bb width=\u00a0\u00bb100%\u00a0\u00bb global_colors_info=\u00a0\u00bb{}\u00a0\u00bb][et_pb_column type=\u00a0\u00bb4_4&Prime; _builder_version=\u00a0\u00bb3.25&Prime; custom_padding=\u00a0\u00bb|||\u00a0\u00bb global_colors_info=\u00a0\u00bb{}\u00a0\u00bb custom_padding__hover=\u00a0\u00bb|||\u00a0\u00bb][et_pb_wc_tabs _builder_version=\u00a0\u00bb3.0.47&Prime; global_colors_info=\u00a0\u00bb{}\u00a0\u00bb] [\/et_pb_wc_tabs][et_pb_wc_upsells _builder_version=\u00a0\u00bb3.0.47&Prime; global_colors_info=\u00a0\u00bb{}\u00a0\u00bb][\/et_pb_wc_upsells][et_pb_wc_related_products _builder_version=\u00a0\u00bb3.0.47&Prime; global_colors_info=\u00a0\u00bb{}\u00a0\u00bb][\/et_pb_wc_related_products][\/et_pb_column][\/et_pb_row][\/et_pb_section][et_pb_section fb_built=\u00a0\u00bb1&Prime; admin_label=\u00a0\u00bbsection\u00a0\u00bb _builder_version=\u00a0\u00bb3.22.3&Prime; global_colors_info=\u00a0\u00bb{}\u00a0\u00bb][et_pb_row admin_label=\u00a0\u00bbrow\u00a0\u00bb _builder_version=\u00a0\u00bb3.25&Prime; background_size=\u00a0\u00bbinitial\u00a0\u00bb background_position=\u00a0\u00bbtop_left\u00a0\u00bb background_repeat=\u00a0\u00bbrepeat\u00a0\u00bb global_colors_info=\u00a0\u00bb{}\u00a0\u00bb][et_pb_column type=\u00a0\u00bb4_4&Prime; _builder_version=\u00a0\u00bb3.25&Prime; custom_padding=\u00a0\u00bb|||\u00a0\u00bb global_colors_info=\u00a0\u00bb{}\u00a0\u00bb custom_padding__hover=\u00a0\u00bb|||\u00a0\u00bb][et_pb_text admin_label=\u00a0\u00bbText\u00a0\u00bb _builder_version=\u00a0\u00bb3.27.4&Prime; background_size=\u00a0\u00bbinitial\u00a0\u00bb background_position=\u00a0\u00bbtop_left\u00a0\u00bb background_repeat=\u00a0\u00bbrepeat\u00a0\u00bb global_colors_info=\u00a0\u00bb{}\u00a0\u00bb]Avez-vous le mindset de la r\u00e9ussite, celui des gens qui r\u00e9ussissent tout ce qu&rsquo;ils entreprennent ?<\/p>\n<p>Car malheureusement, il vous sera difficile de progresser si vous n&rsquo;avez pas le bon \u00e9tat d&rsquo;esprit.<br \/>\nSi vous voulez changer positivement votre vie, atteindre le niveau de succ\u00e8s que vous recherchez sinc\u00e8rement, et conna\u00eetre la r\u00e9ussite cet ouvrage est fait pour vous.<br \/>\nComme vous le savez d\u00e9j\u00e0 le succ\u00e8s ne tombe jamais \u00ab\u00a0tout cuit\u00a0\u00bb, r\u00e9ussir exige efforts et pers\u00e9v\u00e9rance. Pour produire ces efforts de mani\u00e8re productive et r\u00e9p\u00e9t\u00e9e, vous aurez besoin\u00a0 d&rsquo;un \u00e9tat d&rsquo;esprit particulier. La motivation seule ne suffit pas. Car aussi grande soit votre motivation, seule elle s&rsquo;\u00e9puisera.<br \/>\nVous avez besoin du bon mindset !<\/p>\n<p>Le d\u00e9sir, la soif de changement et la motivation ne suffisent pas pour r\u00e9ussir.<br \/>\nLa motivation durera un temps puis se tarira.<br \/>\nCombien de gens, malgr\u00e9 leur \u00e9nergie et une motivation sans faille, voient leur projet s&rsquo;essouffler ?<br \/>\nTout cela \u00e0 cause d&rsquo;un \u00e9tat d&rsquo;esprit inadapt\u00e9.<br \/>\nDans ce livre, vous allez d\u00e9couvrir la mentalit\u00e9 du succ\u00e8s, afin de concr\u00e9tiser tous vos projets, et de vous propulser vers le succ\u00e8s.[\/et_pb_text][\/et_pb_column][\/et_pb_row][\/et_pb_section]<\/p>\n","protected":false},"excerpt":{"rendered":"<p>La Mentalit\u00e9 du succ\u00e8s par Sister Maguy.<\/p>\n<p>Ouvrage de 53 pages pour avoir le Mindset qui vous fera r\u00e9ussir.<\/p>\n","protected":false},"featured_media":7555,"comment_status":"open","ping_status":"closed","template":"","meta":{"_et_pb_use_builder":"on","_et_pb_old_content":"Avez-vous le mindset de la r\u00e9ussite, celui des gens qui r\u00e9ussissent tout ce qu'ils entreprennent ?\r\n\r\nCar malheureusement, il vous sera difficile de progresser si vous n'avez pas le bon \u00e9tat d'esprit.\r\nSi vous voulez changer positivement votre vie, atteindre le niveau de succ\u00e8s que vous recherchez sinc\u00e8rement, et conna\u00eetre la r\u00e9ussite cet ouvrage est fait pour vous.\r\nComme vous le savez d\u00e9j\u00e0 le succ\u00e8s ne tombe jamais \"tout cuit\", r\u00e9ussir exige efforts et pers\u00e9v\u00e9rance. Pour produire ces efforts de mani\u00e8re productive et r\u00e9p\u00e9t\u00e9e, vous aurez besoin\u00a0 d'un \u00e9tat d'esprit particulier. La motivation seule ne suffit pas. Car aussi grande soit votre motivation, seule elle s'\u00e9puisera.\r\nVous avez besoin du bon mindset !\r\n\r\nLe d\u00e9sir, la soif de changement et la motivation ne suffisent pas pour r\u00e9ussir.\r\nLa motivation durera un temps puis se tarira.\r\nCombien de gens, malgr\u00e9 leur \u00e9nergie et une motivation sans faille, voient leur projet s'essouffler ?\r\nTout cela \u00e0 cause d'un \u00e9tat d'esprit inadapt\u00e9.\r\nDans ce livre, vous allez d\u00e9couvrir la mentalit\u00e9 du succ\u00e8s, afin de concr\u00e9tiser tous vos projets, et de vous propulser vers le succ\u00e8s.","_et_gb_content_width":"","pmpro_default_level":0},"product_brand":[],"product_cat":[79],"product_tag":[],"class_list":{"0":"post-1187","1":"product","2":"type-product","3":"status-publish","4":"has-post-thumbnail","6":"product_cat-livre","7":"pmpro-has-access","9":"first","10":"instock","11":"sale","12":"product-type-external"},"_links":{"self":[{"href":"https:\/\/detybel.fr\/TransformYourLife\/wp-json\/wp\/v2\/product\/1187","targetHints":{"allow":["GET"]}}],"collection":[{"href":"https:\/\/detybel.fr\/TransformYourLife\/wp-json\/wp\/v2\/product"}],"about":[{"href":"https:\/\/detybel.fr\/TransformYourLife\/wp-json\/wp\/v2\/types\/product"}],"replies":[{"embeddable":true,"href":"https:\/\/detybel.fr\/TransformYourLife\/wp-json\/wp\/v2\/comments?post=1187"}],"wp:featuredmedia":[{"embeddable":true,"href":"https:\/\/detybel.fr\/TransformYourLife\/wp-json\/wp\/v2\/media\/7555"}],"wp:attachment":[{"href":"https:\/\/detybel.fr\/TransformYourLife\/wp-json\/wp\/v2\/media?parent=1187"}],"wp:term":[{"taxonomy":"product_brand","embeddable":true,"href":"https:\/\/detybel.fr\/TransformYourLife\/wp-json\/wp\/v2\/product_brand?post=1187"},{"taxonomy":"product_cat","embeddable":true,"href":"https:\/\/detybel.fr\/TransformYourLife\/wp-json\/wp\/v2\/product_cat?post=1187"},{"taxonomy":"product_tag","embeddable":true,"href":"https:\/\/detybel.fr\/TransformYourLife\/wp-json\/wp\/v2\/product_tag?post=1187"}],"curies":[{"name":"wp","href":"https:\/\/api.w.org\/{rel}","templated":true}]}}