{"id":6992,"date":"2022-03-11T21:54:16","date_gmt":"2022-03-11T20:54:16","guid":{"rendered":"https:\/\/sistercoachmaguy.com\/?page_id=6992"},"modified":"2022-03-13T19:09:26","modified_gmt":"2022-03-13T18:09:26","slug":"cgv-cgu","status":"publish","type":"page","link":"https:\/\/detybel.fr\/TransformYourLife\/cgv-cgu\/","title":{"rendered":"Condition gle Vente _ Refonte"},"content":{"rendered":"<p>[et_pb_section fb_built=\u00a0\u00bb1&Prime; custom_padding_last_edited=\u00a0\u00bboff|desktop\u00a0\u00bb admin_label=\u00a0\u00bbHeader\u00a0\u00bb _builder_version=\u00a0\u00bb4.14.7&Prime; background_enable_color=\u00a0\u00bboff\u00a0\u00bb use_background_color_gradient=\u00a0\u00bbon\u00a0\u00bb background_color_gradient_start=\u00a0\u00bbrgba(42,46,64,0)\u00a0\u00bb background_color_gradient_end=\u00a0\u00bb#f4e1ce\u00a0\u00bb background_color_gradient_type=\u00a0\u00bbradial\u00a0\u00bb background_color_gradient_end_position=\u00a0\u00bb88%\u00a0\u00bb background_color_gradient_overlays_image=\u00a0\u00bbon\u00a0\u00bb background_enable_image=\u00a0\u00bboff\u00a0\u00bb background_size=\u00a0\u00bbcontain\u00a0\u00bb background_position=\u00a0\u00bbcenter_left\u00a0\u00bb height=\u00a0\u00bb203px\u00a0\u00bb custom_margin_tablet=\u00a0\u00bb\u00a0\u00bb custom_margin_phone=\u00a0\u00bb\u00a0\u00bb custom_margin_last_edited=\u00a0\u00bbon|phone\u00a0\u00bb custom_padding=\u00a0\u00bb43px||0px|||\u00a0\u00bb custom_padding_tablet=\u00a0\u00bb0vw||\u00a0\u00bb custom_padding_phone=\u00a0\u00bb0vw||\u00a0\u00bb hover_enabled=\u00a0\u00bb0&Prime; background_last_edited=\u00a0\u00bbon|phone\u00a0\u00bb background_size_phone=\u00a0\u00bbcontain\u00a0\u00bb background_position_phone=\u00a0\u00bbtop_left\u00a0\u00bb global_colors_info=\u00a0\u00bb{}\u00a0\u00bb background_color_gradient_start_phone=\u00a0\u00bb#ffffff\u00a0\u00bb use_background_color_gradient_phone=\u00a0\u00bbon\u00a0\u00bb sticky_enabled=\u00a0\u00bb0&Prime;][et_pb_row custom_padding_last_edited=\u00a0\u00bboff|desktop\u00a0\u00bb _builder_version=\u00a0\u00bb4.14.7&Prime; width=\u00a0\u00bb100%\u00a0\u00bb max_width=\u00a0\u00bb80%\u00a0\u00bb module_alignment=\u00a0\u00bbcenter\u00a0\u00bb custom_margin=\u00a0\u00bb|0px||0px|false|true\u00a0\u00bb custom_padding=\u00a0\u00bb0px|0px|0px|0px|true|false\u00a0\u00bb custom_padding_tablet=\u00a0\u00bb||40px|0%\u00a0\u00bb hover_enabled=\u00a0\u00bb0&Prime; use_custom_width=\u00a0\u00bbon\u00a0\u00bb width_unit=\u00a0\u00bboff\u00a0\u00bb global_colors_info=\u00a0\u00bb{}\u00a0\u00bb sticky_enabled=\u00a0\u00bb0&Prime;][et_pb_column type=\u00a0\u00bb4_4&Prime; _builder_version=\u00a0\u00bb4.14.7&Prime; custom_padding=\u00a0\u00bb|||\u00a0\u00bb hover_enabled=\u00a0\u00bb0&Prime; global_colors_info=\u00a0\u00bb{}\u00a0\u00bb custom_padding__hover=\u00a0\u00bb|||\u00a0\u00bb sticky_enabled=\u00a0\u00bb0&Prime;][et_pb_text _builder_version=\u00a0\u00bb4.14.7&Prime; text_font=\u00a0\u00bbArial||||||||\u00a0\u00bb header_font=\u00a0\u00bbArial|300||on|||||\u00a0\u00bb header_text_align=\u00a0\u00bbright\u00a0\u00bb header_text_color=\u00a0\u00bbgcid-c6468fb3-0ffe-4a5c-afa6-4dc466ec932a\u00a0\u00bb header_font_size=\u00a0\u00bb50px\u00a0\u00bb header_letter_spacing=\u00a0\u00bb0.1em\u00a0\u00bb header_line_height=\u00a0\u00bb1.2em\u00a0\u00bb header_2_font=\u00a0\u00bb||||||||\u00a0\u00bb header_3_font=\u00a0\u00bbOswald|||on|||||\u00a0\u00bb header_3_font_size=\u00a0\u00bb12px\u00a0\u00bb header_3_letter_spacing=\u00a0\u00bb1.5em\u00a0\u00bb header_3_line_height=\u00a0\u00bb2.4em\u00a0\u00bb background_layout=\u00a0\u00bbdark\u00a0\u00bb max_width=\u00a0\u00bb100%\u00a0\u00bb module_alignment=\u00a0\u00bbcenter\u00a0\u00bb custom_margin=\u00a0\u00bb|0px|0px|0px|false|true\u00a0\u00bb custom_margin_tablet=\u00a0\u00bb|0px||0px|false|false\u00a0\u00bb custom_margin_phone=\u00a0\u00bb0px|0px|0px|0px|true|false\u00a0\u00bb custom_margin_last_edited=\u00a0\u00bbon|phone\u00a0\u00bb custom_padding=\u00a0\u00bb0px|0px|0px|0px|true|true\u00a0\u00bb custom_padding_tablet=\u00a0\u00bb0px|0px|0px|0px|true|true\u00a0\u00bb custom_padding_phone=\u00a0\u00bb0px|0px|0px|0px|false|false\u00a0\u00bb custom_padding_last_edited=\u00a0\u00bbon|phone\u00a0\u00bb animation_style=\u00a0\u00bbslide\u00a0\u00bb animation_direction=\u00a0\u00bbright\u00a0\u00bb animation_duration=\u00a0\u00bb2000ms\u00a0\u00bb animation_intensity_slide=\u00a0\u00bb2%\u00a0\u00bb hover_enabled=\u00a0\u00bb0&Prime; header_font_size_tablet=\u00a0\u00bb40px\u00a0\u00bb header_font_size_phone=\u00a0\u00bb22px\u00a0\u00bb header_font_size_last_edited=\u00a0\u00bbon|phone\u00a0\u00bb header_letter_spacing_tablet=\u00a0\u00bb10px\u00a0\u00bb header_letter_spacing_phone=\u00a0\u00bb7px\u00a0\u00bb header_letter_spacing_last_edited=\u00a0\u00bboff|desktop\u00a0\u00bb header_line_height_tablet=\u00a0\u00bb1.5em\u00a0\u00bb header_line_height_phone=\u00a0\u00bb1.5em\u00a0\u00bb header_line_height_last_edited=\u00a0\u00bbon|phone\u00a0\u00bb header_3_font_size_tablet=\u00a0\u00bb10px\u00a0\u00bb header_3_font_size_phone=\u00a0\u00bb10px\u00a0\u00bb header_3_font_size_last_edited=\u00a0\u00bbon|desktop\u00a0\u00bb header_3_letter_spacing_tablet=\u00a0\u00bb\u00a0\u00bb header_3_letter_spacing_phone=\u00a0\u00bb3px\u00a0\u00bb header_3_letter_spacing_last_edited=\u00a0\u00bbon|phone\u00a0\u00bb global_colors_info=\u00a0\u00bb{%22gcid-c6468fb3-0ffe-4a5c-afa6-4dc466ec932a%22:%91%22header_text_color%22%93}\u00a0\u00bb sticky_enabled=\u00a0\u00bb0&Prime; text_font_size_last_edited=\u00a0\u00bbon|phone\u00a0\u00bb]<\/p>\n<h1 style=\"text-align: center;\">Conditions g\u00e9n\u00e9rales de vente et d&rsquo;utilisation<\/h1>\n<p>[\/et_pb_text][\/et_pb_column][\/et_pb_row][\/et_pb_section][et_pb_section fb_built=\u00a0\u00bb1&Prime; _builder_version=\u00a0\u00bb4.14.7&Prime; _module_preset=\u00a0\u00bbdefault\u00a0\u00bb background_enable_color=\u00a0\u00bboff\u00a0\u00bb global_colors_info=\u00a0\u00bb{}\u00a0\u00bb][et_pb_row _builder_version=\u00a0\u00bb4.14.7&Prime; _module_preset=\u00a0\u00bbdefault\u00a0\u00bb global_colors_info=\u00a0\u00bb{}\u00a0\u00bb][et_pb_column type=\u00a0\u00bb4_4&Prime; _builder_version=\u00a0\u00bb4.14.7&Prime; _module_preset=\u00a0\u00bbdefault\u00a0\u00bb global_colors_info=\u00a0\u00bb{}\u00a0\u00bb][et_pb_text _builder_version=\u00a0\u00bb4.14.7&Prime; _module_preset=\u00a0\u00bbdefault\u00a0\u00bb text_orientation=\u00a0\u00bbjustified\u00a0\u00bb custom_margin=\u00a0\u00bb|50px||50px|false|true\u00a0\u00bb hover_enabled=\u00a0\u00bb0&Prime; global_colors_info=\u00a0\u00bb{}\u00a0\u00bb custom_margin_last_edited=\u00a0\u00bbon|phone\u00a0\u00bb custom_margin_phone=\u00a0\u00bb|0px||0px|false|true\u00a0\u00bb sticky_enabled=\u00a0\u00bb0&Prime; custom_margin_tablet=\u00a0\u00bb|50px||50px|false|true\u00a0\u00bb]<\/p>\n<h4 style=\"text-align: justify;\">CONDITIONS G\u00c9N\u00c9RALES DE VENTE ET D&rsquo;UTILISATION<\/h4>\n<h4 style=\"text-align: justify;\"><\/h4>\n<h4 style=\"text-align: justify;\">1. INTRODUCTION<\/h4>\n<h4>Le pr\u00e9sent document (et tout document mentionn\u00e9 ci-apr\u00e8s) \u00e9tablit les conditions g\u00e9n\u00e9rales d&rsquo;utilisation de ce site Internet (sistercoachmaguy.com) ainsi que les conditions g\u00e9n\u00e9rales d&rsquo;achat de produits par le biais de ce dernier (ci-apr\u00e8s les \u00ab Conditions \u00bb).<\/h4>\n<h4>Veuillez lire attentivement les pr\u00e9sentes Conditions, notre politique en mati\u00e8re de cookies et notre politique de confidentialit\u00e9 avant d&rsquo;utiliser ce site Internet. En utilisant ce site Internet ou en passant une commande sur ce dernier, vous acceptez d&rsquo;\u00eatre li\u00e9 par ces Conditions et par nos Politiques de Protection des Donn\u00e9es. Si vous n&rsquo;acceptez pas l\u2019ensemble des Conditions et des Politiques de Protection des Donn\u00e9es, veuillez ne pas utiliser ce site Internet.<\/h4>\n<h4>Les pr\u00e9sentes Conditions peuvent faire l&rsquo;objet de modifications. Il vous incombe de les consulter r\u00e9guli\u00e8rement, car les conditions applicables seront celles en vigueur au moment de l&rsquo;utilisation de ce site Internet ou de la conclusion du Contrat (tel que d\u00e9crit ci-dessous).<br \/>Pour toute question concernant les Conditions ou les Politiques de Protection des Donn\u00e9es, veuillez nous contacter en compl\u00e9tant le formulaire pr\u00e9vu \u00e0 cet effet.<\/h4>\n<h4>Le Contrat d\u2019achat conclu entre nous (ci-apr\u00e8s d\u00e9sign\u00e9, le \u00ab Contrat \u00bb) peut \u00eatre pass\u00e9, selon votre choix, dans n\u2019importe quelles langues dans lesquelles les Conditions sont disponibles sur ce site Internet.<\/h4>\n<h4><\/h4>\n<h4>2. NOS COORDONN\u00c9ES<\/h4>\n<h4>La vente de produits par le biais de ce site Internet est r\u00e9alis\u00e9e sous le nom de \u00ab sistercoachmaguy \u00bb dont le si\u00e8ge est \u00e0 Paris, FRANCE, inscrite au Registre du commerce et des soci\u00e9t\u00e9s de Paris sous le num\u00e9ro <span>52224961400010<\/span>, et sous le num\u00e9ro de TVA intracommunautaire suivant : FR <span>*******<\/span>, joignable \u00e0 l\u2019adresse \u00e9lectronique suivante : <a href=\"mailto:coachmaguytsopedor@gmail.com\">coachmaguytsopedor@gmail.com<\/a>, au num\u00e9ro de t\u00e9l\u00e9phone : +33 6 65 94 43 00 (Appel non surtax\u00e9, hors co\u00fbt \u00e9ventuel selon votre op\u00e9rateur).<\/h4>\n<h4><\/h4>\n<h4>3. VOS COORDONN\u00c9ES ET VOS VISITES SUR LE SITE INTERNET<\/h4>\n<h4>Les informations ou donn\u00e9es personnelles que vous nous communiquez seront trait\u00e9es en vertu des Politiques de Protection des Donn\u00e9es. En utilisant ce site Internet, vous donnez votre accord au traitement de ces informations et coordonn\u00e9es et vous d\u00e9clarez que l&rsquo;ensemble des informations ou coordonn\u00e9es fournies sont v\u00e9ridiques et exactes.<\/h4>\n<h4><\/h4>\n<h4>4. UTILISATION DE NOTRE SITE INTERNET<\/h4>\n<h4>En utilisant ce site Internet et en passant des commandes sur celui-ci, vous vous engagez \u00e0 :<\/h4>\n<h4>i. Utiliser ce site Internet uniquement afin d&rsquo;effectuer des consultations ou passer des commandes<br \/>juridiquement valables.<\/h4>\n<h4>ii. Ne pas passer de commandes fausses ou frauduleuses. Si nous avons des raisons de penser qu\u2019une telle commande a \u00e9t\u00e9 pass\u00e9e, nous serons autoris\u00e9s \u00e0 l&rsquo;annuler et \u00e0 en informer les autorit\u00e9s comp\u00e9tentes.<\/h4>\n<h4>iii. Nous fournir votre adresse \u00e9lectronique, votre adresse postale et\/ou autres coordonn\u00e9es v\u00e9ridiques et exactes. De m\u00eame, vous nous autorisez \u00e0 utiliser ces donn\u00e9es pour que nous puissions vous contacter dans le cadre de votre commande, le cas \u00e9ch\u00e9ant (voir notre politique de confidentialit\u00e9).<br \/>Vous ne pourrez pas passer de commande si vous ne nous communiquez pas toutes les donn\u00e9es requises. En passant une commande sur ce site Internet, vous affirmez que vous \u00eates \u00e2g\u00e9 de plus de 18 ans et que vous jouissez de la capacit\u00e9 juridique pour conclure des contrats.<\/h4>\n<h4><\/h4>\n<h4>5. DISPONIBILIT\u00c9 DES SERVICES<\/h4>\n<h4>Le service de livraison pour les produits propos\u00e9s sur ce site Internet est disponible en France m\u00e9tropolitaine uniquement. Si vous souhaitez commander des produits \u00e0 partir d\u2019un pays membre de l\u2019Union Europ\u00e9enne autre que la France via ce site Internet vous avez la possibilit\u00e9 de le faire ; cependant, les produits command\u00e9s peuvent \u00eatre uniquement livr\u00e9s dans \u00e0 une adresse situ\u00e9 en France m\u00e9tropolitaine.<\/h4>\n<h4><\/h4>\n<h4>6. VALIDATION DU CONTRAT<\/h4>\n<h4>Pour passer commande, vous devez suivre la proc\u00e9dure d\u2019achat en ligne et cliquer sur \u00ab Autoriser le paiement\u00bb. Vous recevrez ensuite un courriel confirmant la prise en compte de votre commande (ci-apr\u00e8s la \u00ab Confirmation de commande \u00bb). Vous serez inform\u00e9 par courriel \u00e9galement de l\u2019exp\u00e9dition de votre commande (ci-apr\u00e8s la \u00ab Confirmation d\u2019exp\u00e9dition \u00bb). Un ticket \u00e9lectronique mentionnant les d\u00e9tails de votre commande sera joint \u00e0 la Confirmation d\u2019exp\u00e9dition (ci-apr\u00e8s le \u00ab E-ticket \u00bb).<\/h4>\n<h4><\/h4>\n<h4>7. DISPONIBILIT\u00c9 DES PRODUITS<\/h4>\n<h4>Toutes les commandes de produits sont soumises \u00e0 la disponibilit\u00e9 de ces derniers. En ce sens, en cas de difficult\u00e9s d&rsquo;approvisionnement ou si les produits ne sont plus en stock, nous nous r\u00e9serverons le droit de vous informer sur la possibilit\u00e9 de commander des produits de remplacement d&rsquo;une qualit\u00e9 ou d&rsquo;une valeur identique ou sup\u00e9rieure. Si vous ne souhaitez pas commander ces produits de remplacement, nous vous rembourserons tout montant \u00e9ventuellement vers\u00e9.<\/h4>\n<h4><\/h4>\n<h4>8. REFUS DE TRAITER UNE COMMANDE<\/h4>\n<h4>Nous nous r\u00e9servons le droit de retirer \u00e0 tout moment tout produit de ce site Internet et de remplacer ou modifier tout contenu ou information figurant sur ce dernier. Bien que nous mettions toujours tout en \u0153uvre pour r\u00e9pondre au mieux \u00e0 toutes les commandes, des circonstances exceptionnelles peuvent surgir telles qu\u2019un probl\u00e8me li\u00e9 \u00e0 la fabrication ou au stock ou un incident de paiement, et nous obliger \u00e0 refuser de traiter une commande apr\u00e8s vous avoir adress\u00e9 la Confirmation de commande. Nous nous r\u00e9servons ce droit \u00e0 tout moment. Dans cette hypoth\u00e8se, si le paiement est d\u00e9j\u00e0 intervenu, nous vous rembourserons tous les montants vers\u00e9s, y compris les frais de livraison dans les plus brefs d\u00e9lais, selon le m\u00eame mode de paiement que celui que vous avez utilis\u00e9 lors de la transaction. Dans tous les cas, ce remboursement n&rsquo;entra\u00eenera aucun frais \u00e0 votre charge.Nous ne pourrons \u00eatre tenus pour responsable, envers vous ou tout autre tiers, du retrait d\u2019un produit de ce site internet, du retrait ou de la modification d\u2019un mat\u00e9riel ou contenu y figurant, ou du non-traitement d\u2019une commande dans les cas vis\u00e9s ci-dessus, apr\u00e8s envoi de la Confirmation d\u2019exp\u00e9dition.<\/h4>\n<h4><\/h4>\n<h4>9. LIVRAISON<\/h4>\n<h4 style=\"text-align: left;\">Sous r\u00e9serve des dispositions de la clause 7 susmentionn\u00e9e portant sur la disponibilit\u00e9 des produits, et sauf en cas de circonstances exceptionnelles, nous nous efforcerons de vous livrer le\/les produit\/s figurant sur la Confirmation d\u2019exp\u00e9dition avant le d\u00e9lai indiqu\u00e9 sur cette m\u00eame Confirmation d\u2019exp\u00e9dition ou, si aucune date n\u2019est indiqu\u00e9e, dans le d\u00e9lai indicatif donn\u00e9 lors du choix du mode de livraison, et, dans tous les cas, dans un d\u00e9lai maximum de 30 jours \u00e0 compter de la date de Confirmation de commande. Des retards peuvent n\u00e9anmoins se produire en cas de circonstances impr\u00e9vues ou pour des raisons li\u00e9es au lieu de livraison.<\/h4>\n<h4 style=\"text-align: left;\">Si nous ne sommes pas en mesure de vous livrer, nous pourrions annuler votre commande et de vous rembourser l&rsquo;int\u00e9gralit\u00e9 du montant que vous avez pay\u00e9. Veuillez tenir compte du fait qu&rsquo;aucune livraison \u00e0 domicile n&rsquo;est effectu\u00e9e le samedi, le dimanche ou les jours f\u00e9ri\u00e9s. Aux fins des pr\u00e9sentes Conditions, la \u00ab livraison \u00bb sera consid\u00e9r\u00e9e comme ayant \u00e9t\u00e9 effectu\u00e9e, ou la commande sera consid\u00e9r\u00e9e comme ayant \u00e9t\u00e9 \u00ab livr\u00e9e \u00bb, au moment o\u00f9 vous ou un tiers que vous aurez d\u00e9sign\u00e9 serez en possession mat\u00e9rielle des produits, laquelle se mat\u00e9rialisera par la signature de l&rsquo;accus\u00e9 de r\u00e9ception de la commande \u00e0 l&rsquo;adresse de livraison que vous nous aurez indiqu\u00e9e.<\/h4>\n<h4><\/h4>\n<h4>10. IMPOSSIBILIT\u00c9 DE LIVRAISON<\/h4>\n<h4>En cas d&rsquo;impossibilit\u00e9 de livrer votre commande, nous nous efforcerons de trouver un endroit s\u00fbr pour y d\u00e9poser votre colis. Si nous ne trouvons pas d&rsquo;endroit s\u00fbr, votre commande retournera \u00e0 notre entrep\u00f4t. Nous vous laisserons \u00e9galement un avis vous indiquant l\u2019endroit o\u00f9 se trouve votre commande et la marche \u00e0 suivre pour proc\u00e9der \u00e0 une nouvelle livraison. Si vous ne vous trouvez pas au lieu de livraison au moment convenu, veuillez nous contacter pour organiser la livraison \u00e0 une date ult\u00e9rieure. Si la commande n&rsquo;a toujours pas pu \u00eatre livr\u00e9e, pour des raisons qui ne nous sont pas imputables, apr\u00e8s un d\u00e9lai de 30 jours suivant la date \u00e0 laquelle votre commande \u00e9tait disponible en vue de sa livraison, nous consid\u00e9rerons que vous souhaitez mettre un terme au Contrat et celui-ci sera r\u00e9sili\u00e9. En cons\u00e9quence de la r\u00e9siliation du Contrat, nous vous rembourserons tous les montants vers\u00e9s, y compris les frais de livraison (\u00e0 l&rsquo;exception des frais suppl\u00e9mentaires li\u00e9s au choix d&rsquo;un mode de livraison autre que le mode de livraison ordinaire et le moins on\u00e9reux que nous vous proposons), dans les plus brefs d\u00e9lais et, dans tous les cas, dans un d\u00e9lai de 14 jours \u00e0 compter du moment o\u00f9 le Contrat sera consid\u00e9r\u00e9 comme \u00e9tant r\u00e9sili\u00e9. Veuillez tenir compte du fait que nous serons autoris\u00e9s \u00e0 vous facturer les \u00e9ventuels frais de transport suppl\u00e9mentaires inh\u00e9rents \u00e0 la r\u00e9siliation du Contrat.<\/h4>\n<p>&nbsp;<\/p>\n<h4><\/h4>\n<h4>11. PRIX ET PAIEMENT<\/h4>\n<h4>Le prix des produits sera celui indiqu\u00e9 \u00e0 tout moment sur notre site Internet, sauf en cas d&rsquo;erreur manifeste. Des erreurs peuvent se produire en d\u00e9pit de tous nos efforts afin de nous assurer que les prix indiqu\u00e9s sur le site Internet sont exacts. Si nous d\u00e9celons une erreur dans le prix du ou des produit(s) que vous avez command\u00e9(s), nous vous en informerons dans les plus brefs d\u00e9lais et vous proposerons soit de confirmer votre commande au prix correct, soit d&rsquo;annuler cette commande. Si nous n&rsquo;arrivons pas \u00e0 vous contacter, la commande sera consid\u00e9r\u00e9e comme annul\u00e9e et nous vous rembourserons l&rsquo;int\u00e9gralit\u00e9 des montants pay\u00e9s.<br \/>Nous ne sommes pas tenus de vendre un produit \u00e0 un prix inf\u00e9rieur erron\u00e9 (et ce m\u00eame apr\u00e8s vous avoir envoy\u00e9 une Confirmation de commande), si l&rsquo;erreur est manifeste et sans ambigu\u00eft\u00e9 et si vous \u00eates raisonnablement en mesure de l&rsquo;identifier comme telle. Les prix affich\u00e9s sur notre site Internet comprennent la TVA mais excluent les frais de livraison, qui s&rsquo;ajouteront au montant total \u00e0 payer, tel qu&rsquo;\u00e9tabli dans notre guide d&rsquo;achat (voir la rubrique \u00ab Envoi \u00bb). Les prix peuvent \u00eatre modifi\u00e9s \u00e0 tout moment. Toutefois, aucune modification n&rsquo;aura d&rsquo;effet sur les<br \/>commandes vis-\u00e0-vis desquelles une Confirmation d\u2019exp\u00e9dition aura d\u00e9j\u00e0 \u00e9t\u00e9 envoy\u00e9e, \u00e0 l&rsquo;exception des cas d\u00e9crits ci-dessus. Apr\u00e8s avoir choisi tous les produits que vous souhaitez acheter, ceux-ci seront ajout\u00e9s \u00e0 votre panier. Nous proc\u00e9derons ensuite au traitement de votre commande et vous serez invit\u00e9 \u00e0 effectuer le paiement.<br \/>\u00c0 cette fin, vous devez suivre les diff\u00e9rentes \u00e9tapes du processus d&rsquo;achat en indiquant ou en v\u00e9rifiant les<br \/>informations requises \u00e0 chacune d&rsquo;entre elles. Au cours du processus d&rsquo;achat, vous avez toujours la possibilit\u00e9 de modifier les donn\u00e9es relatives \u00e0 votre commande avant de proc\u00e9der au paiement. Le processus d&rsquo;achat est expliqu\u00e9 en d\u00e9tail dans notre guide d&rsquo;achat.<br \/>En outre, si vous \u00eates enregistr\u00e9 en tant qu&rsquo;utilisateur dans notre syst\u00e8me, toutes les donn\u00e9es relatives aux commandes que vous avez pass\u00e9es chez nous sont disponibles dans la rubrique \u00ab Mon compte \u00bb. Vous pouvez effectuer le paiement \u00e0 l&rsquo;aide des moyens de paiement suivants : Carte Bancaire, Visa, Mastercard, American Express et Apple Pay ainsi que par le biais de PayPal.<br \/>Les donn\u00e9es de votre carte seront crypt\u00e9es afin de r\u00e9duire tout risque d&rsquo;acc\u00e8s non autoris\u00e9. Une fois votre commande pass\u00e9e, nous formulerons une demande de pr\u00e9-autorisation de pr\u00e9l\u00e8vement par carte bancaire afin de nous assurer que vous disposez de fonds suffisants pour effectuer la transaction. Le montant correspondant sera pr\u00e9lev\u00e9 sur votre carte au moment o\u00f9 les produits faisant l&rsquo;objet de votre commande quitteront notre entrep\u00f4t, pour lesquelles les montants seront pr\u00e9lev\u00e9s lors de l\u2019utilisation de votre carte dans ces magasins. Si vous effectuez le paiement par le biais de Paypal, le pr\u00e9l\u00e8vement sera effectu\u00e9 au moment o\u00f9 nous confirmerons la commande.<br \/>En cliquant sur \u00abAutoriser le paiement \u00bb, vous confirmez que la carte de cr\u00e9dit vous appartient. Les cartes de cr\u00e9dit sont soumises \u00e0 des contr\u00f4les de validit\u00e9 et \u00e0 une autorisation de la part de l&rsquo;organisme \u00e9metteur de ces cartes. Si nous ne recevons pas l&rsquo;autorisation de paiement requise, nous ne serons pas tenus responsables du retard ou du d\u00e9faut de livraison des produits et nous ne serons pas en mesure de passer un Contrat avec vous.<br \/>Une facture sous format \u00e9lectronique sera mise \u00e0 votre disposition sur notre site Internet dans la rubrique \u00ab Mon compte \u00bb, ce que vous acceptez. Veuillez noter que l\u2019option \u201cchangement de taille ou couleur\u201d sera seulement disponible si l\u2019un des moyens de paiement suivants a \u00e9t\u00e9 utilis\u00e9 : American Express, Mastercard, Visa et Apple pay.<\/h4>\n<p>&nbsp;<\/p>\n<h4><\/h4>\n<h4>12. ACHAT DE PRODUITS EN QUALIT\u00c9 D&rsquo;INVIT\u00c9<\/h4>\n<h4>Le site vous offre \u00e9galement la possibilit\u00e9 d&rsquo;acheter des produits en qualit\u00e9 d&rsquo;invit\u00e9. En vertu de cette<br \/>modalit\u00e9 d&rsquo;achat, vous ne devez fournir que les donn\u00e9es n\u00e9cessaires au traitement de votre commande.<br \/>Au terme du processus d&rsquo;achat, vous \u00eates invit\u00e9 \u00e0 vous enregistrer comme utilisateur ou \u00e0 continuer en<br \/>qualit\u00e9 d&rsquo;utilisateur non enregistr\u00e9.<br \/>Une facture sous format \u00e9lectronique sera disponible en cliquant sur le document PDF figurant dans le<br \/>courriel de confirmation de votre commande.<\/h4>\n<p>[\/et_pb_text][\/et_pb_column][\/et_pb_row][\/et_pb_section]<\/p>\n","protected":false},"excerpt":{"rendered":"<p>Conditions g\u00e9n\u00e9rales de vente et d&rsquo;utilisationCONDITIONS G\u00c9N\u00c9RALES DE VENTE ET D&rsquo;UTILISATION 1. INTRODUCTION Le pr\u00e9sent document (et tout document mentionn\u00e9 ci-apr\u00e8s) \u00e9tablit les conditions g\u00e9n\u00e9rales d&rsquo;utilisation de ce site Internet (sistercoachmaguy.com) ainsi que les conditions g\u00e9n\u00e9rales d&rsquo;achat de produits par le biais de ce dernier (ci-apr\u00e8s les \u00ab Conditions \u00bb). Veuillez lire attentivement les pr\u00e9sentes [&hellip;]<\/p>\n","protected":false},"author":1,"featured_media":0,"parent":0,"menu_order":0,"comment_status":"closed","ping_status":"closed","template":"","meta":{"_et_pb_use_builder":"on","_et_pb_old_content":"","_et_gb_content_width":"","pmpro_default_level":0,"footnotes":""},"class_list":["post-6992","page","type-page","status-publish","hentry","pmpro-has-access"],"_links":{"self":[{"href":"https:\/\/detybel.fr\/TransformYourLife\/wp-json\/wp\/v2\/pages\/6992","targetHints":{"allow":["GET"]}}],"collection":[{"href":"https:\/\/detybel.fr\/TransformYourLife\/wp-json\/wp\/v2\/pages"}],"about":[{"href":"https:\/\/detybel.fr\/TransformYourLife\/wp-json\/wp\/v2\/types\/page"}],"author":[{"embeddable":true,"href":"https:\/\/detybel.fr\/TransformYourLife\/wp-json\/wp\/v2\/users\/1"}],"replies":[{"embeddable":true,"href":"https:\/\/detybel.fr\/TransformYourLife\/wp-json\/wp\/v2\/comments?post=6992"}],"version-history":[{"count":0,"href":"https:\/\/detybel.fr\/TransformYourLife\/wp-json\/wp\/v2\/pages\/6992\/revisions"}],"wp:attachment":[{"href":"https:\/\/detybel.fr\/TransformYourLife\/wp-json\/wp\/v2\/media?parent=6992"}],"curies":[{"name":"wp","href":"https:\/\/api.w.org\/{rel}","templated":true}]}}