{"id":6985,"date":"2022-03-11T22:40:20","date_gmt":"2022-03-11T21:40:20","guid":{"rendered":"https:\/\/sistercoachmaguy.com\/?page_id=6985"},"modified":"2022-03-13T19:23:29","modified_gmt":"2022-03-13T18:23:29","slug":"politique-confidentialite","status":"publish","type":"page","link":"https:\/\/detybel.fr\/TransformYourLife\/politique-confidentialite\/","title":{"rendered":"Politique de confidentialit\u00e9"},"content":{"rendered":"<p>[et_pb_section fb_built=\u00a0\u00bb1&Prime; custom_padding_last_edited=\u00a0\u00bboff|desktop\u00a0\u00bb admin_label=\u00a0\u00bbHeader\u00a0\u00bb _builder_version=\u00a0\u00bb4.14.7&Prime; background_enable_color=\u00a0\u00bboff\u00a0\u00bb use_background_color_gradient=\u00a0\u00bbon\u00a0\u00bb background_color_gradient_start=\u00a0\u00bbrgba(42,46,64,0)\u00a0\u00bb background_color_gradient_end=\u00a0\u00bb#f4e1ce\u00a0\u00bb background_color_gradient_type=\u00a0\u00bbradial\u00a0\u00bb background_color_gradient_end_position=\u00a0\u00bb88%\u00a0\u00bb background_color_gradient_overlays_image=\u00a0\u00bbon\u00a0\u00bb background_enable_image=\u00a0\u00bboff\u00a0\u00bb background_size=\u00a0\u00bbcontain\u00a0\u00bb background_position=\u00a0\u00bbcenter_left\u00a0\u00bb height=\u00a0\u00bb203px\u00a0\u00bb custom_margin_tablet=\u00a0\u00bb\u00a0\u00bb custom_margin_phone=\u00a0\u00bb\u00a0\u00bb custom_margin_last_edited=\u00a0\u00bbon|phone\u00a0\u00bb custom_padding=\u00a0\u00bb65px||0px|||\u00a0\u00bb custom_padding_tablet=\u00a0\u00bb0vw||\u00a0\u00bb custom_padding_phone=\u00a0\u00bb0vw||\u00a0\u00bb hover_enabled=\u00a0\u00bb0&Prime; background_last_edited=\u00a0\u00bbon|phone\u00a0\u00bb background_size_phone=\u00a0\u00bbcontain\u00a0\u00bb background_position_phone=\u00a0\u00bbtop_left\u00a0\u00bb global_colors_info=\u00a0\u00bb{}\u00a0\u00bb background_color_gradient_start_phone=\u00a0\u00bb#ffffff\u00a0\u00bb use_background_color_gradient_phone=\u00a0\u00bbon\u00a0\u00bb sticky_enabled=\u00a0\u00bb0&Prime;][et_pb_row custom_padding_last_edited=\u00a0\u00bboff|desktop\u00a0\u00bb _builder_version=\u00a0\u00bb4.14.7&Prime; width=\u00a0\u00bb100%\u00a0\u00bb max_width=\u00a0\u00bb80%\u00a0\u00bb module_alignment=\u00a0\u00bbcenter\u00a0\u00bb custom_margin=\u00a0\u00bb|0px||0px|false|true\u00a0\u00bb custom_padding=\u00a0\u00bb0px|0px|0px|0px|true|false\u00a0\u00bb custom_padding_tablet=\u00a0\u00bb||40px|0%\u00a0\u00bb hover_enabled=\u00a0\u00bb0&Prime; use_custom_width=\u00a0\u00bbon\u00a0\u00bb width_unit=\u00a0\u00bboff\u00a0\u00bb global_colors_info=\u00a0\u00bb{}\u00a0\u00bb sticky_enabled=\u00a0\u00bb0&Prime;][et_pb_column type=\u00a0\u00bb4_4&Prime; _builder_version=\u00a0\u00bb3.25&Prime; custom_padding=\u00a0\u00bb|||\u00a0\u00bb global_colors_info=\u00a0\u00bb{}\u00a0\u00bb custom_padding__hover=\u00a0\u00bb|||\u00a0\u00bb][et_pb_text _builder_version=\u00a0\u00bb4.14.7&Prime; text_font=\u00a0\u00bbArial||||||||\u00a0\u00bb header_font=\u00a0\u00bbArial|300||on|||||\u00a0\u00bb header_text_align=\u00a0\u00bbright\u00a0\u00bb header_text_color=\u00a0\u00bbgcid-c6468fb3-0ffe-4a5c-afa6-4dc466ec932a\u00a0\u00bb header_font_size=\u00a0\u00bb50px\u00a0\u00bb header_letter_spacing=\u00a0\u00bb0.1em\u00a0\u00bb header_line_height=\u00a0\u00bb1.2em\u00a0\u00bb header_2_font=\u00a0\u00bb||||||||\u00a0\u00bb header_3_font=\u00a0\u00bbOswald|||on|||||\u00a0\u00bb header_3_font_size=\u00a0\u00bb12px\u00a0\u00bb header_3_letter_spacing=\u00a0\u00bb1.5em\u00a0\u00bb header_3_line_height=\u00a0\u00bb2.4em\u00a0\u00bb background_layout=\u00a0\u00bbdark\u00a0\u00bb max_width=\u00a0\u00bb100%\u00a0\u00bb module_alignment=\u00a0\u00bbcenter\u00a0\u00bb custom_margin=\u00a0\u00bb2px|0px|0px|0px|false|true\u00a0\u00bb custom_margin_tablet=\u00a0\u00bb|0px||0px|false|false\u00a0\u00bb custom_margin_phone=\u00a0\u00bb0px|0px|0px|0px|true|false\u00a0\u00bb custom_margin_last_edited=\u00a0\u00bbon|phone\u00a0\u00bb custom_padding=\u00a0\u00bb0px|0px|0px|0px|true|true\u00a0\u00bb custom_padding_tablet=\u00a0\u00bb0px|0px|0px|0px|true|true\u00a0\u00bb custom_padding_phone=\u00a0\u00bb0px|0px|0px|0px|false|false\u00a0\u00bb custom_padding_last_edited=\u00a0\u00bbon|phone\u00a0\u00bb animation_style=\u00a0\u00bbslide\u00a0\u00bb animation_direction=\u00a0\u00bbright\u00a0\u00bb animation_duration=\u00a0\u00bb2000ms\u00a0\u00bb animation_intensity_slide=\u00a0\u00bb2%\u00a0\u00bb hover_enabled=\u00a0\u00bb0&Prime; header_font_size_tablet=\u00a0\u00bb40px\u00a0\u00bb header_font_size_phone=\u00a0\u00bb23px\u00a0\u00bb header_font_size_last_edited=\u00a0\u00bbon|phone\u00a0\u00bb header_letter_spacing_tablet=\u00a0\u00bb10px\u00a0\u00bb header_letter_spacing_phone=\u00a0\u00bb7px\u00a0\u00bb header_letter_spacing_last_edited=\u00a0\u00bboff|desktop\u00a0\u00bb header_line_height_tablet=\u00a0\u00bb1.5em\u00a0\u00bb header_line_height_phone=\u00a0\u00bb1.5em\u00a0\u00bb header_line_height_last_edited=\u00a0\u00bbon|phone\u00a0\u00bb header_3_font_size_tablet=\u00a0\u00bb10px\u00a0\u00bb header_3_font_size_phone=\u00a0\u00bb10px\u00a0\u00bb header_3_font_size_last_edited=\u00a0\u00bbon|desktop\u00a0\u00bb header_3_letter_spacing_tablet=\u00a0\u00bb\u00a0\u00bb header_3_letter_spacing_phone=\u00a0\u00bb3px\u00a0\u00bb header_3_letter_spacing_last_edited=\u00a0\u00bbon|phone\u00a0\u00bb global_colors_info=\u00a0\u00bb{%22gcid-c6468fb3-0ffe-4a5c-afa6-4dc466ec932a%22:%91%22header_text_color%22%93}\u00a0\u00bb sticky_enabled=\u00a0\u00bb0&Prime;]<\/p>\n<h1 style=\"text-align: center;\">Politique de confidentialit\u00e9<\/h1>\n<p>[\/et_pb_text][\/et_pb_column][\/et_pb_row][\/et_pb_section][et_pb_section fb_built=\u00a0\u00bb1&Prime; _builder_version=\u00a0\u00bb4.14.7&Prime; _module_preset=\u00a0\u00bbdefault\u00a0\u00bb background_enable_color=\u00a0\u00bboff\u00a0\u00bb global_colors_info=\u00a0\u00bb{}\u00a0\u00bb][et_pb_row _builder_version=\u00a0\u00bb4.14.7&Prime; _module_preset=\u00a0\u00bbdefault\u00a0\u00bb global_colors_info=\u00a0\u00bb{}\u00a0\u00bb][et_pb_column type=\u00a0\u00bb4_4&Prime; _builder_version=\u00a0\u00bb4.14.7&Prime; _module_preset=\u00a0\u00bbdefault\u00a0\u00bb global_colors_info=\u00a0\u00bb{}\u00a0\u00bb][et_pb_text _builder_version=\u00a0\u00bb4.14.7&Prime; _module_preset=\u00a0\u00bbdefault\u00a0\u00bb text_orientation=\u00a0\u00bbjustified\u00a0\u00bb custom_margin=\u00a0\u00bb|50px||50px|false|true\u00a0\u00bb hover_enabled=\u00a0\u00bb0&Prime; global_colors_info=\u00a0\u00bb{}\u00a0\u00bb custom_margin_last_edited=\u00a0\u00bbon|phone\u00a0\u00bb custom_margin_phone=\u00a0\u00bb|0px||0px|false|true\u00a0\u00bb sticky_enabled=\u00a0\u00bb0&Prime; custom_margin_tablet=\u00a0\u00bb|50px||50px|false|true\u00a0\u00bb]<\/p>\n<h4><strong>QUI SOMMES-NOUS\u00a0?<\/strong><\/h4>\n<p>&nbsp;<\/p>\n<p>Sistercoachmaguy.com est une marque commerciale utilis\u00e9e par <strong>\u00a0Coach Maguy<\/strong><\/p>\n<h4><\/h4>\n<p><strong>UTILISATION DES DONN\u00c9ES PERSONNELLES COLLECT\u00c9ES<\/strong><\/p>\n<p>Lorsque vous effectuez un achat sur notre boutique, dans le cadre de notre processus d\u2019achat et de vente, nous recueillons les renseignements personnels que vous nous fournissez, tels que votre nom, votre adresse physique, votre adresse e-mail et votre num\u00e9ro de t\u00e9l\u00e9phone.<\/p>\n<p>Lorsque vous naviguez sur notre boutique, nous recevons \u00e9galement automatiquement l\u2019adresse de protocole Internet (adresse IP) de votre ordinateur, qui nous permet d\u2019obtenir plus de d\u00e9tails au sujet du navigateur et du syst\u00e8me d\u2019exploitation que vous utilisez.<\/p>\n<p>Marketing par e-mail (le cas \u00e9ch\u00e9ant) : Avec votre permission, nous pourrions vous envoyer des e-mails au sujet de notre boutique, de nouveaux produits et d\u2019autres mises \u00e0 jour.<\/p>\n<p>&nbsp;<\/p>\n<p>Lorsque vous nous fournissez vos renseignements personnels pour conclure une transaction, v\u00e9rifier votre carte de cr\u00e9dit, passer une commande, planifier une livraison ou retourner un achat, nous pr\u00e9sumons que vous consentez \u00e0 ce que nous recueillions vos renseignements et \u00e0 ce que nous les utilisions \u00e0 cette fin uniquement.<\/p>\n<p>Si nous vous demandons de nous fournir vos renseignements personnels pour une autre raison, \u00e0 des fins de marketing par exemple, nous vous demanderons directement votre consentement explicite, ou nous vous donnerons la possibilit\u00e9 de refuser.<\/p>\n<p>&nbsp;<\/p>\n<h5><strong>DUR\u00c9ES DE STOCKAGE DE VOS DONN\u00c9ES<\/strong><\/h5>\n<p>Si vous faites un achat ou laissez un commentaire, ces m\u00e9tadonn\u00e9es sont conserv\u00e9s ind\u00e9finiment. Cela permet de reconna\u00eetre et approuver automatiquement les commentaires et autres donn\u00e9es suivants au lieu de les laisser dans la file de mod\u00e9ration.<\/p>\n<p>Pour les utilisateurs et utilisatrices qui s\u2019enregistrent sur notre site (si cela est possible), nous stockons \u00e9galement les donn\u00e9es personnelles indiqu\u00e9es dans leur profil. Tous les utilisateurs et utilisatrices peuvent voir, modifier ou supprimer leurs informations personnelles \u00e0 tout moment (\u00e0 l\u2019exception de leur nom d\u2019utilisateur\u00b7ice). Les gestionnaires du site peuvent aussi voir et modifier ces informations.<\/p>\n<p>&nbsp;<\/p>\n<h5><strong>TRANSMISSION DE VOS DONN\u00c9ES PERSONNELLES<\/strong><\/h5>\n<p>Nous pouvons divulguer vos renseignements personnels si la loi nous oblige \u00e0 le faire.<\/p>\n<p>&nbsp;<\/p>\n<h5><strong>LES DROITS QUE VOUS AVEZ SUR VOS DONN\u00c9ES<\/strong><\/h5>\n<p>Si vous avez un compte ou si vous avez laiss\u00e9 des commentaires sur le site, vous pouvez demander \u00e0 recevoir un fichier contenant toutes les donn\u00e9es personnelles que nous poss\u00e9dons \u00e0 votre sujet, incluant celles que vous nous avez fournies. Vous pouvez \u00e9galement demander la suppression des donn\u00e9es personnelles vous concernant. Cela ne prend pas en compte les donn\u00e9es stock\u00e9es \u00e0 des fins administratives, l\u00e9gales ou pour des raisons de s\u00e9curit\u00e9.<\/p>\n<p>Si apr\u00e8s nous avoir donn\u00e9 votre consentement, vous changez d\u2019avis et ne consentez plus \u00e0 ce que nous puissions vous contacter, recueillir vos renseignements ou les divulguer, vous pouvez nous en aviser en nous contactant.<\/p>\n<p>&nbsp;<\/p>\n<h5><strong>Commentaires<\/strong><\/h5>\n<p>Quand vous laissez un commentaire sur notre site web, les donn\u00e9es inscrites dans le formulaire de commentaire, mais aussi votre adresse IP et l\u2019agent utilisateur de votre navigateur sont collect\u00e9s pour nous aider \u00e0 la d\u00e9tection des commentaires ind\u00e9sirables.<\/p>\n<p>Une cha\u00eene anonymis\u00e9e cr\u00e9\u00e9e \u00e0 partir de votre adresse de messagerie (\u00e9galement appel\u00e9e hash) peut \u00eatre envoy\u00e9e au service Gravatar pour v\u00e9rifier si vous utilisez ce dernier. Les clauses de confidentialit\u00e9 du service Gravatar sont disponibles ici\u00a0: https:\/\/automattic.com\/privacy\/. Apr\u00e8s validation de votre commentaire, votre photo de profil sera visible publiquement \u00e0 cot\u00e9 de votre commentaire.<\/p>\n<p>&nbsp;<\/p>\n<h5><strong>M\u00e9dias<\/strong><\/h5>\n<p>Si vous \u00eates un utilisateur ou une utilisatrice enregistr\u00e9\u00b7e et que vous t\u00e9l\u00e9versez des images sur le site web, nous vous conseillons d\u2019\u00e9viter de t\u00e9l\u00e9verser des images contenant des donn\u00e9es EXIF de coordonn\u00e9es GPS. Les visiteurs de votre site web peuvent t\u00e9l\u00e9charger et extraire des donn\u00e9es de localisation depuis ces images.<\/p>\n<h5><strong>Cookies<\/strong><\/h5>\n<p>Si vous d\u00e9posez un commentaire sur notre site, il vous sera propos\u00e9 d\u2019enregistrer votre nom, adresse de messagerie et site web dans des cookies. C\u2019est uniquement pour votre confort afin de ne pas avoir \u00e0 saisir ces informations si vous d\u00e9posez un autre commentaire plus tard. Ces cookies expirent au bout d\u2019un an.<\/p>\n<p>Si vous avez un compte et que vous vous connectez sur ce site, un cookie temporaire sera cr\u00e9\u00e9 afin de d\u00e9terminer si votre navigateur accepte les cookies. Il ne contient pas de donn\u00e9es personnelles et sera supprim\u00e9 automatiquement \u00e0 la fermeture de votre navigateur.<\/p>\n<p>Lorsque vous vous connecterez, nous mettrons en place un certain nombre de cookies pour enregistrer vos informations de connexion et vos pr\u00e9f\u00e9rences d\u2019\u00e9cran. La dur\u00e9e de vie d\u2019un cookie de connexion est de deux jours, celle d\u2019un cookie d\u2019option d\u2019\u00e9cran est d\u2019un an. Si vous cochez \u00ab\u00a0Se souvenir de moi\u00a0\u00bb, votre cookie de connexion sera conserv\u00e9 pendant deux semaines. Si vous vous d\u00e9connectez de votre compte, le cookie de connexion sera effac\u00e9.<\/p>\n<p>En modifiant ou en publiant une publication, un cookie suppl\u00e9mentaire sera enregistr\u00e9 dans votre navigateur. Ce cookie ne comprend aucune donn\u00e9e personnelle. Il indique simplement l\u2019ID de la publication que vous venez de modifier. Il expire au bout d\u2019un jour.<\/p>\n<h5><\/h5>\n<h5><strong>Contenu embarqu\u00e9 depuis d\u2019autres sites<\/strong><\/h5>\n<p>Les articles de ce site peuvent inclure des contenus int\u00e9gr\u00e9s (par exemple des vid\u00e9os, images, articles\u2026). Le contenu int\u00e9gr\u00e9 depuis d\u2019autres sites se comporte de la m\u00eame mani\u00e8re que si le visiteur se rendait sur cet autre site.<\/p>\n<p>Ces sites web pourraient collecter des donn\u00e9es sur vous, utiliser des cookies, embarquer des outils de suivis tiers, suivre vos interactions avec ces contenus embarqu\u00e9s si vous disposez d\u2019un compte connect\u00e9 sur leur site web.<\/p>\n<p>[\/et_pb_text][\/et_pb_column][\/et_pb_row][\/et_pb_section]<\/p>\n","protected":false},"excerpt":{"rendered":"<p>Politique de confidentialit\u00e9QUI SOMMES-NOUS\u00a0? &nbsp; Sistercoachmaguy.com est une marque commerciale utilis\u00e9e par \u00a0Coach Maguy UTILISATION DES DONN\u00c9ES PERSONNELLES COLLECT\u00c9ES Lorsque vous effectuez un achat sur notre boutique, dans le cadre de notre processus d\u2019achat et de vente, nous recueillons les renseignements personnels que vous nous fournissez, tels que votre nom, votre adresse physique, votre adresse [&hellip;]<\/p>\n","protected":false},"author":1,"featured_media":0,"parent":0,"menu_order":0,"comment_status":"closed","ping_status":"closed","template":"","meta":{"_et_pb_use_builder":"on","_et_pb_old_content":"","_et_gb_content_width":"","pmpro_default_level":0,"footnotes":""},"class_list":["post-6985","page","type-page","status-publish","hentry","pmpro-has-access"],"_links":{"self":[{"href":"https:\/\/detybel.fr\/TransformYourLife\/wp-json\/wp\/v2\/pages\/6985","targetHints":{"allow":["GET"]}}],"collection":[{"href":"https:\/\/detybel.fr\/TransformYourLife\/wp-json\/wp\/v2\/pages"}],"about":[{"href":"https:\/\/detybel.fr\/TransformYourLife\/wp-json\/wp\/v2\/types\/page"}],"author":[{"embeddable":true,"href":"https:\/\/detybel.fr\/TransformYourLife\/wp-json\/wp\/v2\/users\/1"}],"replies":[{"embeddable":true,"href":"https:\/\/detybel.fr\/TransformYourLife\/wp-json\/wp\/v2\/comments?post=6985"}],"version-history":[{"count":0,"href":"https:\/\/detybel.fr\/TransformYourLife\/wp-json\/wp\/v2\/pages\/6985\/revisions"}],"wp:attachment":[{"href":"https:\/\/detybel.fr\/TransformYourLife\/wp-json\/wp\/v2\/media?parent=6985"}],"curies":[{"name":"wp","href":"https:\/\/api.w.org\/{rel}","templated":true}]}}